{"id":11222,"date":"2025-02-07T17:50:50","date_gmt":"2025-02-07T17:50:50","guid":{"rendered":"https:\/\/edimeinter.com\/libreria\/?post_type=product&#038;p=11222"},"modified":"2025-03-03T17:08:12","modified_gmt":"2025-03-03T17:08:12","slug":"patologia-dual-1a-edicion","status":"publish","type":"product","link":"https:\/\/edimeinter.com\/libreria\/product\/patologia-dual-1a-edicion\/","title":{"rendered":"Patolog\u00eda Dual. 1\u00aa Edici\u00f3n"},"content":{"rendered":"\t\t<div data-elementor-type=\"wp-post\" data-elementor-id=\"11222\" class=\"elementor elementor-11222\">\n\t\t\t\t<div class=\"elementor-element elementor-element-2612b12 e-flex e-con-boxed e-con e-parent\" data-id=\"2612b12\" data-element_type=\"container\" data-e-type=\"container\">\n\t\t\t\t\t<div class=\"e-con-inner\">\n\t\t\n\t\t<div class=\"elementor-element elementor-element-498707ae elementor-widget elementor-widget-text-editor\" data-id=\"498707ae\" data-element_type=\"widget\" data-e-type=\"widget\" data-widget_type=\"text-editor.default\">\n\t\t\t\t<div class=\"elementor-widget-container\">\n\t\t\t\t\t\t\t\t\t<p>La concurrencia de los trastornos por uso de sustancias y otros trastornos mentales constituye un serio desaf\u00edo en la pr\u00e1ctica psiqui\u00e1trica, no solo por su frecuencia, sino tambi\u00e9n, por las dificultades que plantea para su diagn\u00f3stico y tratamiento. En la actualidad, este tema ha cobrado especial importancia y debate en el campo de la salud mental debido a que ha pasado de ser una eventualidad a convertirse en el patr\u00f3n caracter\u00edstico mayoritario de la demanda de atenci\u00f3n en los dispositivos de atenci\u00f3n para los problemas por uso de sustancias.<\/p>\t\t\t\t\t\t\t\t<\/div>\n\t\t\t\t<\/div>\n\t\t\t\t\t<\/div>\n\t\t\t\t<\/div>\n\t\t\t\t<\/div>\n\t\t","protected":false},"excerpt":{"rendered":"<p><strong>Autores:<\/strong>\u00a0Homero Indalecio Carrera Machado,Luis Isidoro Alfonzo Bello,Adelino Fernando Vale Ferreira<br \/>\n<strong>ISBN:<\/strong>\u00a09788411061476<br \/>\n<strong>Editorial:<\/strong>\u00a0Panamericana<br \/>\n<strong>Edici\u00f3n:<\/strong>\u00a05\u00aa<br \/>\n<strong>Especialidad<\/strong>: Psicolog\u00eda<br \/>\n<strong>P\u00e1ginas<\/strong>: 260<br \/>\n\u00a9 2023<\/p>\n","protected":false},"featured_media":11223,"comment_status":"open","ping_status":"open","template":"","meta":{"_joinchat":[]},"product_cat":[88],"product_tag":[70,89],"class_list":{"0":"post-11222","1":"product","2":"type-product","3":"status-publish","4":"has-post-thumbnail","6":"product_cat-psicologia","7":"product_tag-panamericana","8":"product_tag-psicologia","10":"first","11":"instock","12":"featured","13":"taxable","14":"shipping-taxable","15":"purchasable","16":"product-type-simple"},"_links":{"self":[{"href":"https:\/\/edimeinter.com\/libreria\/wp-json\/wp\/v2\/product\/11222","targetHints":{"allow":["GET"]}}],"collection":[{"href":"https:\/\/edimeinter.com\/libreria\/wp-json\/wp\/v2\/product"}],"about":[{"href":"https:\/\/edimeinter.com\/libreria\/wp-json\/wp\/v2\/types\/product"}],"replies":[{"embeddable":true,"href":"https:\/\/edimeinter.com\/libreria\/wp-json\/wp\/v2\/comments?post=11222"}],"version-history":[{"count":1,"href":"https:\/\/edimeinter.com\/libreria\/wp-json\/wp\/v2\/product\/11222\/revisions"}],"predecessor-version":[{"id":15100,"href":"https:\/\/edimeinter.com\/libreria\/wp-json\/wp\/v2\/product\/11222\/revisions\/15100"}],"wp:featuredmedia":[{"embeddable":true,"href":"https:\/\/edimeinter.com\/libreria\/wp-json\/wp\/v2\/media\/11223"}],"wp:attachment":[{"href":"https:\/\/edimeinter.com\/libreria\/wp-json\/wp\/v2\/media?parent=11222"}],"wp:term":[{"taxonomy":"product_cat","embeddable":true,"href":"https:\/\/edimeinter.com\/libreria\/wp-json\/wp\/v2\/product_cat?post=11222"},{"taxonomy":"product_tag","embeddable":true,"href":"https:\/\/edimeinter.com\/libreria\/wp-json\/wp\/v2\/product_tag?post=11222"}],"curies":[{"name":"wp","href":"https:\/\/api.w.org\/{rel}","templated":true}]}}