{"id":11234,"date":"2025-02-07T18:01:27","date_gmt":"2025-02-07T18:01:27","guid":{"rendered":"https:\/\/edimeinter.com\/libreria\/?post_type=product&#038;p=11234"},"modified":"2025-12-12T21:44:55","modified_gmt":"2025-12-12T21:44:55","slug":"guia-de-actuacion-en-urgencias-6a-edicion","status":"publish","type":"product","link":"https:\/\/edimeinter.com\/libreria\/product\/guia-de-actuacion-en-urgencias-6a-edicion\/","title":{"rendered":"Gu\u00eda de Actuaci\u00f3n en Urgencias. 6\u00aa Edici\u00f3n"},"content":{"rendered":"\t\t<div data-elementor-type=\"wp-post\" data-elementor-id=\"11234\" class=\"elementor elementor-11234\">\n\t\t\t\t<div class=\"elementor-element elementor-element-2612b12 e-flex e-con-boxed e-con e-parent\" data-id=\"2612b12\" data-element_type=\"container\" data-e-type=\"container\">\n\t\t\t\t\t<div class=\"e-con-inner\">\n\t\t\n\t\t<div class=\"elementor-element elementor-element-498707ae elementor-widget elementor-widget-text-editor\" data-id=\"498707ae\" data-element_type=\"widget\" data-e-type=\"widget\" data-widget_type=\"text-editor.default\">\n\t\t\t\t<div class=\"elementor-widget-container\">\n\t\t\t\t\t\t\t\t\t<p>La Medicina de Urgencias cobra cada d\u00eda m\u00e1s importancia en nuestra sociedad. La reciente pandemia SARS-CoV2 ha puesto de relieve el papel fundamental que los servicios de Urgencias y Emergencias desempe\u00f1an en la atenci\u00f3n a incidentes de m\u00faltiples v\u00edctimas y su labor como \u201cv\u00e1lvula de seguridad\u201d del sistema sanitario. La gesti\u00f3n y organizaci\u00f3n de la atenci\u00f3n prestada a los pacientes ha demostrado la enorme labor realizada y el valor \u00fanico de estos servicios, un trabajo permanente 24 horas al d\u00eda y 365 d\u00edas al a\u00f1o que precisa de un alto grado de competencia. Una realidad contrastada desde hace a\u00f1os, remarcada en el presente y que deber\u00eda ser consistente y homog\u00e9nea en el futuro.<\/p>\t\t\t\t\t\t\t\t<\/div>\n\t\t\t\t<\/div>\n\t\t\t\t\t<\/div>\n\t\t\t\t<\/div>\n\t\t\t\t<\/div>\n\t\t","protected":false},"excerpt":{"rendered":"<p><strong>Autores:<\/strong>\u00a0Manuel Jos\u00e9 V\u00e1zquez Lima,Jos\u00e9 Ram\u00f3n Casal Codesido<br \/>\n<strong>ISBN:<\/strong>\u00a09788411060905<br \/>\n<strong>Editorial:<\/strong>\u00a0Panamericana<br \/>\n<strong>Edici\u00f3n:<\/strong>\u00a06\u00aa<br \/>\n<strong>Especialidad<\/strong>: Medicina de Urgencias y Emergencias<br \/>\n<strong>P\u00e1ginas<\/strong>: 1172<br \/>\n\u00a9 2023<\/p>\n","protected":false},"featured_media":11235,"comment_status":"open","ping_status":"closed","template":"","meta":{"_joinchat":[]},"product_cat":[83],"product_tag":[84,70],"class_list":{"0":"post-11234","1":"product","2":"type-product","3":"status-publish","4":"has-post-thumbnail","6":"product_cat-medicina-de-urgencias-y-emergencias","7":"product_tag-medicina-de-urgencias-y-emergencias","8":"product_tag-panamericana","10":"first","11":"instock","12":"featured","13":"taxable","14":"shipping-taxable","15":"purchasable","16":"product-type-simple"},"_links":{"self":[{"href":"https:\/\/edimeinter.com\/libreria\/wp-json\/wp\/v2\/product\/11234","targetHints":{"allow":["GET"]}}],"collection":[{"href":"https:\/\/edimeinter.com\/libreria\/wp-json\/wp\/v2\/product"}],"about":[{"href":"https:\/\/edimeinter.com\/libreria\/wp-json\/wp\/v2\/types\/product"}],"replies":[{"embeddable":true,"href":"https:\/\/edimeinter.com\/libreria\/wp-json\/wp\/v2\/comments?post=11234"}],"version-history":[{"count":1,"href":"https:\/\/edimeinter.com\/libreria\/wp-json\/wp\/v2\/product\/11234\/revisions"}],"predecessor-version":[{"id":15102,"href":"https:\/\/edimeinter.com\/libreria\/wp-json\/wp\/v2\/product\/11234\/revisions\/15102"}],"wp:featuredmedia":[{"embeddable":true,"href":"https:\/\/edimeinter.com\/libreria\/wp-json\/wp\/v2\/media\/11235"}],"wp:attachment":[{"href":"https:\/\/edimeinter.com\/libreria\/wp-json\/wp\/v2\/media?parent=11234"}],"wp:term":[{"taxonomy":"product_cat","embeddable":true,"href":"https:\/\/edimeinter.com\/libreria\/wp-json\/wp\/v2\/product_cat?post=11234"},{"taxonomy":"product_tag","embeddable":true,"href":"https:\/\/edimeinter.com\/libreria\/wp-json\/wp\/v2\/product_tag?post=11234"}],"curies":[{"name":"wp","href":"https:\/\/api.w.org\/{rel}","templated":true}]}}