{"id":11240,"date":"2025-02-07T18:06:05","date_gmt":"2025-02-07T18:06:05","guid":{"rendered":"https:\/\/edimeinter.com\/libreria\/?post_type=product&#038;p=11240"},"modified":"2025-03-13T21:12:26","modified_gmt":"2025-03-13T21:12:26","slug":"tratado-de-enfermedades-reumaticas-2a-edicion","status":"publish","type":"product","link":"https:\/\/edimeinter.com\/libreria\/product\/tratado-de-enfermedades-reumaticas-2a-edicion\/","title":{"rendered":"Tratado de Enfermedades Reum\u00e1ticas. 2\u00aa Edici\u00f3n"},"content":{"rendered":"\t\t<div data-elementor-type=\"wp-post\" data-elementor-id=\"11240\" class=\"elementor elementor-11240\">\n\t\t\t\t<div class=\"elementor-element elementor-element-2612b12 e-flex e-con-boxed e-con e-parent\" data-id=\"2612b12\" data-element_type=\"container\" data-e-type=\"container\">\n\t\t\t\t\t<div class=\"e-con-inner\">\n\t\t\n\t\t<div class=\"elementor-element elementor-element-498707ae elementor-widget elementor-widget-text-editor\" data-id=\"498707ae\" data-element_type=\"widget\" data-e-type=\"widget\" data-widget_type=\"text-editor.default\">\n\t\t\t\t<div class=\"elementor-widget-container\">\n\t\t\t\t\t\t\t\t\t<p>Esta obra, dirigida por la Sociedad Espa\u00f1ola de Reumatolog\u00eda (SER), naci\u00f3 con la vocaci\u00f3n de ser un libro de referencia en el que se describen en profundidad los mecanismos fisiopatol\u00f3gicos, los aspectos cl\u00ednicos, los procedimientos diagn\u00f3sticos y el abordaje terap\u00e9utico de toda la patolog\u00eda reum\u00e1tica. En esta segunda edici\u00f3n se recogen los avances en todas las \u00e1reas de conocimiento de la Reumatolog\u00eda en los \u00faltimos a\u00f1os.<\/p>\t\t\t\t\t\t\t\t<\/div>\n\t\t\t\t<\/div>\n\t\t\t\t\t<\/div>\n\t\t\t\t<\/div>\n\t\t\t\t<\/div>\n\t\t","protected":false},"excerpt":{"rendered":"<p><strong>Autores:\u00a0<\/strong>SER Sociedad Espa\u00f1ola de Reumatolog\u00eda Alejandro Balsa Criado,Federico D\u00edaz G\u00f3nzalez<br \/>\n<strong>ISBN:<\/strong>\u00a09788411060332<br \/>\n<strong>Editorial:<\/strong>\u00a0Panamericana<br \/>\n<strong>Edici\u00f3n:<\/strong>\u00a02\u00aa<br \/>\n<strong>Especialidad<\/strong>: Reumatolog\u00eda<br \/>\n<strong>P\u00e1ginas<\/strong>: 934<br \/>\n\u00a9 2023<\/p>\n","protected":false},"featured_media":11241,"comment_status":"open","ping_status":"open","template":"","meta":{"_joinchat":[]},"product_cat":[197],"product_tag":[70,198],"class_list":{"0":"post-11240","1":"product","2":"type-product","3":"status-publish","4":"has-post-thumbnail","6":"product_cat-reumatologia","7":"product_tag-panamericana","8":"product_tag-reumatologia","10":"first","11":"instock","12":"featured","13":"taxable","14":"shipping-taxable","15":"purchasable","16":"product-type-simple"},"_links":{"self":[{"href":"https:\/\/edimeinter.com\/libreria\/wp-json\/wp\/v2\/product\/11240","targetHints":{"allow":["GET"]}}],"collection":[{"href":"https:\/\/edimeinter.com\/libreria\/wp-json\/wp\/v2\/product"}],"about":[{"href":"https:\/\/edimeinter.com\/libreria\/wp-json\/wp\/v2\/types\/product"}],"replies":[{"embeddable":true,"href":"https:\/\/edimeinter.com\/libreria\/wp-json\/wp\/v2\/comments?post=11240"}],"version-history":[{"count":1,"href":"https:\/\/edimeinter.com\/libreria\/wp-json\/wp\/v2\/product\/11240\/revisions"}],"predecessor-version":[{"id":15103,"href":"https:\/\/edimeinter.com\/libreria\/wp-json\/wp\/v2\/product\/11240\/revisions\/15103"}],"wp:featuredmedia":[{"embeddable":true,"href":"https:\/\/edimeinter.com\/libreria\/wp-json\/wp\/v2\/media\/11241"}],"wp:attachment":[{"href":"https:\/\/edimeinter.com\/libreria\/wp-json\/wp\/v2\/media?parent=11240"}],"wp:term":[{"taxonomy":"product_cat","embeddable":true,"href":"https:\/\/edimeinter.com\/libreria\/wp-json\/wp\/v2\/product_cat?post=11240"},{"taxonomy":"product_tag","embeddable":true,"href":"https:\/\/edimeinter.com\/libreria\/wp-json\/wp\/v2\/product_tag?post=11240"}],"curies":[{"name":"wp","href":"https:\/\/api.w.org\/{rel}","templated":true}]}}