{"id":11246,"date":"2025-02-07T18:55:30","date_gmt":"2025-02-07T18:55:30","guid":{"rendered":"https:\/\/edimeinter.com\/libreria\/?post_type=product&#038;p=11246"},"modified":"2025-03-03T17:11:33","modified_gmt":"2025-03-03T17:11:33","slug":"manual-de-neurologia-para-terapia-ocupacional-1a-edicion","status":"publish","type":"product","link":"https:\/\/edimeinter.com\/libreria\/product\/manual-de-neurologia-para-terapia-ocupacional-1a-edicion\/","title":{"rendered":"Manual de Neurolog\u00eda para Terapia Ocupacional. 1\u00aa Edici\u00f3n"},"content":{"rendered":"\t\t<div data-elementor-type=\"wp-post\" data-elementor-id=\"11246\" class=\"elementor elementor-11246\">\n\t\t\t\t<div class=\"elementor-element elementor-element-2612b12 e-flex e-con-boxed e-con e-parent\" data-id=\"2612b12\" data-element_type=\"container\" data-e-type=\"container\">\n\t\t\t\t\t<div class=\"e-con-inner\">\n\t\t\n\t\t<div class=\"elementor-element elementor-element-498707ae elementor-widget elementor-widget-text-editor\" data-id=\"498707ae\" data-element_type=\"widget\" data-e-type=\"widget\" data-widget_type=\"text-editor.default\">\n\t\t\t\t<div class=\"elementor-widget-container\">\n\t\t\t\t\t\t\t\t\t<p>El objetivo del presente manual es presentar los conceptos b\u00e1sicos de la Neurolog\u00eda necesarios para un estudiante y un profesional de Terapia Ocupacional y de otras disciplinas afines como la Fisioterapia, sin necesidad de profundizar en exceso en otros aspectos que habitualmente se presentan en obras cl\u00e1sicas dirigidas a profesionales con formaci\u00f3n m\u00e9dica, como es el tratamiento farmacol\u00f3gico.<\/p>\t\t\t\t\t\t\t\t<\/div>\n\t\t\t\t<\/div>\n\t\t\t\t\t<\/div>\n\t\t\t\t<\/div>\n\t\t\t\t<\/div>\n\t\t","protected":false},"excerpt":{"rendered":"<p><strong>Autores:<\/strong>\u00a0Fernando V\u00e1zquez S\u00e1nchez,Beatriz Garc\u00eda L\u00f3pez<br \/>\n<strong>ISBN:<\/strong>\u00a09788411061070<br \/>\n<strong>Editorial:<\/strong>\u00a0Panamericana<br \/>\n<strong>Edici\u00f3n:<\/strong>\u00a01\u00aa<br \/>\n<strong>Especialidad<\/strong>: Terapia Ocupacional<br \/>\n<strong>P\u00e1ginas<\/strong>: 252<br \/>\n\u00a9 2023<\/p>\n","protected":false},"featured_media":11247,"comment_status":"open","ping_status":"open","template":"","meta":{"_joinchat":[]},"product_cat":[199],"product_tag":[70,200],"class_list":{"0":"post-11246","1":"product","2":"type-product","3":"status-publish","4":"has-post-thumbnail","6":"product_cat-terapia-ocupacional","7":"product_tag-panamericana","8":"product_tag-terapia-ocupacional","10":"first","11":"instock","12":"featured","13":"taxable","14":"shipping-taxable","15":"purchasable","16":"product-type-simple"},"_links":{"self":[{"href":"https:\/\/edimeinter.com\/libreria\/wp-json\/wp\/v2\/product\/11246","targetHints":{"allow":["GET"]}}],"collection":[{"href":"https:\/\/edimeinter.com\/libreria\/wp-json\/wp\/v2\/product"}],"about":[{"href":"https:\/\/edimeinter.com\/libreria\/wp-json\/wp\/v2\/types\/product"}],"replies":[{"embeddable":true,"href":"https:\/\/edimeinter.com\/libreria\/wp-json\/wp\/v2\/comments?post=11246"}],"version-history":[{"count":1,"href":"https:\/\/edimeinter.com\/libreria\/wp-json\/wp\/v2\/product\/11246\/revisions"}],"predecessor-version":[{"id":15104,"href":"https:\/\/edimeinter.com\/libreria\/wp-json\/wp\/v2\/product\/11246\/revisions\/15104"}],"wp:featuredmedia":[{"embeddable":true,"href":"https:\/\/edimeinter.com\/libreria\/wp-json\/wp\/v2\/media\/11247"}],"wp:attachment":[{"href":"https:\/\/edimeinter.com\/libreria\/wp-json\/wp\/v2\/media?parent=11246"}],"wp:term":[{"taxonomy":"product_cat","embeddable":true,"href":"https:\/\/edimeinter.com\/libreria\/wp-json\/wp\/v2\/product_cat?post=11246"},{"taxonomy":"product_tag","embeddable":true,"href":"https:\/\/edimeinter.com\/libreria\/wp-json\/wp\/v2\/product_tag?post=11246"}],"curies":[{"name":"wp","href":"https:\/\/api.w.org\/{rel}","templated":true}]}}