{"id":11252,"date":"2025-02-07T19:00:35","date_gmt":"2025-02-07T19:00:35","guid":{"rendered":"https:\/\/edimeinter.com\/libreria\/?post_type=product&#038;p=11252"},"modified":"2025-03-03T17:13:10","modified_gmt":"2025-03-03T17:13:10","slug":"cirugia-laparoscopica-1a","status":"publish","type":"product","link":"https:\/\/edimeinter.com\/libreria\/product\/cirugia-laparoscopica-1a\/","title":{"rendered":"Cirug\u00eda laparosc\u00f3pica. 1\u00aa Edici\u00f3n"},"content":{"rendered":"\t\t<div data-elementor-type=\"wp-post\" data-elementor-id=\"11252\" class=\"elementor elementor-11252\">\n\t\t\t\t<div class=\"elementor-element elementor-element-2612b12 e-flex e-con-boxed e-con e-parent\" data-id=\"2612b12\" data-element_type=\"container\" data-e-type=\"container\">\n\t\t\t\t\t<div class=\"e-con-inner\">\n\t\t\n\t\t<div class=\"elementor-element elementor-element-498707ae elementor-widget elementor-widget-text-editor\" data-id=\"498707ae\" data-element_type=\"widget\" data-e-type=\"widget\" data-widget_type=\"text-editor.default\">\n\t\t\t\t<div class=\"elementor-widget-container\">\n\t\t\t\t\t\t\t\t\t<p>El uso de la cirug\u00eda miniinvasiva ha crecido considerablemente en los \u00faltimos 30 a\u00f1os. En la actualidad, el abordaje laparosc\u00f3pico es factible, seguro y efectivo en la mayor\u00eda de los pacientes. Cirug\u00eda laparosc\u00f3pica. T\u00e9cnica quir\u00fargica en cirug\u00eda general es un libro que describe en detalle los aspectos t\u00e9cnicos de las cirug\u00edas m\u00e1s frecuentemente realizadas en el t\u00f3rax y el abdomen. Con el fin de crear un libro con los m\u00e1s elevados est\u00e1ndares de calidad, los directores de la obra han invitado a participar a reconocidos cirujanos de cada subespecialidad quir\u00fargica.<\/p>\t\t\t\t\t\t\t\t<\/div>\n\t\t\t\t<\/div>\n\t\t\t\t\t<\/div>\n\t\t\t\t<\/div>\n\t\t\t\t<\/div>\n\t\t","protected":false},"excerpt":{"rendered":"<p><strong>Autores:<\/strong>\u00a0Francisco Schlottmann,Emmanuel Ezequiel Sadava<br \/>\n<strong>ISBN:<\/strong>\u00a09789500697071<br \/>\n<strong>Editorial:<\/strong>\u00a0Panamericana<br \/>\n<strong>Edici\u00f3n:<\/strong>\u00a01\u00aa<br \/>\n<strong>Especialidad<\/strong>:\u00a0Cirug\u00eda<br \/>\n<strong>P\u00e1ginas<\/strong>: 384<br \/>\n\u00a9 2023<\/p>\n","protected":false},"featured_media":11253,"comment_status":"open","ping_status":"open","template":"","meta":{"_joinchat":[]},"product_cat":[175],"product_tag":[176,70],"class_list":{"0":"post-11252","1":"product","2":"type-product","3":"status-publish","4":"has-post-thumbnail","6":"product_cat-cirugia","7":"product_tag-cirugia","8":"product_tag-panamericana","10":"first","11":"instock","12":"featured","13":"taxable","14":"shipping-taxable","15":"purchasable","16":"product-type-simple"},"_links":{"self":[{"href":"https:\/\/edimeinter.com\/libreria\/wp-json\/wp\/v2\/product\/11252","targetHints":{"allow":["GET"]}}],"collection":[{"href":"https:\/\/edimeinter.com\/libreria\/wp-json\/wp\/v2\/product"}],"about":[{"href":"https:\/\/edimeinter.com\/libreria\/wp-json\/wp\/v2\/types\/product"}],"replies":[{"embeddable":true,"href":"https:\/\/edimeinter.com\/libreria\/wp-json\/wp\/v2\/comments?post=11252"}],"version-history":[{"count":2,"href":"https:\/\/edimeinter.com\/libreria\/wp-json\/wp\/v2\/product\/11252\/revisions"}],"predecessor-version":[{"id":15106,"href":"https:\/\/edimeinter.com\/libreria\/wp-json\/wp\/v2\/product\/11252\/revisions\/15106"}],"wp:featuredmedia":[{"embeddable":true,"href":"https:\/\/edimeinter.com\/libreria\/wp-json\/wp\/v2\/media\/11253"}],"wp:attachment":[{"href":"https:\/\/edimeinter.com\/libreria\/wp-json\/wp\/v2\/media?parent=11252"}],"wp:term":[{"taxonomy":"product_cat","embeddable":true,"href":"https:\/\/edimeinter.com\/libreria\/wp-json\/wp\/v2\/product_cat?post=11252"},{"taxonomy":"product_tag","embeddable":true,"href":"https:\/\/edimeinter.com\/libreria\/wp-json\/wp\/v2\/product_tag?post=11252"}],"curies":[{"name":"wp","href":"https:\/\/api.w.org\/{rel}","templated":true}]}}