{"id":11260,"date":"2025-02-07T19:04:54","date_gmt":"2025-02-07T19:04:54","guid":{"rendered":"https:\/\/edimeinter.com\/libreria\/?post_type=product&#038;p=11260"},"modified":"2025-03-03T17:15:25","modified_gmt":"2025-03-03T17:15:25","slug":"psicologia-del-deporte-1a-edicion","status":"publish","type":"product","link":"https:\/\/edimeinter.com\/libreria\/product\/psicologia-del-deporte-1a-edicion\/","title":{"rendered":"Psicolog\u00eda del Deporte. 1\u00aa Edici\u00f3n"},"content":{"rendered":"\t\t<div data-elementor-type=\"wp-post\" data-elementor-id=\"11260\" class=\"elementor elementor-11260\">\n\t\t\t\t<div class=\"elementor-element elementor-element-2612b12 e-flex e-con-boxed e-con e-parent\" data-id=\"2612b12\" data-element_type=\"container\" data-e-type=\"container\">\n\t\t\t\t\t<div class=\"e-con-inner\">\n\t\t\n\t\t<div class=\"elementor-element elementor-element-498707ae elementor-widget elementor-widget-text-editor\" data-id=\"498707ae\" data-element_type=\"widget\" data-e-type=\"widget\" data-widget_type=\"text-editor.default\">\n\t\t\t\t<div class=\"elementor-widget-container\">\n\t\t\t\t\t\t\t\t\t<p>Los aspectos psicol\u00f3gicos en la pr\u00e1ctica deportiva son factores clave para alcanzar un estado \u00f3ptimo de salud y conseguir el m\u00e1ximo rendimiento deportivo. La labor del psic\u00f3logo es de vital importancia para la consecuci\u00f3n del \u00e9xito deportivo, independientemente de la disciplina que se practique.<\/p>\t\t\t\t\t\t\t\t<\/div>\n\t\t\t\t<\/div>\n\t\t\t\t\t<\/div>\n\t\t\t\t<\/div>\n\t\t\t\t<\/div>\n\t\t","protected":false},"excerpt":{"rendered":"<p><strong>Autores:<\/strong>\u00a0Miquel Salom Martorell,Antonio Nu\u00f1ez Prats,Federico Leguizamo Barroso<br \/>\n<strong>ISBN:<\/strong>\u00a09788411060240<br \/>\n<strong>Editorial:<\/strong>\u00a0Panamericana<br \/>\n<strong>Edici\u00f3n:<\/strong>\u00a01\u00aa<br \/>\n<strong>Especialidad<\/strong>: Medicina del Deporte<br \/>\n<strong>P\u00e1ginas<\/strong>: 280<br \/>\n\u00a9 2023<\/p>\n","protected":false},"featured_media":11261,"comment_status":"open","ping_status":"open","template":"","meta":{"_joinchat":[]},"product_cat":[201],"product_tag":[202,70],"class_list":{"0":"post-11260","1":"product","2":"type-product","3":"status-publish","4":"has-post-thumbnail","6":"product_cat-medicina-del-deporte","7":"product_tag-medicina-del-deporte","8":"product_tag-panamericana","10":"first","11":"instock","12":"featured","13":"taxable","14":"shipping-taxable","15":"purchasable","16":"product-type-simple"},"_links":{"self":[{"href":"https:\/\/edimeinter.com\/libreria\/wp-json\/wp\/v2\/product\/11260","targetHints":{"allow":["GET"]}}],"collection":[{"href":"https:\/\/edimeinter.com\/libreria\/wp-json\/wp\/v2\/product"}],"about":[{"href":"https:\/\/edimeinter.com\/libreria\/wp-json\/wp\/v2\/types\/product"}],"replies":[{"embeddable":true,"href":"https:\/\/edimeinter.com\/libreria\/wp-json\/wp\/v2\/comments?post=11260"}],"version-history":[{"count":2,"href":"https:\/\/edimeinter.com\/libreria\/wp-json\/wp\/v2\/product\/11260\/revisions"}],"predecessor-version":[{"id":15110,"href":"https:\/\/edimeinter.com\/libreria\/wp-json\/wp\/v2\/product\/11260\/revisions\/15110"}],"wp:featuredmedia":[{"embeddable":true,"href":"https:\/\/edimeinter.com\/libreria\/wp-json\/wp\/v2\/media\/11261"}],"wp:attachment":[{"href":"https:\/\/edimeinter.com\/libreria\/wp-json\/wp\/v2\/media?parent=11260"}],"wp:term":[{"taxonomy":"product_cat","embeddable":true,"href":"https:\/\/edimeinter.com\/libreria\/wp-json\/wp\/v2\/product_cat?post=11260"},{"taxonomy":"product_tag","embeddable":true,"href":"https:\/\/edimeinter.com\/libreria\/wp-json\/wp\/v2\/product_tag?post=11260"}],"curies":[{"name":"wp","href":"https:\/\/api.w.org\/{rel}","templated":true}]}}