{"id":11272,"date":"2025-02-07T19:11:26","date_gmt":"2025-02-07T19:11:26","guid":{"rendered":"https:\/\/edimeinter.com\/libreria\/?post_type=product&#038;p=11272"},"modified":"2025-03-03T17:18:36","modified_gmt":"2025-03-03T17:18:36","slug":"neurociencia-cognitiva-2a-edicion","status":"publish","type":"product","link":"https:\/\/edimeinter.com\/libreria\/product\/neurociencia-cognitiva-2a-edicion\/","title":{"rendered":"Neurociencia Cognitiva. 2\u00aa Edici\u00f3n"},"content":{"rendered":"\t\t<div data-elementor-type=\"wp-post\" data-elementor-id=\"11272\" class=\"elementor elementor-11272\">\n\t\t\t\t<div class=\"elementor-element elementor-element-2612b12 e-flex e-con-boxed e-con e-parent\" data-id=\"2612b12\" data-element_type=\"container\" data-e-type=\"container\">\n\t\t\t\t\t<div class=\"e-con-inner\">\n\t\t\n\t\t<div class=\"elementor-element elementor-element-498707ae elementor-widget elementor-widget-text-editor\" data-id=\"498707ae\" data-element_type=\"widget\" data-e-type=\"widget\" data-widget_type=\"text-editor.default\">\n\t\t\t\t<div class=\"elementor-widget-container\">\n\t\t\t\t\t\t\t\t\t<p>La neurociencia cognitiva, nuevo campo convergente de la psicolog\u00eda cognitiva y la neurociencia, se centra en el estudio del funcionamiento cerebral y repasa diferentes planos de an\u00e1lisis, desde los aspectos moleculares y celulares hasta la comprensi\u00f3n de funciones mentales como el lenguaje o la memoria.<\/p><p>La principal diferencia entre esta obra y los textos cl\u00e1sicos estriba en que no solo se abarca los procesos cognitivos m\u00e1s cl\u00e1sicos, sino que tambi\u00e9n trata otros temas que no han sido descritos formalmente en manuales de texto de neurociencia cognitiva, como la reserva cognitiva, los sistemas de refuerzo y motivaci\u00f3n, el sue\u00f1o y el arousal, la evoluci\u00f3n de las funciones cognitivas, la conciencia, entre otros.<\/p>\t\t\t\t\t\t\t\t<\/div>\n\t\t\t\t<\/div>\n\t\t\t\t\t<\/div>\n\t\t\t\t<\/div>\n\t\t\t\t<\/div>\n\t\t","protected":false},"excerpt":{"rendered":"<p><strong>Autores:<\/strong>\u00a0Diego Redolar Ripoll<br \/>\n<strong>ISBN:<\/strong>\u00a09788491107088<br \/>\n<strong>Editorial:<\/strong>\u00a0Panamericana<br \/>\n<strong>Edici\u00f3n:<\/strong>\u00a02\u00aa<br \/>\n<strong>Especialidad<\/strong>: Neuroanatom\u00eda<br \/>\n<strong>P\u00e1ginas<\/strong>: 926<br \/>\n\u00a9 2023<\/p>\n","protected":false},"featured_media":11273,"comment_status":"open","ping_status":"open","template":"","meta":{"_joinchat":[]},"product_cat":[203],"product_tag":[204,70],"class_list":{"0":"post-11272","1":"product","2":"type-product","3":"status-publish","4":"has-post-thumbnail","6":"product_cat-neuroanatomia","7":"product_tag-neuroanatomia","8":"product_tag-panamericana","10":"first","11":"outofstock","12":"featured","13":"taxable","14":"shipping-taxable","15":"purchasable","16":"product-type-simple"},"_links":{"self":[{"href":"https:\/\/edimeinter.com\/libreria\/wp-json\/wp\/v2\/product\/11272","targetHints":{"allow":["GET"]}}],"collection":[{"href":"https:\/\/edimeinter.com\/libreria\/wp-json\/wp\/v2\/product"}],"about":[{"href":"https:\/\/edimeinter.com\/libreria\/wp-json\/wp\/v2\/types\/product"}],"replies":[{"embeddable":true,"href":"https:\/\/edimeinter.com\/libreria\/wp-json\/wp\/v2\/comments?post=11272"}],"version-history":[{"count":1,"href":"https:\/\/edimeinter.com\/libreria\/wp-json\/wp\/v2\/product\/11272\/revisions"}],"predecessor-version":[{"id":15112,"href":"https:\/\/edimeinter.com\/libreria\/wp-json\/wp\/v2\/product\/11272\/revisions\/15112"}],"wp:featuredmedia":[{"embeddable":true,"href":"https:\/\/edimeinter.com\/libreria\/wp-json\/wp\/v2\/media\/11273"}],"wp:attachment":[{"href":"https:\/\/edimeinter.com\/libreria\/wp-json\/wp\/v2\/media?parent=11272"}],"wp:term":[{"taxonomy":"product_cat","embeddable":true,"href":"https:\/\/edimeinter.com\/libreria\/wp-json\/wp\/v2\/product_cat?post=11272"},{"taxonomy":"product_tag","embeddable":true,"href":"https:\/\/edimeinter.com\/libreria\/wp-json\/wp\/v2\/product_tag?post=11272"}],"curies":[{"name":"wp","href":"https:\/\/api.w.org\/{rel}","templated":true}]}}