{"id":11284,"date":"2025-02-07T19:31:19","date_gmt":"2025-02-07T19:31:19","guid":{"rendered":"https:\/\/edimeinter.com\/libreria\/?post_type=product&#038;p=11284"},"modified":"2025-06-10T21:11:28","modified_gmt":"2025-06-10T21:11:28","slug":"manual-para-tecnico-superior-de-laboratorio-clinico-y-biomedico-2a-edicion","status":"publish","type":"product","link":"https:\/\/edimeinter.com\/libreria\/product\/manual-para-tecnico-superior-de-laboratorio-clinico-y-biomedico-2a-edicion\/","title":{"rendered":"Manual para T\u00e9cnico Superior de Laboratorio Cl\u00ednico y Biom\u00e9dico. 2\u00aa Edici\u00f3n"},"content":{"rendered":"\t\t<div data-elementor-type=\"wp-post\" data-elementor-id=\"11284\" class=\"elementor elementor-11284\">\n\t\t\t\t<div class=\"elementor-element elementor-element-2612b12 e-flex e-con-boxed e-con e-parent\" data-id=\"2612b12\" data-element_type=\"container\" data-e-type=\"container\">\n\t\t\t\t\t<div class=\"e-con-inner\">\n\t\t\n\t\t<div class=\"elementor-element elementor-element-498707ae elementor-widget elementor-widget-text-editor\" data-id=\"498707ae\" data-element_type=\"widget\" data-e-type=\"widget\" data-widget_type=\"text-editor.default\">\n\t\t\t\t<div class=\"elementor-widget-container\">\n\t\t\t\t\t\t\t\t\t<p>El laboratorio cl\u00ednico es un eslab\u00f3n clave en cualquier proceso asistencial, y su importancia aumenta, a\u00fan m\u00e1s si cabe, al ser un servicio transversal con mayor accesibilidad. Esto, junto a su complejidad y los riesgos que puede conllevar para los pacientes, hace preciso una formaci\u00f3n integral y especializada.<\/p>\t\t\t\t\t\t\t\t<\/div>\n\t\t\t\t<\/div>\n\t\t\t\t\t<\/div>\n\t\t\t\t<\/div>\n\t\t\t\t<\/div>\n\t\t","protected":false},"excerpt":{"rendered":"<p><strong>Autores:<\/strong>\u00a0Francisco Javier M\u00e9rida de la Torre,Elvira Eva Moreno Campoy<br \/>\n<strong>ISBN:<\/strong>\u00a09788491100102<br \/>\n<strong>Editorial:<\/strong>\u00a0Panamericana<br \/>\n<strong>Edici\u00f3n:<\/strong>\u00a02\u00aa<br \/>\n<strong>Especialidad<\/strong>: Laboratorio Cl\u00ednico<br \/>\n<strong>P\u00e1ginas<\/strong>: 928<br \/>\n\u00a9 2023<\/p>\n","protected":false},"featured_media":11285,"comment_status":"open","ping_status":"closed","template":"","meta":{"_joinchat":[]},"product_cat":[136],"product_tag":[137,70],"class_list":{"0":"post-11284","1":"product","2":"type-product","3":"status-publish","4":"has-post-thumbnail","6":"product_cat-laboratorio-clinico","7":"product_tag-laboratorio-clinico","8":"product_tag-panamericana","10":"first","11":"instock","12":"featured","13":"taxable","14":"shipping-taxable","15":"purchasable","16":"product-type-simple"},"_links":{"self":[{"href":"https:\/\/edimeinter.com\/libreria\/wp-json\/wp\/v2\/product\/11284","targetHints":{"allow":["GET"]}}],"collection":[{"href":"https:\/\/edimeinter.com\/libreria\/wp-json\/wp\/v2\/product"}],"about":[{"href":"https:\/\/edimeinter.com\/libreria\/wp-json\/wp\/v2\/types\/product"}],"replies":[{"embeddable":true,"href":"https:\/\/edimeinter.com\/libreria\/wp-json\/wp\/v2\/comments?post=11284"}],"version-history":[{"count":1,"href":"https:\/\/edimeinter.com\/libreria\/wp-json\/wp\/v2\/product\/11284\/revisions"}],"predecessor-version":[{"id":15114,"href":"https:\/\/edimeinter.com\/libreria\/wp-json\/wp\/v2\/product\/11284\/revisions\/15114"}],"wp:featuredmedia":[{"embeddable":true,"href":"https:\/\/edimeinter.com\/libreria\/wp-json\/wp\/v2\/media\/11285"}],"wp:attachment":[{"href":"https:\/\/edimeinter.com\/libreria\/wp-json\/wp\/v2\/media?parent=11284"}],"wp:term":[{"taxonomy":"product_cat","embeddable":true,"href":"https:\/\/edimeinter.com\/libreria\/wp-json\/wp\/v2\/product_cat?post=11284"},{"taxonomy":"product_tag","embeddable":true,"href":"https:\/\/edimeinter.com\/libreria\/wp-json\/wp\/v2\/product_tag?post=11284"}],"curies":[{"name":"wp","href":"https:\/\/api.w.org\/{rel}","templated":true}]}}