{"id":11290,"date":"2025-02-07T19:33:59","date_gmt":"2025-02-07T19:33:59","guid":{"rendered":"https:\/\/edimeinter.com\/libreria\/?post_type=product&#038;p=11290"},"modified":"2025-03-03T17:29:48","modified_gmt":"2025-03-03T17:29:48","slug":"ortodoncia-2a-edicion","status":"publish","type":"product","link":"https:\/\/edimeinter.com\/libreria\/product\/ortodoncia-2a-edicion\/","title":{"rendered":"Ortodoncia. 2\u00aa Edici\u00f3n"},"content":{"rendered":"\t\t<div data-elementor-type=\"wp-post\" data-elementor-id=\"11290\" class=\"elementor elementor-11290\">\n\t\t\t\t<div class=\"elementor-element elementor-element-2612b12 e-flex e-con-boxed e-con e-parent\" data-id=\"2612b12\" data-element_type=\"container\" data-e-type=\"container\">\n\t\t\t\t\t<div class=\"e-con-inner\">\n\t\t\n\t\t<div class=\"elementor-element elementor-element-498707ae elementor-widget elementor-widget-text-editor\" data-id=\"498707ae\" data-element_type=\"widget\" data-e-type=\"widget\" data-widget_type=\"text-editor.default\">\n\t\t\t\t<div class=\"elementor-widget-container\">\n\t\t\t\t\t\t\t\t\t<p>En los \u00faltimos a\u00f1os, la Ortodoncia ha sido afectada profundamente no solo por el progreso del conocimiento en el \u00e1rea de la investigaci\u00f3n cient\u00edfica y la tecnolog\u00eda digital, sino tambi\u00e9n por los requerimientos tanto de los profesionales, para la mejor resoluci\u00f3n integral de los problemas de la maloclusi\u00f3n, como de los pacientes, por las exigencias de belleza dental y facial. Es as\u00ed que las directoras de Ortodoncia. Premisas, diagn\u00f3stico, planificaci\u00f3n y tratamiento, con dilatada y prol\u00edfica trayectoria en la disciplina, creyeron necesario afrontar el desaf\u00edo de una segunda edici\u00f3n con contenidos actualizados. Esta nueva obra cumple con este objetivo, pero mantiene su estructura did\u00e1ctica original, su lenguaje claro y sencillo y el rigor cient\u00edfico de la anterior.<\/p>\t\t\t\t\t\t\t\t<\/div>\n\t\t\t\t<\/div>\n\t\t\t\t\t<\/div>\n\t\t\t\t<\/div>\n\t\t\t\t<\/div>\n\t\t","protected":false},"excerpt":{"rendered":"<p><strong>Autores:<\/strong>\u00a0Mar\u00eda Eugenia Mateu,Mar\u00eda Cristina Bertolotti,Hebe Silvia Schweizer<br \/>\n<strong>ISBN:<\/strong>\u00a09789500697002<br \/>\n<strong>Editorial:<\/strong>\u00a0Panamericana<br \/>\n<strong>Edici\u00f3n:<\/strong>\u00a02\u00aa<br \/>\n<strong>Especialidad<\/strong>: Odontolog\u00eda y Ortodoncia<br \/>\n<strong>P\u00e1ginas<\/strong>: 816<br \/>\n\u00a9 2023<\/p>\n","protected":false},"featured_media":11291,"comment_status":"open","ping_status":"open","template":"","meta":{"_joinchat":[]},"product_cat":[140],"product_tag":[141,70],"class_list":{"0":"post-11290","1":"product","2":"type-product","3":"status-publish","4":"has-post-thumbnail","6":"product_cat-odontologia-y-ortodoncia","7":"product_tag-odontologia-y-ortodoncia","8":"product_tag-panamericana","10":"first","11":"instock","12":"featured","13":"taxable","14":"shipping-taxable","15":"purchasable","16":"product-type-simple"},"_links":{"self":[{"href":"https:\/\/edimeinter.com\/libreria\/wp-json\/wp\/v2\/product\/11290","targetHints":{"allow":["GET"]}}],"collection":[{"href":"https:\/\/edimeinter.com\/libreria\/wp-json\/wp\/v2\/product"}],"about":[{"href":"https:\/\/edimeinter.com\/libreria\/wp-json\/wp\/v2\/types\/product"}],"replies":[{"embeddable":true,"href":"https:\/\/edimeinter.com\/libreria\/wp-json\/wp\/v2\/comments?post=11290"}],"version-history":[{"count":1,"href":"https:\/\/edimeinter.com\/libreria\/wp-json\/wp\/v2\/product\/11290\/revisions"}],"predecessor-version":[{"id":15115,"href":"https:\/\/edimeinter.com\/libreria\/wp-json\/wp\/v2\/product\/11290\/revisions\/15115"}],"wp:featuredmedia":[{"embeddable":true,"href":"https:\/\/edimeinter.com\/libreria\/wp-json\/wp\/v2\/media\/11291"}],"wp:attachment":[{"href":"https:\/\/edimeinter.com\/libreria\/wp-json\/wp\/v2\/media?parent=11290"}],"wp:term":[{"taxonomy":"product_cat","embeddable":true,"href":"https:\/\/edimeinter.com\/libreria\/wp-json\/wp\/v2\/product_cat?post=11290"},{"taxonomy":"product_tag","embeddable":true,"href":"https:\/\/edimeinter.com\/libreria\/wp-json\/wp\/v2\/product_tag?post=11290"}],"curies":[{"name":"wp","href":"https:\/\/api.w.org\/{rel}","templated":true}]}}