{"id":11296,"date":"2025-02-07T19:36:42","date_gmt":"2025-02-07T19:36:42","guid":{"rendered":"https:\/\/edimeinter.com\/libreria\/?post_type=product&#038;p=11296"},"modified":"2025-12-30T21:38:17","modified_gmt":"2025-12-30T21:38:17","slug":"biologia-celular-y-molecular-9a-edicion","status":"publish","type":"product","link":"https:\/\/edimeinter.com\/libreria\/product\/biologia-celular-y-molecular-9a-edicion\/","title":{"rendered":"Biolog\u00eda Celular y Molecular. 9\u00aa Edici\u00f3n"},"content":{"rendered":"\t\t<div data-elementor-type=\"wp-post\" data-elementor-id=\"11296\" class=\"elementor elementor-11296\">\n\t\t\t\t<div class=\"elementor-element elementor-element-2612b12 e-flex e-con-boxed e-con e-parent\" data-id=\"2612b12\" data-element_type=\"container\" data-e-type=\"container\">\n\t\t\t\t\t<div class=\"e-con-inner\">\n\t\t\n\t\t<div class=\"elementor-element elementor-element-498707ae elementor-widget elementor-widget-text-editor\" data-id=\"498707ae\" data-element_type=\"widget\" data-e-type=\"widget\" data-widget_type=\"text-editor.default\">\n\t\t\t\t<div class=\"elementor-widget-container\">\n\t\t\t\t\t\t\t\t\t<p>Para esta novena edici\u00f3n de Biolog\u00eda Celular y Molecular se han incorporado muchos de los espectaculares avances logrados en los \u00faltimos cuatro a\u00f1os de la ciencia biom\u00e9dica, impulsados en parte por nuevas tecnolog\u00edas experimentales que han revolucionado muchos campos. La exploraci\u00f3n de los desarrollos m\u00e1s recientes en el campo es siempre una prioridad en la redacci\u00f3n de una nueva edici\u00f3n, pero para los autores tambi\u00e9n es importante comunicar con claridad los elementos b\u00e1sicos de la biolog\u00eda celular, con eliminaci\u00f3n de todos los detalles superfluos posibles para centrar la atenci\u00f3n sobre los conceptos fundamentales de la biolog\u00eda celular. Con este fin, adem\u00e1s de introducir nuevos descubrimientos y tecnolog\u00edas, se han optimizado y reorganizado varios cap\u00edtulos para clarificar los procesos y los conceptos a los estudiantes. Las figuras han sido revisadas en detalle y se han agregado muchas nuevas, a fin de proporcionar descripciones generales de los procesos graduales de regulaci\u00f3n que controlan las cinasas dependientes de ciclinas y que muestran con claridad c\u00f3mo los complejos proteicos desarrollan los numerosos pasos cuidadosamente controlados del ciclo celular.<\/p>\t\t\t\t\t\t\t\t<\/div>\n\t\t\t\t<\/div>\n\t\t\t\t\t<\/div>\n\t\t\t\t<\/div>\n\t\t\t\t<\/div>\n\t\t","protected":false},"excerpt":{"rendered":"<p><strong>Autores:<\/strong>\u00a0Harvey Lodish,Arnold Berk,Chris A. Kaiser,Monty Krieger,Anthony Bretscher,Hidde Ploegh,Kelsey C. Martin,Michael B. Yaffe,Angelika Amon<br \/>\n<strong>ISBN:<\/strong>\u00a09788411061896<br \/>\n<strong>Editorial:<\/strong>\u00a0Panamericana<br \/>\n<strong>Edici\u00f3n:<\/strong>\u00a09\u00aa<br \/>\n<strong>Especialidad<\/strong>: Biolog\u00eda<br \/>\n<strong>P\u00e1ginas<\/strong>: 1264<br \/>\n\u00a9 2023<\/p>\n","protected":false},"featured_media":11297,"comment_status":"open","ping_status":"closed","template":"","meta":{"_joinchat":[]},"product_cat":[205],"product_tag":[206,70],"class_list":{"0":"post-11296","1":"product","2":"type-product","3":"status-publish","4":"has-post-thumbnail","6":"product_cat-biologia","7":"product_tag-biologia","8":"product_tag-panamericana","10":"first","11":"outofstock","12":"featured","13":"taxable","14":"shipping-taxable","15":"purchasable","16":"product-type-simple"},"_links":{"self":[{"href":"https:\/\/edimeinter.com\/libreria\/wp-json\/wp\/v2\/product\/11296","targetHints":{"allow":["GET"]}}],"collection":[{"href":"https:\/\/edimeinter.com\/libreria\/wp-json\/wp\/v2\/product"}],"about":[{"href":"https:\/\/edimeinter.com\/libreria\/wp-json\/wp\/v2\/types\/product"}],"replies":[{"embeddable":true,"href":"https:\/\/edimeinter.com\/libreria\/wp-json\/wp\/v2\/comments?post=11296"}],"version-history":[{"count":1,"href":"https:\/\/edimeinter.com\/libreria\/wp-json\/wp\/v2\/product\/11296\/revisions"}],"predecessor-version":[{"id":15116,"href":"https:\/\/edimeinter.com\/libreria\/wp-json\/wp\/v2\/product\/11296\/revisions\/15116"}],"wp:featuredmedia":[{"embeddable":true,"href":"https:\/\/edimeinter.com\/libreria\/wp-json\/wp\/v2\/media\/11297"}],"wp:attachment":[{"href":"https:\/\/edimeinter.com\/libreria\/wp-json\/wp\/v2\/media?parent=11296"}],"wp:term":[{"taxonomy":"product_cat","embeddable":true,"href":"https:\/\/edimeinter.com\/libreria\/wp-json\/wp\/v2\/product_cat?post=11296"},{"taxonomy":"product_tag","embeddable":true,"href":"https:\/\/edimeinter.com\/libreria\/wp-json\/wp\/v2\/product_tag?post=11296"}],"curies":[{"name":"wp","href":"https:\/\/api.w.org\/{rel}","templated":true}]}}