{"id":11302,"date":"2025-02-07T19:41:25","date_gmt":"2025-02-07T19:41:25","guid":{"rendered":"https:\/\/edimeinter.com\/libreria\/?post_type=product&#038;p=11302"},"modified":"2025-03-03T17:31:36","modified_gmt":"2025-03-03T17:31:36","slug":"microbiologia-de-los-alimentos-2a-edicion","status":"publish","type":"product","link":"https:\/\/edimeinter.com\/libreria\/product\/microbiologia-de-los-alimentos-2a-edicion\/","title":{"rendered":"Microbiolog\u00eda de los alimentos. 2\u00aa Edici\u00f3n"},"content":{"rendered":"\t\t<div data-elementor-type=\"wp-post\" data-elementor-id=\"11302\" class=\"elementor elementor-11302\">\n\t\t\t\t<div class=\"elementor-element elementor-element-2612b12 e-flex e-con-boxed e-con e-parent\" data-id=\"2612b12\" data-element_type=\"container\" data-e-type=\"container\">\n\t\t\t\t\t<div class=\"e-con-inner\">\n\t\t\n\t\t<div class=\"elementor-element elementor-element-498707ae elementor-widget elementor-widget-text-editor\" data-id=\"498707ae\" data-element_type=\"widget\" data-e-type=\"widget\" data-widget_type=\"text-editor.default\">\n\t\t\t\t<div class=\"elementor-widget-container\">\n\t\t\t\t\t\t\t\t\t<p>La parte I abarca cuatro unidades que tratan las generalidades de la microbiolog\u00eda de los alimentos; las caracter\u00edsticas de las bacterias, virus, hongos y par\u00e1sitos; las diferentes formas en que pueden contaminar a los alimentos, y los elementos que favorecen el desarrollo de las bacterias en los comestibles. La parte II tiene seis cap\u00edtulos que se enfocan a las enfermedades transmisibles por el consumo de alimentos, en donde se hace hincapi\u00e9 en los mecanismos que utilizan las bacterias para causar da\u00f1o en el hombre. Asimismo, se abordan las respuestas de defensa dise\u00f1adas para eliminar a los pat\u00f3genos.<\/p><p>En la parte III, que incluye cinco cap\u00edtulos, se muestra cu\u00e1les son los principales grupos microbianos indicadores de calidad sanitaria, qu\u00e9 alteraciones ocasionan en los alimentos y c\u00f3mo se detectan en el laboratorio. Igualmente, se describen las recomendaciones para elaborar y conservar un producto en buena calidad sanitaria, y las distintas normatividades que se consideran, con la finalidad de garantizar un alimento inocuo para el consumidor.<\/p>\t\t\t\t\t\t\t\t<\/div>\n\t\t\t\t<\/div>\n\t\t\t\t\t<\/div>\n\t\t\t\t<\/div>\n\t\t\t\t<\/div>\n\t\t","protected":false},"excerpt":{"rendered":"<p><strong>Autores:<\/strong>\u00a0Miguel A. Hern\u00e1ndez Urz\u00faa<br \/>\n<strong>ISBN:<\/strong>\u00a09786078546831<br \/>\n<strong>Editorial:<\/strong>\u00a0Panamericana<br \/>\n<strong>Edici\u00f3n:<\/strong>\u00a02\u00aa<br \/>\n<strong>Especialidad<\/strong>: Microbiolog\u00eda<br \/>\n<strong>P\u00e1ginas<\/strong>: 304<br \/>\n\u00a9 2023<\/p>\n","protected":false},"featured_media":11303,"comment_status":"open","ping_status":"open","template":"","meta":{"_joinchat":[]},"product_cat":[116],"product_tag":[117,70],"class_list":{"0":"post-11302","1":"product","2":"type-product","3":"status-publish","4":"has-post-thumbnail","6":"product_cat-microbiologia","7":"product_tag-microbiologia","8":"product_tag-panamericana","10":"first","11":"instock","12":"featured","13":"taxable","14":"shipping-taxable","15":"purchasable","16":"product-type-simple"},"_links":{"self":[{"href":"https:\/\/edimeinter.com\/libreria\/wp-json\/wp\/v2\/product\/11302","targetHints":{"allow":["GET"]}}],"collection":[{"href":"https:\/\/edimeinter.com\/libreria\/wp-json\/wp\/v2\/product"}],"about":[{"href":"https:\/\/edimeinter.com\/libreria\/wp-json\/wp\/v2\/types\/product"}],"replies":[{"embeddable":true,"href":"https:\/\/edimeinter.com\/libreria\/wp-json\/wp\/v2\/comments?post=11302"}],"version-history":[{"count":1,"href":"https:\/\/edimeinter.com\/libreria\/wp-json\/wp\/v2\/product\/11302\/revisions"}],"predecessor-version":[{"id":15117,"href":"https:\/\/edimeinter.com\/libreria\/wp-json\/wp\/v2\/product\/11302\/revisions\/15117"}],"wp:featuredmedia":[{"embeddable":true,"href":"https:\/\/edimeinter.com\/libreria\/wp-json\/wp\/v2\/media\/11303"}],"wp:attachment":[{"href":"https:\/\/edimeinter.com\/libreria\/wp-json\/wp\/v2\/media?parent=11302"}],"wp:term":[{"taxonomy":"product_cat","embeddable":true,"href":"https:\/\/edimeinter.com\/libreria\/wp-json\/wp\/v2\/product_cat?post=11302"},{"taxonomy":"product_tag","embeddable":true,"href":"https:\/\/edimeinter.com\/libreria\/wp-json\/wp\/v2\/product_tag?post=11302"}],"curies":[{"name":"wp","href":"https:\/\/api.w.org\/{rel}","templated":true}]}}