{"id":11308,"date":"2025-02-07T19:45:48","date_gmt":"2025-02-07T19:45:48","guid":{"rendered":"https:\/\/edimeinter.com\/libreria\/?post_type=product&#038;p=11308"},"modified":"2025-03-03T17:32:35","modified_gmt":"2025-03-03T17:32:35","slug":"manejo-de-la-via-aerea-y-ventilacion-mecanica-1a-edicion","status":"publish","type":"product","link":"https:\/\/edimeinter.com\/libreria\/product\/manejo-de-la-via-aerea-y-ventilacion-mecanica-1a-edicion\/","title":{"rendered":"Manejo de la V\u00eda A\u00e9rea y Ventilaci\u00f3n Mec\u00e1nica. 1\u00aa Edici\u00f3n"},"content":{"rendered":"\t\t<div data-elementor-type=\"wp-post\" data-elementor-id=\"11308\" class=\"elementor elementor-11308\">\n\t\t\t\t<div class=\"elementor-element elementor-element-2612b12 e-flex e-con-boxed e-con e-parent\" data-id=\"2612b12\" data-element_type=\"container\" data-e-type=\"container\">\n\t\t\t\t\t<div class=\"e-con-inner\">\n\t\t\n\t\t<div class=\"elementor-element elementor-element-498707ae elementor-widget elementor-widget-text-editor\" data-id=\"498707ae\" data-element_type=\"widget\" data-e-type=\"widget\" data-widget_type=\"text-editor.default\">\n\t\t\t\t<div class=\"elementor-widget-container\">\n\t\t\t\t\t\t\t\t\t<p>El manejo de la v\u00eda a\u00e9rea es una habilidad compleja con m\u00faltiples variables, una limitaci\u00f3n de tiempo muy corta y consecuencias que pueden afectar a la vida del paciente. Esta obra refleja los avances significativos que se han producido en el manejo de la v\u00eda a\u00e9rea, mejorando la seguridad para el paciente y para el propio profesional que la aborda. Presenta los conocimientos que permitir\u00e1n resolver al profesional los problemas que puede encontrarse en el manejo de la v\u00eda a\u00e9rea, as\u00ed como evitar las complicaciones que puedan surgir durante la misma.<\/p>\t\t\t\t\t\t\t\t<\/div>\n\t\t\t\t<\/div>\n\t\t\t\t\t<\/div>\n\t\t\t\t<\/div>\n\t\t\t\t<\/div>\n\t\t","protected":false},"excerpt":{"rendered":"<p><strong>Autores:<\/strong>\u00a0Eugenio Daniel Mart\u00ednez Hurtado,Mar\u00eda Luisa Mariscal Flores,Antonio Garc\u00eda Rueda,Pedro Charco Mora,Carlos Ferrando Ortol\u00e1,Esther Le\u00f3n Castelao<br \/>\n<strong>ISBN:<\/strong>\u00a09788491109440<br \/>\n<strong>Editorial:<\/strong>\u00a0Panamericana<br \/>\n<strong>Edici\u00f3n:<\/strong>\u00a01\u00aa<br \/>\n<strong>Especialidad<\/strong>: Cuidados Intensivos y Medicina Cr\u00edtica<br \/>\n<strong>P\u00e1ginas<\/strong>: 822<br \/>\n\u00a9 2023<\/p>\n","protected":false},"featured_media":11309,"comment_status":"open","ping_status":"open","template":"","meta":{"_joinchat":[]},"product_cat":[179,189],"product_tag":[180,190,70],"class_list":{"0":"post-11308","1":"product","2":"type-product","3":"status-publish","4":"has-post-thumbnail","6":"product_cat-cuidados-intensivos","7":"product_cat-medicina-critica","8":"product_tag-cuidados-intensivos","9":"product_tag-medicina-critica","10":"product_tag-panamericana","12":"first","13":"instock","14":"featured","15":"taxable","16":"shipping-taxable","17":"purchasable","18":"product-type-simple"},"_links":{"self":[{"href":"https:\/\/edimeinter.com\/libreria\/wp-json\/wp\/v2\/product\/11308","targetHints":{"allow":["GET"]}}],"collection":[{"href":"https:\/\/edimeinter.com\/libreria\/wp-json\/wp\/v2\/product"}],"about":[{"href":"https:\/\/edimeinter.com\/libreria\/wp-json\/wp\/v2\/types\/product"}],"replies":[{"embeddable":true,"href":"https:\/\/edimeinter.com\/libreria\/wp-json\/wp\/v2\/comments?post=11308"}],"version-history":[{"count":1,"href":"https:\/\/edimeinter.com\/libreria\/wp-json\/wp\/v2\/product\/11308\/revisions"}],"predecessor-version":[{"id":15118,"href":"https:\/\/edimeinter.com\/libreria\/wp-json\/wp\/v2\/product\/11308\/revisions\/15118"}],"wp:featuredmedia":[{"embeddable":true,"href":"https:\/\/edimeinter.com\/libreria\/wp-json\/wp\/v2\/media\/11309"}],"wp:attachment":[{"href":"https:\/\/edimeinter.com\/libreria\/wp-json\/wp\/v2\/media?parent=11308"}],"wp:term":[{"taxonomy":"product_cat","embeddable":true,"href":"https:\/\/edimeinter.com\/libreria\/wp-json\/wp\/v2\/product_cat?post=11308"},{"taxonomy":"product_tag","embeddable":true,"href":"https:\/\/edimeinter.com\/libreria\/wp-json\/wp\/v2\/product_tag?post=11308"}],"curies":[{"name":"wp","href":"https:\/\/api.w.org\/{rel}","templated":true}]}}