{"id":11333,"date":"2025-02-07T21:05:29","date_gmt":"2025-02-07T21:05:29","guid":{"rendered":"https:\/\/edimeinter.com\/libreria\/?post_type=product&#038;p=11333"},"modified":"2025-03-03T17:38:23","modified_gmt":"2025-03-03T17:38:23","slug":"interacciones-entre-alimentos-y-medicamentos-1a-edicion","status":"publish","type":"product","link":"https:\/\/edimeinter.com\/libreria\/product\/interacciones-entre-alimentos-y-medicamentos-1a-edicion\/","title":{"rendered":"Interacciones entre Alimentos y Medicamentos. 1\u00aa Edici\u00f3n"},"content":{"rendered":"\t\t<div data-elementor-type=\"wp-post\" data-elementor-id=\"11333\" class=\"elementor elementor-11333\">\n\t\t\t\t<div class=\"elementor-element elementor-element-2612b12 e-flex e-con-boxed e-con e-parent\" data-id=\"2612b12\" data-element_type=\"container\" data-e-type=\"container\">\n\t\t\t\t\t<div class=\"e-con-inner\">\n\t\t\n\t\t<div class=\"elementor-element elementor-element-498707ae elementor-widget elementor-widget-text-editor\" data-id=\"498707ae\" data-element_type=\"widget\" data-e-type=\"widget\" data-widget_type=\"text-editor.default\">\n\t\t\t\t<div class=\"elementor-widget-container\">\n\t\t\t\t\t\t\t\t\t<p>La nutrici\u00f3n es una de las funciones b\u00e1sicas del ser humano que se consigue, en condiciones de salud \u00f3ptima, a trav\u00e9s de la absorci\u00f3n de los nutrientes que contienen los alimentos que se ingieren a lo largo del d\u00eda. Cuando la salud se altera se debe recurrir a f\u00e1rmacos y, de forma simult\u00e1nea el ser humano debe seguir aliment\u00e1ndose, lo que conlleva una confluencia en tiempo y v\u00eda de administraci\u00f3n entre los alimentos y la medicaci\u00f3n, que puede originar la interacci\u00f3n entre ellos. Una interacci\u00f3n se produce cuando, la actividad o el efecto de un f\u00e1rmaco se ve alterado por la presencia o acci\u00f3n de otro agente, pudiendo ser este otro f\u00e1rmaco, un alimento o un nutriente.<\/p>\t\t\t\t\t\t\t\t<\/div>\n\t\t\t\t<\/div>\n\t\t\t\t\t<\/div>\n\t\t\t\t<\/div>\n\t\t\t\t<\/div>\n\t\t","protected":false},"excerpt":{"rendered":"<p><strong>Autores:\u00a0<\/strong>CGCOF \u2013 Consejo General de Colegios Oficiales de Farmac\u00e9uticos Aquilino Garc\u00eda Perea,Carmen Del Campo Arroyo,Josep Antoni Tur Mar\u00ed<br \/>\n<strong>ISBN:<\/strong>\u00a09788411062015<br \/>\n<strong>Editorial:<\/strong>\u00a0Panamericana<br \/>\n<strong>Edici\u00f3n:<\/strong>\u00a01\u00aa<br \/>\n<strong>Especialidad<\/strong>: Farmacolog\u00eda y Terap\u00e9utica<br \/>\n<strong>P\u00e1ginas<\/strong>: 348<br \/>\n\u00a9 2023<\/p>\n","protected":false},"featured_media":11334,"comment_status":"open","ping_status":"open","template":"","meta":{"_joinchat":[]},"product_cat":[207],"product_tag":[208,70],"class_list":{"0":"post-11333","1":"product","2":"type-product","3":"status-publish","4":"has-post-thumbnail","6":"product_cat-farmacologia-y-terapeutica","7":"product_tag-farmacologia-y-terapeutica","8":"product_tag-panamericana","10":"first","11":"instock","12":"featured","13":"taxable","14":"shipping-taxable","15":"purchasable","16":"product-type-simple"},"_links":{"self":[{"href":"https:\/\/edimeinter.com\/libreria\/wp-json\/wp\/v2\/product\/11333","targetHints":{"allow":["GET"]}}],"collection":[{"href":"https:\/\/edimeinter.com\/libreria\/wp-json\/wp\/v2\/product"}],"about":[{"href":"https:\/\/edimeinter.com\/libreria\/wp-json\/wp\/v2\/types\/product"}],"replies":[{"embeddable":true,"href":"https:\/\/edimeinter.com\/libreria\/wp-json\/wp\/v2\/comments?post=11333"}],"version-history":[{"count":2,"href":"https:\/\/edimeinter.com\/libreria\/wp-json\/wp\/v2\/product\/11333\/revisions"}],"predecessor-version":[{"id":15124,"href":"https:\/\/edimeinter.com\/libreria\/wp-json\/wp\/v2\/product\/11333\/revisions\/15124"}],"wp:featuredmedia":[{"embeddable":true,"href":"https:\/\/edimeinter.com\/libreria\/wp-json\/wp\/v2\/media\/11334"}],"wp:attachment":[{"href":"https:\/\/edimeinter.com\/libreria\/wp-json\/wp\/v2\/media?parent=11333"}],"wp:term":[{"taxonomy":"product_cat","embeddable":true,"href":"https:\/\/edimeinter.com\/libreria\/wp-json\/wp\/v2\/product_cat?post=11333"},{"taxonomy":"product_tag","embeddable":true,"href":"https:\/\/edimeinter.com\/libreria\/wp-json\/wp\/v2\/product_tag?post=11333"}],"curies":[{"name":"wp","href":"https:\/\/api.w.org\/{rel}","templated":true}]}}