{"id":11340,"date":"2025-02-07T21:14:08","date_gmt":"2025-02-07T21:14:08","guid":{"rendered":"https:\/\/edimeinter.com\/libreria\/?post_type=product&#038;p=11340"},"modified":"2025-03-03T17:39:14","modified_gmt":"2025-03-03T17:39:14","slug":"tratado-de-esterilidad-e-infertilidad-humanas-1a-edicion","status":"publish","type":"product","link":"https:\/\/edimeinter.com\/libreria\/product\/tratado-de-esterilidad-e-infertilidad-humanas-1a-edicion\/","title":{"rendered":"Tratado de Esterilidad e Infertilidad Humanas. 1\u00aa Edici\u00f3n"},"content":{"rendered":"\t\t<div data-elementor-type=\"wp-post\" data-elementor-id=\"11340\" class=\"elementor elementor-11340\">\n\t\t\t\t<div class=\"elementor-element elementor-element-2612b12 e-flex e-con-boxed e-con e-parent\" data-id=\"2612b12\" data-element_type=\"container\" data-e-type=\"container\">\n\t\t\t\t\t<div class=\"e-con-inner\">\n\t\t\n\t\t<div class=\"elementor-element elementor-element-498707ae elementor-widget elementor-widget-text-editor\" data-id=\"498707ae\" data-element_type=\"widget\" data-e-type=\"widget\" data-widget_type=\"text-editor.default\">\n\t\t\t\t<div class=\"elementor-widget-container\">\n\t\t\t\t\t\t\t\t\t<p>La Organizaci\u00f3n Mundial de la Salud reconoce la esterilidad y la infertilidad como una enfermedad que afecta cada vez a m\u00e1s hombres y mujeres en todo el mundo. Esta situaci\u00f3n se ha visto agravada por los cambios sociales y culturales a nivel global, como son, el nuevo papel de la mujer en la sociedad, el retraso de la maternidad, el deterioro medioambiental, los cambios en el estilo de vida, o los nuevos modelos familiares. Esto demanda un mayor n\u00famero de profesionales cualificados en la materia que den soluciones a este problema.<\/p><p>La Medicina de la Reproducci\u00f3n es una subespecialidad m\u00e9dica multidisciplinar que aborda el desarrollo y puesta en pr\u00e1ctica de los m\u00e9todos m\u00e9dicos de diagn\u00f3stico y tratamiento de los problemas reproductivos, los avances en gen\u00e9tica, la cirug\u00eda endosc\u00f3pica, la endocrinolog\u00eda, la farmacolog\u00eda, la embriolog\u00eda, la androlog\u00eda, la criobiolog\u00eda y la reproducci\u00f3n asistida.<\/p>\t\t\t\t\t\t\t\t<\/div>\n\t\t\t\t<\/div>\n\t\t\t\t\t<\/div>\n\t\t\t\t<\/div>\n\t\t\t\t<\/div>\n\t\t","protected":false},"excerpt":{"rendered":"<p><strong>Autores:<\/strong>\u00a0Enrique P\u00e9rez de la Blanca Cobos,Jos\u00e9 Antonio Dom\u00ednguez Arroyo,Luis Rodr\u00edguez-Tabernero Mart\u00edn,Jos\u00e9 Mijares Gord\u00fan<br \/>\n<strong>ISBN:<\/strong>\u00a09788491108726<br \/>\n<strong>Editorial:<\/strong>\u00a0Panamericana<br \/>\n<strong>Edici\u00f3n:<\/strong>\u00a01\u00aa<br \/>\n<strong>Especialidad<\/strong>: Ginecolog\u00eda y Obstetricia<br \/>\n<strong>P\u00e1ginas<\/strong>: 696<br \/>\n\u00a9 2023<\/p>\n","protected":false},"featured_media":11341,"comment_status":"open","ping_status":"open","template":"","meta":{"_joinchat":[]},"product_cat":[104],"product_tag":[105,70],"class_list":{"0":"post-11340","1":"product","2":"type-product","3":"status-publish","4":"has-post-thumbnail","6":"product_cat-ginecologia-y-obstetricia","7":"product_tag-ginecologia-y-obstetricia","8":"product_tag-panamericana","10":"first","11":"instock","12":"featured","13":"taxable","14":"shipping-taxable","15":"purchasable","16":"product-type-simple"},"_links":{"self":[{"href":"https:\/\/edimeinter.com\/libreria\/wp-json\/wp\/v2\/product\/11340","targetHints":{"allow":["GET"]}}],"collection":[{"href":"https:\/\/edimeinter.com\/libreria\/wp-json\/wp\/v2\/product"}],"about":[{"href":"https:\/\/edimeinter.com\/libreria\/wp-json\/wp\/v2\/types\/product"}],"replies":[{"embeddable":true,"href":"https:\/\/edimeinter.com\/libreria\/wp-json\/wp\/v2\/comments?post=11340"}],"version-history":[{"count":1,"href":"https:\/\/edimeinter.com\/libreria\/wp-json\/wp\/v2\/product\/11340\/revisions"}],"predecessor-version":[{"id":15126,"href":"https:\/\/edimeinter.com\/libreria\/wp-json\/wp\/v2\/product\/11340\/revisions\/15126"}],"wp:featuredmedia":[{"embeddable":true,"href":"https:\/\/edimeinter.com\/libreria\/wp-json\/wp\/v2\/media\/11341"}],"wp:attachment":[{"href":"https:\/\/edimeinter.com\/libreria\/wp-json\/wp\/v2\/media?parent=11340"}],"wp:term":[{"taxonomy":"product_cat","embeddable":true,"href":"https:\/\/edimeinter.com\/libreria\/wp-json\/wp\/v2\/product_cat?post=11340"},{"taxonomy":"product_tag","embeddable":true,"href":"https:\/\/edimeinter.com\/libreria\/wp-json\/wp\/v2\/product_tag?post=11340"}],"curies":[{"name":"wp","href":"https:\/\/api.w.org\/{rel}","templated":true}]}}