{"id":11346,"date":"2025-02-07T21:16:40","date_gmt":"2025-02-07T21:16:40","guid":{"rendered":"https:\/\/edimeinter.com\/libreria\/?post_type=product&#038;p=11346"},"modified":"2025-03-03T17:40:05","modified_gmt":"2025-03-03T17:40:05","slug":"atlas-de-hematologia-clinica-6a-edicion","status":"publish","type":"product","link":"https:\/\/edimeinter.com\/libreria\/product\/atlas-de-hematologia-clinica-6a-edicion\/","title":{"rendered":"Atlas de Hematolog\u00eda Cl\u00ednica. 6\u00aa Edici\u00f3n"},"content":{"rendered":"\t\t<div data-elementor-type=\"wp-post\" data-elementor-id=\"11346\" class=\"elementor elementor-11346\">\n\t\t\t\t<div class=\"elementor-element elementor-element-2612b12 e-flex e-con-boxed e-con e-parent\" data-id=\"2612b12\" data-element_type=\"container\" data-e-type=\"container\">\n\t\t\t\t\t<div class=\"e-con-inner\">\n\t\t\n\t\t<div class=\"elementor-element elementor-element-498707ae elementor-widget elementor-widget-text-editor\" data-id=\"498707ae\" data-element_type=\"widget\" data-e-type=\"widget\" data-widget_type=\"text-editor.default\">\n\t\t\t\t<div class=\"elementor-widget-container\">\n\t\t\t\t\t\t\t\t\t<p>Esta obra recoge los aspectos b\u00e1sicos de la morfolog\u00eda hematol\u00f3gica, incluidos el examen de la extensi\u00f3n de sangre perif\u00e9rica, la maduraci\u00f3n de las l\u00edneas celulares de la sangre e informaci\u00f3n sobre los diferentes trastornos cl\u00ednicos para que el especialista sea capaz de identificar con precisi\u00f3n c\u00e9lulas en el microscopio.<\/p>\t\t\t\t\t\t\t\t<\/div>\n\t\t\t\t<\/div>\n\t\t\t\t\t<\/div>\n\t\t\t\t<\/div>\n\t\t\t\t<\/div>\n\t\t","protected":false},"excerpt":{"rendered":"<p><strong>Autores:<\/strong>\u00a0Jacqueline H. Carr,Bernadette F. Rodak<br \/>\n<strong>ISBN:<\/strong>\u00a09788411061506<br \/>\n<strong>Editorial:<\/strong>\u00a0Panamericana<br \/>\n<strong>Edici\u00f3n:<\/strong>\u00a06\u00aa<br \/>\n<strong>Especialidad<\/strong>:\u00a0Laboratorio Cl\u00ednico<br \/>\n<strong>P\u00e1ginas<\/strong>: 287<br \/>\n\u00a9 2023<\/p>\n","protected":false},"featured_media":11347,"comment_status":"open","ping_status":"open","template":"","meta":{"_joinchat":[]},"product_cat":[136],"product_tag":[137,70],"class_list":{"0":"post-11346","1":"product","2":"type-product","3":"status-publish","4":"has-post-thumbnail","6":"product_cat-laboratorio-clinico","7":"product_tag-laboratorio-clinico","8":"product_tag-panamericana","10":"first","11":"instock","12":"featured","13":"taxable","14":"shipping-taxable","15":"purchasable","16":"product-type-simple"},"_links":{"self":[{"href":"https:\/\/edimeinter.com\/libreria\/wp-json\/wp\/v2\/product\/11346","targetHints":{"allow":["GET"]}}],"collection":[{"href":"https:\/\/edimeinter.com\/libreria\/wp-json\/wp\/v2\/product"}],"about":[{"href":"https:\/\/edimeinter.com\/libreria\/wp-json\/wp\/v2\/types\/product"}],"replies":[{"embeddable":true,"href":"https:\/\/edimeinter.com\/libreria\/wp-json\/wp\/v2\/comments?post=11346"}],"version-history":[{"count":2,"href":"https:\/\/edimeinter.com\/libreria\/wp-json\/wp\/v2\/product\/11346\/revisions"}],"predecessor-version":[{"id":15128,"href":"https:\/\/edimeinter.com\/libreria\/wp-json\/wp\/v2\/product\/11346\/revisions\/15128"}],"wp:featuredmedia":[{"embeddable":true,"href":"https:\/\/edimeinter.com\/libreria\/wp-json\/wp\/v2\/media\/11347"}],"wp:attachment":[{"href":"https:\/\/edimeinter.com\/libreria\/wp-json\/wp\/v2\/media?parent=11346"}],"wp:term":[{"taxonomy":"product_cat","embeddable":true,"href":"https:\/\/edimeinter.com\/libreria\/wp-json\/wp\/v2\/product_cat?post=11346"},{"taxonomy":"product_tag","embeddable":true,"href":"https:\/\/edimeinter.com\/libreria\/wp-json\/wp\/v2\/product_tag?post=11346"}],"curies":[{"name":"wp","href":"https:\/\/api.w.org\/{rel}","templated":true}]}}