{"id":11352,"date":"2025-02-07T21:19:50","date_gmt":"2025-02-07T21:19:50","guid":{"rendered":"https:\/\/edimeinter.com\/libreria\/?post_type=product&#038;p=11352"},"modified":"2025-03-03T17:40:51","modified_gmt":"2025-03-03T17:40:51","slug":"cirugia-minimamente-invasiva-en-ginecologia-1a-edicion","status":"publish","type":"product","link":"https:\/\/edimeinter.com\/libreria\/product\/cirugia-minimamente-invasiva-en-ginecologia-1a-edicion\/","title":{"rendered":"Cirug\u00eda M\u00ednimamente Invasiva en Ginecolog\u00eda. 1\u00aa Edici\u00f3n"},"content":{"rendered":"\t\t<div data-elementor-type=\"wp-post\" data-elementor-id=\"11352\" class=\"elementor elementor-11352\">\n\t\t\t\t<div class=\"elementor-element elementor-element-2612b12 e-flex e-con-boxed e-con e-parent\" data-id=\"2612b12\" data-element_type=\"container\" data-e-type=\"container\">\n\t\t\t\t\t<div class=\"e-con-inner\">\n\t\t\n\t\t<div class=\"elementor-element elementor-element-498707ae elementor-widget elementor-widget-text-editor\" data-id=\"498707ae\" data-element_type=\"widget\" data-e-type=\"widget\" data-widget_type=\"text-editor.default\">\n\t\t\t\t<div class=\"elementor-widget-container\">\n\t\t\t\t\t\t\t\t\t<p>En las \u00faltimas d\u00e9cadas se han producido numerosos cambios en la cirug\u00eda ginecol\u00f3gica con la intenci\u00f3n de obtener mejores resultados con t\u00e9cnicas menos invasivas. Esta obra ofrece una actualizaci\u00f3n pr\u00e1ctica en el enfoque diagn\u00f3stico y en las indicaciones de los procedimientos quir\u00fargicos; con una clara descripci\u00f3n de estos y poniendo especial \u00e9nfasis en las t\u00e9cnicas de reciente aparici\u00f3n.<\/p>\t\t\t\t\t\t\t\t<\/div>\n\t\t\t\t<\/div>\n\t\t\t\t\t<\/div>\n\t\t\t\t<\/div>\n\t\t\t\t<\/div>\n\t\t","protected":false},"excerpt":{"rendered":"<p><strong>Autores:<\/strong>\u00a0Elena Cabezas L\u00f3pez,Enrique Moratalla Bartolom\u00e9,Jes\u00fas L\u00e1zaro-Carrasco de la Fuente<br \/>\n<strong>ISBN:<\/strong>\u00a09788491109532<br \/>\n<strong>Editorial:<\/strong>\u00a0Panamericana<br \/>\n<strong>Edici\u00f3n:<\/strong>\u00a01\u00aa<br \/>\n<strong>Especialidad<\/strong>: Ginecolog\u00eda y Obstetricia<br \/>\n<strong>P\u00e1ginas<\/strong>: 660<br \/>\n\u00a9 2023<\/p>\n","protected":false},"featured_media":11353,"comment_status":"open","ping_status":"open","template":"","meta":{"_joinchat":[]},"product_cat":[104],"product_tag":[105,70],"class_list":{"0":"post-11352","1":"product","2":"type-product","3":"status-publish","4":"has-post-thumbnail","6":"product_cat-ginecologia-y-obstetricia","7":"product_tag-ginecologia-y-obstetricia","8":"product_tag-panamericana","10":"first","11":"instock","12":"featured","13":"taxable","14":"shipping-taxable","15":"purchasable","16":"product-type-simple"},"_links":{"self":[{"href":"https:\/\/edimeinter.com\/libreria\/wp-json\/wp\/v2\/product\/11352","targetHints":{"allow":["GET"]}}],"collection":[{"href":"https:\/\/edimeinter.com\/libreria\/wp-json\/wp\/v2\/product"}],"about":[{"href":"https:\/\/edimeinter.com\/libreria\/wp-json\/wp\/v2\/types\/product"}],"replies":[{"embeddable":true,"href":"https:\/\/edimeinter.com\/libreria\/wp-json\/wp\/v2\/comments?post=11352"}],"version-history":[{"count":1,"href":"https:\/\/edimeinter.com\/libreria\/wp-json\/wp\/v2\/product\/11352\/revisions"}],"predecessor-version":[{"id":15129,"href":"https:\/\/edimeinter.com\/libreria\/wp-json\/wp\/v2\/product\/11352\/revisions\/15129"}],"wp:featuredmedia":[{"embeddable":true,"href":"https:\/\/edimeinter.com\/libreria\/wp-json\/wp\/v2\/media\/11353"}],"wp:attachment":[{"href":"https:\/\/edimeinter.com\/libreria\/wp-json\/wp\/v2\/media?parent=11352"}],"wp:term":[{"taxonomy":"product_cat","embeddable":true,"href":"https:\/\/edimeinter.com\/libreria\/wp-json\/wp\/v2\/product_cat?post=11352"},{"taxonomy":"product_tag","embeddable":true,"href":"https:\/\/edimeinter.com\/libreria\/wp-json\/wp\/v2\/product_tag?post=11352"}],"curies":[{"name":"wp","href":"https:\/\/api.w.org\/{rel}","templated":true}]}}