{"id":11364,"date":"2025-02-07T21:25:49","date_gmt":"2025-02-07T21:25:49","guid":{"rendered":"https:\/\/edimeinter.com\/libreria\/?post_type=product&#038;p=11364"},"modified":"2025-03-03T17:42:46","modified_gmt":"2025-03-03T17:42:46","slug":"otorrinolaringologia-pediatrica-1a-edicion","status":"publish","type":"product","link":"https:\/\/edimeinter.com\/libreria\/product\/otorrinolaringologia-pediatrica-1a-edicion\/","title":{"rendered":"Otorrinolaringolog\u00eda Pedi\u00e1trica. 1\u00aa Edici\u00f3n"},"content":{"rendered":"\t\t<div data-elementor-type=\"wp-post\" data-elementor-id=\"11364\" class=\"elementor elementor-11364\">\n\t\t\t\t<div class=\"elementor-element elementor-element-2612b12 e-flex e-con-boxed e-con e-parent\" data-id=\"2612b12\" data-element_type=\"container\" data-e-type=\"container\">\n\t\t\t\t\t<div class=\"e-con-inner\">\n\t\t\n\t\t<div class=\"elementor-element elementor-element-498707ae elementor-widget elementor-widget-text-editor\" data-id=\"498707ae\" data-element_type=\"widget\" data-e-type=\"widget\" data-widget_type=\"text-editor.default\">\n\t\t\t\t<div class=\"elementor-widget-container\">\n\t\t\t\t\t\t\t\t\t<p>La otorrinolaringolog\u00eda pedi\u00e1trica se concibe como una entidad propia, lim\u00edtrofe entre la pediatr\u00eda y la otorrinolaringolog\u00eda, puesto que los pacientes son ni\u00f1os, pero la patolog\u00eda es exclusivamente del \u00e1rea otorrinolaringol\u00f3gica y desde un enfoque tanto m\u00e9dico, como quir\u00fargico.<\/p><p>Este libro supone una refrescante revisi\u00f3n de esta subespecialidad con la que todos los otorrinolaring\u00f3logos tienen contacto en alg\u00fan momento de su pr\u00e1ctica cl\u00ednica. Ser\u00e1, asimismo, de especial inter\u00e9s para pediatras, dada la elevada prevalencia de la patolog\u00eda otorrinolaringol\u00f3gica en sus consultas.<\/p>\t\t\t\t\t\t\t\t<\/div>\n\t\t\t\t<\/div>\n\t\t\t\t\t<\/div>\n\t\t\t\t<\/div>\n\t\t\t\t<\/div>\n\t\t","protected":false},"excerpt":{"rendered":"<p><strong>Autores:<\/strong>\u00a0Paula Arag\u00f3n Ramos,Javier Gavil\u00e1n Bouzas,Mar\u00eda Fernanda Pedrero Escalas,Marta Manche\u00f1o Losa<br \/>\n<strong>ISBN:<\/strong>\u00a09788411060301<br \/>\n<strong>Editorial:<\/strong>\u00a0Panamericana<br \/>\n<strong>Edici\u00f3n:<\/strong>\u00a01\u00aa<br \/>\n<strong>Especialidad<\/strong>: Otorrinolaringolog\u00eda<br \/>\n<strong>P\u00e1ginas<\/strong>: 390<br \/>\n\u00a9 2023<\/p>\n","protected":false},"featured_media":11365,"comment_status":"open","ping_status":"open","template":"","meta":{"_joinchat":[]},"product_cat":[156],"product_tag":[157,70],"class_list":{"0":"post-11364","1":"product","2":"type-product","3":"status-publish","4":"has-post-thumbnail","6":"product_cat-otorrinolaringologia","7":"product_tag-otorrinolaringologia","8":"product_tag-panamericana","10":"first","11":"instock","12":"featured","13":"taxable","14":"shipping-taxable","15":"purchasable","16":"product-type-simple"},"_links":{"self":[{"href":"https:\/\/edimeinter.com\/libreria\/wp-json\/wp\/v2\/product\/11364","targetHints":{"allow":["GET"]}}],"collection":[{"href":"https:\/\/edimeinter.com\/libreria\/wp-json\/wp\/v2\/product"}],"about":[{"href":"https:\/\/edimeinter.com\/libreria\/wp-json\/wp\/v2\/types\/product"}],"replies":[{"embeddable":true,"href":"https:\/\/edimeinter.com\/libreria\/wp-json\/wp\/v2\/comments?post=11364"}],"version-history":[{"count":1,"href":"https:\/\/edimeinter.com\/libreria\/wp-json\/wp\/v2\/product\/11364\/revisions"}],"predecessor-version":[{"id":15131,"href":"https:\/\/edimeinter.com\/libreria\/wp-json\/wp\/v2\/product\/11364\/revisions\/15131"}],"wp:featuredmedia":[{"embeddable":true,"href":"https:\/\/edimeinter.com\/libreria\/wp-json\/wp\/v2\/media\/11365"}],"wp:attachment":[{"href":"https:\/\/edimeinter.com\/libreria\/wp-json\/wp\/v2\/media?parent=11364"}],"wp:term":[{"taxonomy":"product_cat","embeddable":true,"href":"https:\/\/edimeinter.com\/libreria\/wp-json\/wp\/v2\/product_cat?post=11364"},{"taxonomy":"product_tag","embeddable":true,"href":"https:\/\/edimeinter.com\/libreria\/wp-json\/wp\/v2\/product_tag?post=11364"}],"curies":[{"name":"wp","href":"https:\/\/api.w.org\/{rel}","templated":true}]}}