{"id":11382,"date":"2025-02-07T21:38:19","date_gmt":"2025-02-07T21:38:19","guid":{"rendered":"https:\/\/edimeinter.com\/libreria\/?post_type=product&#038;p=11382"},"modified":"2025-03-03T17:46:22","modified_gmt":"2025-03-03T17:46:22","slug":"microbiologia-y-parasitologia-medicas-2a-edicion","status":"publish","type":"product","link":"https:\/\/edimeinter.com\/libreria\/product\/microbiologia-y-parasitologia-medicas-2a-edicion\/","title":{"rendered":"Microbiolog\u00eda y Parasitolog\u00eda M\u00e9dicas. 2\u00aa Edici\u00f3n"},"content":{"rendered":"\t\t<div data-elementor-type=\"wp-post\" data-elementor-id=\"11382\" class=\"elementor elementor-11382\">\n\t\t\t\t<div class=\"elementor-element elementor-element-2612b12 e-flex e-con-boxed e-con e-parent\" data-id=\"2612b12\" data-element_type=\"container\" data-e-type=\"container\">\n\t\t\t\t\t<div class=\"e-con-inner\">\n\t\t\n\t\t<div class=\"elementor-element elementor-element-498707ae elementor-widget elementor-widget-text-editor\" data-id=\"498707ae\" data-element_type=\"widget\" data-e-type=\"widget\" data-widget_type=\"text-editor.default\">\n\t\t\t\t<div class=\"elementor-widget-container\">\n\t\t\t\t\t\t\t\t\t<p>La segunda edici\u00f3n de esta obra revisa y actualiza todos los cap\u00edtulos e incorpora temas de candente actualidad como el SARS-CoV-2, Candida auris, virus de la viruela de los monos o arbovirus. Adem\u00e1s, se ha puesto al d\u00eda la nomenclatura microbiana e incrementa el n\u00famero de recuadros de todos los cap\u00edtulos en los que se tratan aspectos espec\u00edficos de gran inter\u00e9s para el lector.<\/p>\t\t\t\t\t\t\t\t<\/div>\n\t\t\t\t<\/div>\n\t\t\t\t\t<\/div>\n\t\t\t\t<\/div>\n\t\t\t\t<\/div>\n\t\t","protected":false},"excerpt":{"rendered":"<p><strong>Autores:<\/strong>\u00a0Guillem Prats Pastor,Tom\u00e1s Pumarola Su\u00f1\u00e9,Beatriz Mirelies<br \/>\n<strong>ISBN:<\/strong>\u00a09788491102670<br \/>\n<strong>Editorial:<\/strong>\u00a0Panamericana<br \/>\n<strong>Edici\u00f3n:<\/strong>\u00a02\u00aa<br \/>\n<strong>Especialidad<\/strong>: Microbiolog\u00eda<br \/>\n<strong>P\u00e1ginas<\/strong>: 654<br \/>\n\u00a9 2023<\/p>\n","protected":false},"featured_media":11383,"comment_status":"open","ping_status":"open","template":"","meta":{"_joinchat":[]},"product_cat":[116],"product_tag":[117,70],"class_list":{"0":"post-11382","1":"product","2":"type-product","3":"status-publish","4":"has-post-thumbnail","6":"product_cat-microbiologia","7":"product_tag-microbiologia","8":"product_tag-panamericana","10":"first","11":"instock","12":"featured","13":"taxable","14":"shipping-taxable","15":"purchasable","16":"product-type-simple"},"_links":{"self":[{"href":"https:\/\/edimeinter.com\/libreria\/wp-json\/wp\/v2\/product\/11382","targetHints":{"allow":["GET"]}}],"collection":[{"href":"https:\/\/edimeinter.com\/libreria\/wp-json\/wp\/v2\/product"}],"about":[{"href":"https:\/\/edimeinter.com\/libreria\/wp-json\/wp\/v2\/types\/product"}],"replies":[{"embeddable":true,"href":"https:\/\/edimeinter.com\/libreria\/wp-json\/wp\/v2\/comments?post=11382"}],"version-history":[{"count":1,"href":"https:\/\/edimeinter.com\/libreria\/wp-json\/wp\/v2\/product\/11382\/revisions"}],"predecessor-version":[{"id":15136,"href":"https:\/\/edimeinter.com\/libreria\/wp-json\/wp\/v2\/product\/11382\/revisions\/15136"}],"wp:featuredmedia":[{"embeddable":true,"href":"https:\/\/edimeinter.com\/libreria\/wp-json\/wp\/v2\/media\/11383"}],"wp:attachment":[{"href":"https:\/\/edimeinter.com\/libreria\/wp-json\/wp\/v2\/media?parent=11382"}],"wp:term":[{"taxonomy":"product_cat","embeddable":true,"href":"https:\/\/edimeinter.com\/libreria\/wp-json\/wp\/v2\/product_cat?post=11382"},{"taxonomy":"product_tag","embeddable":true,"href":"https:\/\/edimeinter.com\/libreria\/wp-json\/wp\/v2\/product_tag?post=11382"}],"curies":[{"name":"wp","href":"https:\/\/api.w.org\/{rel}","templated":true}]}}