{"id":11394,"date":"2025-02-07T21:43:20","date_gmt":"2025-02-07T21:43:20","guid":{"rendered":"https:\/\/edimeinter.com\/libreria\/?post_type=product&#038;p=11394"},"modified":"2025-03-03T17:48:07","modified_gmt":"2025-03-03T17:48:07","slug":"cirugia-laparoscopica-toracoscopica-y-robotica-1a-edicion","status":"publish","type":"product","link":"https:\/\/edimeinter.com\/libreria\/product\/cirugia-laparoscopica-toracoscopica-y-robotica-1a-edicion\/","title":{"rendered":"Cirug\u00eda Laparosc\u00f3pica, Toracosc\u00f3pica y Rob\u00f3tica. 1\u00aa Edici\u00f3n"},"content":{"rendered":"\t\t<div data-elementor-type=\"wp-post\" data-elementor-id=\"11394\" class=\"elementor elementor-11394\">\n\t\t\t\t<div class=\"elementor-element elementor-element-2612b12 e-flex e-con-boxed e-con e-parent\" data-id=\"2612b12\" data-element_type=\"container\" data-e-type=\"container\">\n\t\t\t\t\t<div class=\"e-con-inner\">\n\t\t\n\t\t<div class=\"elementor-element elementor-element-498707ae elementor-widget elementor-widget-text-editor\" data-id=\"498707ae\" data-element_type=\"widget\" data-e-type=\"widget\" data-widget_type=\"text-editor.default\">\n\t\t\t\t<div class=\"elementor-widget-container\">\n\t\t\t\t\t\t\t\t\t<p>El auge del uso de las t\u00e9cnicas quir\u00fargicas m\u00ednimamente invasivas, que permiten realizar la intervenci\u00f3n visualizando la imagen en una pantalla o en el visor de la consola rob\u00f3tica, ha favorecido el desarrollo de la cirug\u00eda laparosc\u00f3pica, toracosc\u00f3pica y rob\u00f3tica, similares en esencia, pero adaptadas a los procedimientos y pacientes que se trata con cada una de ellas.<\/p><p>Este libro surge de la necesidad de ofrecer una formaci\u00f3n eminentemente pr\u00e1ctica, de car\u00e1cter multidisciplinar y \u00fatil para diversos profesionales sanitarios.<\/p>\t\t\t\t\t\t\t\t<\/div>\n\t\t\t\t<\/div>\n\t\t\t\t\t<\/div>\n\t\t\t\t<\/div>\n\t\t\t\t<\/div>\n\t\t","protected":false},"excerpt":{"rendered":"<p><strong>Autores:\u00a0<\/strong>SECLA \u2013 Sociedad Espa\u00f1ola de Cirug\u00eda Laparosc\u00f3pica y Rob\u00f3tica. Elena Ortiz Oshiro,Juan Carlos de Agust\u00edn Asensio,Jes\u00fas Moreno Sierra<br \/>\n<strong>ISBN:<\/strong>\u00a09788491108511<br \/>\n<strong>Editorial:<\/strong>\u00a0Panamericana<br \/>\n<strong>Edici\u00f3n:<\/strong>\u00a01\u00aa<br \/>\n<strong>Especialidad<\/strong>: Cirug\u00eda<br \/>\n<strong>P\u00e1ginas<\/strong>: 328<br \/>\n\u00a9 2023<\/p>\n","protected":false},"featured_media":11395,"comment_status":"open","ping_status":"open","template":"","meta":{"_joinchat":[]},"product_cat":[175],"product_tag":[176,70],"class_list":{"0":"post-11394","1":"product","2":"type-product","3":"status-publish","4":"has-post-thumbnail","6":"product_cat-cirugia","7":"product_tag-cirugia","8":"product_tag-panamericana","10":"first","11":"instock","12":"featured","13":"taxable","14":"shipping-taxable","15":"purchasable","16":"product-type-simple"},"_links":{"self":[{"href":"https:\/\/edimeinter.com\/libreria\/wp-json\/wp\/v2\/product\/11394","targetHints":{"allow":["GET"]}}],"collection":[{"href":"https:\/\/edimeinter.com\/libreria\/wp-json\/wp\/v2\/product"}],"about":[{"href":"https:\/\/edimeinter.com\/libreria\/wp-json\/wp\/v2\/types\/product"}],"replies":[{"embeddable":true,"href":"https:\/\/edimeinter.com\/libreria\/wp-json\/wp\/v2\/comments?post=11394"}],"version-history":[{"count":1,"href":"https:\/\/edimeinter.com\/libreria\/wp-json\/wp\/v2\/product\/11394\/revisions"}],"predecessor-version":[{"id":15139,"href":"https:\/\/edimeinter.com\/libreria\/wp-json\/wp\/v2\/product\/11394\/revisions\/15139"}],"wp:featuredmedia":[{"embeddable":true,"href":"https:\/\/edimeinter.com\/libreria\/wp-json\/wp\/v2\/media\/11395"}],"wp:attachment":[{"href":"https:\/\/edimeinter.com\/libreria\/wp-json\/wp\/v2\/media?parent=11394"}],"wp:term":[{"taxonomy":"product_cat","embeddable":true,"href":"https:\/\/edimeinter.com\/libreria\/wp-json\/wp\/v2\/product_cat?post=11394"},{"taxonomy":"product_tag","embeddable":true,"href":"https:\/\/edimeinter.com\/libreria\/wp-json\/wp\/v2\/product_tag?post=11394"}],"curies":[{"name":"wp","href":"https:\/\/api.w.org\/{rel}","templated":true}]}}