{"id":11427,"date":"2025-02-07T21:59:18","date_gmt":"2025-02-07T21:59:18","guid":{"rendered":"https:\/\/edimeinter.com\/libreria\/?post_type=product&#038;p=11427"},"modified":"2025-09-04T20:18:40","modified_gmt":"2025-09-04T20:18:40","slug":"atlas-de-citologia-y-anatomia-patologica-ginecologica-clinica-2a-edicion","status":"publish","type":"product","link":"https:\/\/edimeinter.com\/libreria\/product\/atlas-de-citologia-y-anatomia-patologica-ginecologica-clinica-2a-edicion\/","title":{"rendered":"Atlas de Citolog\u00eda y Anatom\u00eda Patol\u00f3gica Ginecol\u00f3gica Cl\u00ednica. 2\u00aa Edici\u00f3n"},"content":{"rendered":"\t\t<div data-elementor-type=\"wp-post\" data-elementor-id=\"11427\" class=\"elementor elementor-11427\">\n\t\t\t\t<div class=\"elementor-element elementor-element-2612b12 e-flex e-con-boxed e-con e-parent\" data-id=\"2612b12\" data-element_type=\"container\" data-e-type=\"container\">\n\t\t\t\t\t<div class=\"e-con-inner\">\n\t\t\n\t\t<div class=\"elementor-element elementor-element-498707ae elementor-widget elementor-widget-text-editor\" data-id=\"498707ae\" data-element_type=\"widget\" data-e-type=\"widget\" data-widget_type=\"text-editor.default\">\n\t\t\t\t<div class=\"elementor-widget-container\">\n\t\t\t\t\t\t\t\t\t<p>Este atlas resume, de forma ordenada y pr\u00e1ctica, los fundamentos del diagn\u00f3stico citol\u00f3gico en Ginecolog\u00eda. La excelente calidad y el minucioso detalle de las im\u00e1genes hace que estas sean muy demostrativas y f\u00e1cilmente interpretables, incluso para los no especialistas.<\/p>\t\t\t\t\t\t\t\t<\/div>\n\t\t\t\t<\/div>\n\t\t\t\t\t<\/div>\n\t\t\t\t<\/div>\n\t\t\t\t<\/div>\n\t\t","protected":false},"excerpt":{"rendered":"<p><strong>Autores:<\/strong>\u00a0Juan Carlos Morin Gamarra,Jaume Ordi i Maj\u00e1<br \/>\n<strong>ISBN:<\/strong>\u00a09788491108436<br \/>\n<strong>Editorial:<\/strong>\u00a0Panamericana<br \/>\n<strong>Edici\u00f3n:<\/strong>\u00a02\u00aa<br \/>\n<strong>Especialidad<\/strong>: Ginecolog\u00eda y Obstetricia<br \/>\n<strong>P\u00e1ginas<\/strong>: 196<br \/>\n\u00a9 2023<\/p>\n","protected":false},"featured_media":11428,"comment_status":"open","ping_status":"closed","template":"","meta":{"_joinchat":[]},"product_cat":[104],"product_tag":[105,70],"class_list":{"0":"post-11427","1":"product","2":"type-product","3":"status-publish","4":"has-post-thumbnail","6":"product_cat-ginecologia-y-obstetricia","7":"product_tag-ginecologia-y-obstetricia","8":"product_tag-panamericana","10":"first","11":"instock","12":"featured","13":"taxable","14":"shipping-taxable","15":"purchasable","16":"product-type-simple"},"_links":{"self":[{"href":"https:\/\/edimeinter.com\/libreria\/wp-json\/wp\/v2\/product\/11427","targetHints":{"allow":["GET"]}}],"collection":[{"href":"https:\/\/edimeinter.com\/libreria\/wp-json\/wp\/v2\/product"}],"about":[{"href":"https:\/\/edimeinter.com\/libreria\/wp-json\/wp\/v2\/types\/product"}],"replies":[{"embeddable":true,"href":"https:\/\/edimeinter.com\/libreria\/wp-json\/wp\/v2\/comments?post=11427"}],"version-history":[{"count":1,"href":"https:\/\/edimeinter.com\/libreria\/wp-json\/wp\/v2\/product\/11427\/revisions"}],"predecessor-version":[{"id":15147,"href":"https:\/\/edimeinter.com\/libreria\/wp-json\/wp\/v2\/product\/11427\/revisions\/15147"}],"wp:featuredmedia":[{"embeddable":true,"href":"https:\/\/edimeinter.com\/libreria\/wp-json\/wp\/v2\/media\/11428"}],"wp:attachment":[{"href":"https:\/\/edimeinter.com\/libreria\/wp-json\/wp\/v2\/media?parent=11427"}],"wp:term":[{"taxonomy":"product_cat","embeddable":true,"href":"https:\/\/edimeinter.com\/libreria\/wp-json\/wp\/v2\/product_cat?post=11427"},{"taxonomy":"product_tag","embeddable":true,"href":"https:\/\/edimeinter.com\/libreria\/wp-json\/wp\/v2\/product_tag?post=11427"}],"curies":[{"name":"wp","href":"https:\/\/api.w.org\/{rel}","templated":true}]}}