{"id":11462,"date":"2025-02-07T22:23:40","date_gmt":"2025-02-07T22:23:40","guid":{"rendered":"https:\/\/edimeinter.com\/libreria\/?post_type=product&#038;p=11462"},"modified":"2025-03-03T20:37:41","modified_gmt":"2025-03-03T20:37:41","slug":"ventimec-tratado-de-ventilacion-mecanica-en-anestesiologia-cuidados-intensivos-y-trasplantes-1a-edicion","status":"publish","type":"product","link":"https:\/\/edimeinter.com\/libreria\/product\/ventimec-tratado-de-ventilacion-mecanica-en-anestesiologia-cuidados-intensivos-y-trasplantes-1a-edicion\/","title":{"rendered":"VENTIMEC. Tratado de Ventilaci\u00f3n Mec\u00e1nica en Anestesiolog\u00eda, Cuidados Intensivos y Trasplantes. 1\u00aa Edici\u00f3n"},"content":{"rendered":"\t\t<div data-elementor-type=\"wp-post\" data-elementor-id=\"11462\" class=\"elementor elementor-11462\">\n\t\t\t\t<div class=\"elementor-element elementor-element-2612b12 e-flex e-con-boxed e-con e-parent\" data-id=\"2612b12\" data-element_type=\"container\" data-e-type=\"container\">\n\t\t\t\t\t<div class=\"e-con-inner\">\n\t\t\n\t\t<div class=\"elementor-element elementor-element-498707ae elementor-widget elementor-widget-text-editor\" data-id=\"498707ae\" data-element_type=\"widget\" data-e-type=\"widget\" data-widget_type=\"text-editor.default\">\n\t\t\t\t<div class=\"elementor-widget-container\">\n\t\t\t\t\t\t\t\t\t<p>En los \u00faltimos diez a\u00f1os, los conocimientos sobre ventilaci\u00f3n mec\u00e1nica se han incrementado exponencialmente, raz\u00f3n por la cual, el personal sanitario debe conocer sus implicaciones en todas las \u00e1reas de aplicaci\u00f3n intra y extrahospitalaria, como los servicios de anestesia, cuidados intensivos, urgencias y cuidados intermedios tanto del paciente adulto como de los ni\u00f1os.<\/p><p>Este tratado es una obra novedosa, integral, completa y actualizada que pretende aportar al lector todos los conocimientos necesarios sobre ventilaci\u00f3n mec\u00e1nica, para que sea capaz de desenvolverse en su pr\u00e1ctica cl\u00ednica habitual.<\/p>\t\t\t\t\t\t\t\t<\/div>\n\t\t\t\t<\/div>\n\t\t\t\t\t<\/div>\n\t\t\t\t<\/div>\n\t\t\t\t<\/div>\n\t\t","protected":false},"excerpt":{"rendered":"<p><strong>Autores:<\/strong>\u00a0Javier Garc\u00eda Fern\u00e1ndez,\u00c1lvaro Mingote Llad\u00f3,Rams\u00e9s Marrero Garc\u00eda<br \/>\n<strong>ISBN:<\/strong>\u00a09788411060547<br \/>\n<strong>Editorial:<\/strong>\u00a0Panamericana<br \/>\n<strong>Edici\u00f3n:<\/strong>\u00a01\u00aa<br \/>\n<strong>Especialidad<\/strong>: Cuidados Intensivos y Medicina Cr\u00edtica,<br \/>\n<strong>P\u00e1ginas<\/strong>: 532<br \/>\n\u00a9 2023<\/p>\n","protected":false},"featured_media":11463,"comment_status":"open","ping_status":"open","template":"","meta":{"_joinchat":[]},"product_cat":[179,189],"product_tag":[180,190,70],"class_list":{"0":"post-11462","1":"product","2":"type-product","3":"status-publish","4":"has-post-thumbnail","6":"product_cat-cuidados-intensivos","7":"product_cat-medicina-critica","8":"product_tag-cuidados-intensivos","9":"product_tag-medicina-critica","10":"product_tag-panamericana","12":"first","13":"instock","14":"featured","15":"taxable","16":"shipping-taxable","17":"purchasable","18":"product-type-simple"},"_links":{"self":[{"href":"https:\/\/edimeinter.com\/libreria\/wp-json\/wp\/v2\/product\/11462","targetHints":{"allow":["GET"]}}],"collection":[{"href":"https:\/\/edimeinter.com\/libreria\/wp-json\/wp\/v2\/product"}],"about":[{"href":"https:\/\/edimeinter.com\/libreria\/wp-json\/wp\/v2\/types\/product"}],"replies":[{"embeddable":true,"href":"https:\/\/edimeinter.com\/libreria\/wp-json\/wp\/v2\/comments?post=11462"}],"version-history":[{"count":1,"href":"https:\/\/edimeinter.com\/libreria\/wp-json\/wp\/v2\/product\/11462\/revisions"}],"predecessor-version":[{"id":15204,"href":"https:\/\/edimeinter.com\/libreria\/wp-json\/wp\/v2\/product\/11462\/revisions\/15204"}],"wp:featuredmedia":[{"embeddable":true,"href":"https:\/\/edimeinter.com\/libreria\/wp-json\/wp\/v2\/media\/11463"}],"wp:attachment":[{"href":"https:\/\/edimeinter.com\/libreria\/wp-json\/wp\/v2\/media?parent=11462"}],"wp:term":[{"taxonomy":"product_cat","embeddable":true,"href":"https:\/\/edimeinter.com\/libreria\/wp-json\/wp\/v2\/product_cat?post=11462"},{"taxonomy":"product_tag","embeddable":true,"href":"https:\/\/edimeinter.com\/libreria\/wp-json\/wp\/v2\/product_tag?post=11462"}],"curies":[{"name":"wp","href":"https:\/\/api.w.org\/{rel}","templated":true}]}}