{"id":11469,"date":"2025-02-07T22:32:43","date_gmt":"2025-02-07T22:32:43","guid":{"rendered":"https:\/\/edimeinter.com\/libreria\/?post_type=product&#038;p=11469"},"modified":"2025-03-03T20:38:34","modified_gmt":"2025-03-03T20:38:34","slug":"prematuridad-seguimiento-en-el-corto-y-largo-plazo-1a-edicion","status":"publish","type":"product","link":"https:\/\/edimeinter.com\/libreria\/product\/prematuridad-seguimiento-en-el-corto-y-largo-plazo-1a-edicion\/","title":{"rendered":"Prematuridad. Seguimiento en el corto y largo plazo. 1\u00aa Edici\u00f3n"},"content":{"rendered":"\t\t<div data-elementor-type=\"wp-post\" data-elementor-id=\"11469\" class=\"elementor elementor-11469\">\n\t\t\t\t<div class=\"elementor-element elementor-element-2612b12 e-flex e-con-boxed e-con e-parent\" data-id=\"2612b12\" data-element_type=\"container\" data-e-type=\"container\">\n\t\t\t\t\t<div class=\"e-con-inner\">\n\t\t\n\t\t<div class=\"elementor-element elementor-element-498707ae elementor-widget elementor-widget-text-editor\" data-id=\"498707ae\" data-element_type=\"widget\" data-e-type=\"widget\" data-widget_type=\"text-editor.default\">\n\t\t\t\t<div class=\"elementor-widget-container\">\n\t\t\t\t\t\t\t\t\t<p>La prematuridad constituye un problema parad\u00f3jico de la salud ya que, mientras su conocimiento cient\u00edfico ha crecido en forma logar\u00edtmica, su incidencia no solo no ha disminuido, sino que se encuentra en aumento, en especial a expensas de los nacidos extremadamente prematuros. La atenci\u00f3n de estos ni\u00f1os requiere una mirada de equipo, a corto y largo plazo, y exige a los profesionales implicados un intenso aprendizaje y una ejercitaci\u00f3n especializada.<\/p><p>Prematuridad. Seguimiento en el corto y largo plazo surge del empe\u00f1o y trabajo de muchos profesionales para mejorar la calidad de vida y el pron\u00f3stico de estos ni\u00f1os.<\/p>\t\t\t\t\t\t\t\t<\/div>\n\t\t\t\t<\/div>\n\t\t\t\t\t<\/div>\n\t\t\t\t<\/div>\n\t\t\t\t<\/div>\n\t\t","protected":false},"excerpt":{"rendered":"<p><strong>Autores:<\/strong>\u00a0Cristina Couceiro,Vilma Oreiro,Diana Rodr\u00edguez<br \/>\n<strong>ISBN:<\/strong>\u00a09789500696999<br \/>\n<strong>Editorial:<\/strong>\u00a0Panamericana<br \/>\n<strong>Edici\u00f3n:<\/strong>\u00a01\u00aa<br \/>\n<strong>Especialidad<\/strong>: Pediatr\u00eda y Neonatolog\u00eda<br \/>\n<strong>P\u00e1ginas<\/strong>: 328<br \/>\n\u00a9 2023<\/p>\n","protected":false},"featured_media":11470,"comment_status":"open","ping_status":"open","template":"","meta":{"_joinchat":[]},"product_cat":[130],"product_tag":[70,131],"class_list":{"0":"post-11469","1":"product","2":"type-product","3":"status-publish","4":"has-post-thumbnail","6":"product_cat-pediatria-y-neonatologia","7":"product_tag-panamericana","8":"product_tag-pediatria-y-neonatologia","10":"first","11":"instock","12":"featured","13":"taxable","14":"shipping-taxable","15":"purchasable","16":"product-type-simple"},"_links":{"self":[{"href":"https:\/\/edimeinter.com\/libreria\/wp-json\/wp\/v2\/product\/11469","targetHints":{"allow":["GET"]}}],"collection":[{"href":"https:\/\/edimeinter.com\/libreria\/wp-json\/wp\/v2\/product"}],"about":[{"href":"https:\/\/edimeinter.com\/libreria\/wp-json\/wp\/v2\/types\/product"}],"replies":[{"embeddable":true,"href":"https:\/\/edimeinter.com\/libreria\/wp-json\/wp\/v2\/comments?post=11469"}],"version-history":[{"count":1,"href":"https:\/\/edimeinter.com\/libreria\/wp-json\/wp\/v2\/product\/11469\/revisions"}],"predecessor-version":[{"id":15205,"href":"https:\/\/edimeinter.com\/libreria\/wp-json\/wp\/v2\/product\/11469\/revisions\/15205"}],"wp:featuredmedia":[{"embeddable":true,"href":"https:\/\/edimeinter.com\/libreria\/wp-json\/wp\/v2\/media\/11470"}],"wp:attachment":[{"href":"https:\/\/edimeinter.com\/libreria\/wp-json\/wp\/v2\/media?parent=11469"}],"wp:term":[{"taxonomy":"product_cat","embeddable":true,"href":"https:\/\/edimeinter.com\/libreria\/wp-json\/wp\/v2\/product_cat?post=11469"},{"taxonomy":"product_tag","embeddable":true,"href":"https:\/\/edimeinter.com\/libreria\/wp-json\/wp\/v2\/product_tag?post=11469"}],"curies":[{"name":"wp","href":"https:\/\/api.w.org\/{rel}","templated":true}]}}