{"id":11476,"date":"2025-02-07T22:35:21","date_gmt":"2025-02-07T22:35:21","guid":{"rendered":"https:\/\/edimeinter.com\/libreria\/?post_type=product&#038;p=11476"},"modified":"2025-03-03T20:39:29","modified_gmt":"2025-03-03T20:39:29","slug":"urgencias-en-oftalmologia-guia-practica-para-su-manejo-1a-edicion","status":"publish","type":"product","link":"https:\/\/edimeinter.com\/libreria\/product\/urgencias-en-oftalmologia-guia-practica-para-su-manejo-1a-edicion\/","title":{"rendered":"Urgencias en oftalmolog\u00eda. Gu\u00eda pr\u00e1ctica para su manejo. 1\u00aa Edici\u00f3n"},"content":{"rendered":"\t\t<div data-elementor-type=\"wp-post\" data-elementor-id=\"11476\" class=\"elementor elementor-11476\">\n\t\t\t\t<div class=\"elementor-element elementor-element-2612b12 e-flex e-con-boxed e-con e-parent\" data-id=\"2612b12\" data-element_type=\"container\" data-e-type=\"container\">\n\t\t\t\t\t<div class=\"e-con-inner\">\n\t\t\n\t\t<div class=\"elementor-element elementor-element-498707ae elementor-widget elementor-widget-text-editor\" data-id=\"498707ae\" data-element_type=\"widget\" data-e-type=\"widget\" data-widget_type=\"text-editor.default\">\n\t\t\t\t<div class=\"elementor-widget-container\">\n\t\t\t\t\t\t\t\t\t<p>Gu\u00eda pr\u00e1ctica de diagn\u00f3stico y tratamiento que sirve como referencia para el manejo de urgencias oftalmol\u00f3gicas. Est\u00e1 enfocado a resolver situaciones de urgencias en oftalmolog\u00eda en forma accesible y pr\u00e1ctica. Este libro est\u00e1 dividido en secciones de especialidad y organizado en forma alfab\u00e9tica. En libro revisa el tema en 35 cap\u00edtulos contenidos en 7 secciones, con esplendidas fotograf\u00edas de casos cl\u00ednicos y did\u00e1cticos tablas de mucho beneficio para m\u00e9dicos oftalm\u00f3logos urgenci\u00f3logos, m\u00e9dicos en entrenamiento, y m\u00e9dicos de atenci\u00f3n primaria.<\/p>\t\t\t\t\t\t\t\t<\/div>\n\t\t\t\t<\/div>\n\t\t\t\t\t<\/div>\n\t\t\t\t<\/div>\n\t\t\t\t<\/div>\n\t\t","protected":false},"excerpt":{"rendered":"<p><strong>Autores:<\/strong>\u00a0David Castillejos R\u00edos<br \/>\n<strong>ISBN:<\/strong>\u00a09786078546800<br \/>\n<strong>Editorial:<\/strong>\u00a0Panamericana<br \/>\n<strong>Edici\u00f3n:<\/strong>\u00a01\u00aa<br \/>\n<strong>Especialidad<\/strong>: Oftalmolog\u00eda y Optometr\u00eda<br \/>\n<strong>P\u00e1ginas<\/strong>: 526<br \/>\n\u00a9 2023<\/p>\n","protected":false},"featured_media":11477,"comment_status":"open","ping_status":"open","template":"","meta":{"_joinchat":[]},"product_cat":[95],"product_tag":[96,70],"class_list":{"0":"post-11476","1":"product","2":"type-product","3":"status-publish","4":"has-post-thumbnail","6":"product_cat-oftalmologia-y-optometria","7":"product_tag-oftalmologia-y-optometria","8":"product_tag-panamericana","10":"first","11":"instock","12":"featured","13":"taxable","14":"shipping-taxable","15":"purchasable","16":"product-type-simple"},"_links":{"self":[{"href":"https:\/\/edimeinter.com\/libreria\/wp-json\/wp\/v2\/product\/11476","targetHints":{"allow":["GET"]}}],"collection":[{"href":"https:\/\/edimeinter.com\/libreria\/wp-json\/wp\/v2\/product"}],"about":[{"href":"https:\/\/edimeinter.com\/libreria\/wp-json\/wp\/v2\/types\/product"}],"replies":[{"embeddable":true,"href":"https:\/\/edimeinter.com\/libreria\/wp-json\/wp\/v2\/comments?post=11476"}],"version-history":[{"count":1,"href":"https:\/\/edimeinter.com\/libreria\/wp-json\/wp\/v2\/product\/11476\/revisions"}],"predecessor-version":[{"id":15206,"href":"https:\/\/edimeinter.com\/libreria\/wp-json\/wp\/v2\/product\/11476\/revisions\/15206"}],"wp:featuredmedia":[{"embeddable":true,"href":"https:\/\/edimeinter.com\/libreria\/wp-json\/wp\/v2\/media\/11477"}],"wp:attachment":[{"href":"https:\/\/edimeinter.com\/libreria\/wp-json\/wp\/v2\/media?parent=11476"}],"wp:term":[{"taxonomy":"product_cat","embeddable":true,"href":"https:\/\/edimeinter.com\/libreria\/wp-json\/wp\/v2\/product_cat?post=11476"},{"taxonomy":"product_tag","embeddable":true,"href":"https:\/\/edimeinter.com\/libreria\/wp-json\/wp\/v2\/product_tag?post=11476"}],"curies":[{"name":"wp","href":"https:\/\/api.w.org\/{rel}","templated":true}]}}