{"id":11482,"date":"2025-02-07T22:39:27","date_gmt":"2025-02-07T22:39:27","guid":{"rendered":"https:\/\/edimeinter.com\/libreria\/?post_type=product&#038;p=11482"},"modified":"2025-03-03T20:40:56","modified_gmt":"2025-03-03T20:40:56","slug":"neuropediatria-fundamentos-practicos-1a-edicion","status":"publish","type":"product","link":"https:\/\/edimeinter.com\/libreria\/product\/neuropediatria-fundamentos-practicos-1a-edicion\/","title":{"rendered":"Neuropediatr\u00eda. Fundamentos pr\u00e1cticos. 1\u00aa Edici\u00f3n"},"content":{"rendered":"\t\t<div data-elementor-type=\"wp-post\" data-elementor-id=\"11482\" class=\"elementor elementor-11482\">\n\t\t\t\t<div class=\"elementor-element elementor-element-2612b12 e-flex e-con-boxed e-con e-parent\" data-id=\"2612b12\" data-element_type=\"container\" data-e-type=\"container\">\n\t\t\t\t\t<div class=\"e-con-inner\">\n\t\t\n\t\t<div class=\"elementor-element elementor-element-498707ae elementor-widget elementor-widget-text-editor\" data-id=\"498707ae\" data-element_type=\"widget\" data-e-type=\"widget\" data-widget_type=\"text-editor.default\">\n\t\t\t\t<div class=\"elementor-widget-container\">\n\t\t\t\t\t\t\t\t\t<p>El progreso en el conocimiento de los trastornos que se engloban en el campo de la Neuropediatr\u00eda, debido a los espectaculares avances en las tecnolog\u00edas m\u00e9dicas, ha revolucionado nuestra comprensi\u00f3n de la nosolog\u00eda, la etiolog\u00eda y la fisiopatolog\u00eda de los trastornos neuropedi\u00e1tricos y, en especial, ha facilitado y aumentado enormemente las posibilidades diagn\u00f3sticas, m\u00e1s all\u00e1 de cuanto podr\u00eda ser imaginado hace solo unos a\u00f1os.<\/p><p>En este nuevo y complejo escenario, esta magn\u00edfica obra, con su enfoque integral y eminentemente pr\u00e1ctico, viene a recomponer un orden necesario en el desarrollo del pensamiento m\u00e9dico neuropedi\u00e1trico, que va desde los primeros pasos en la evaluaci\u00f3n de un paciente hasta los mayores avances en el diagn\u00f3stico y el tratamiento.<\/p>\t\t\t\t\t\t\t\t<\/div>\n\t\t\t\t<\/div>\n\t\t\t\t\t<\/div>\n\t\t\t\t<\/div>\n\t\t\t\t<\/div>\n\t\t","protected":false},"excerpt":{"rendered":"<p><strong>Autores:<\/strong>\u00a0Roberto H. Caraballo,Jaume Campistol Plana,Gabriel Gonz\u00e1lez Rabelino<br \/>\n<strong>ISBN:<\/strong>\u00a09789500696968<br \/>\n<strong>Editorial:<\/strong>\u00a0Panamericana<br \/>\n<strong>Edici\u00f3n:<\/strong>\u00a01\u00aa<br \/>\n<strong>Especialidad<\/strong>: Neurolog\u00eda y Neurocirug\u00eda<br \/>\n<strong>P\u00e1ginas<\/strong>: 1380<br \/>\n\u00a9 2023<\/p>\n","protected":false},"featured_media":11483,"comment_status":"open","ping_status":"open","template":"","meta":{"_joinchat":[]},"product_cat":[166],"product_tag":[167,70],"class_list":{"0":"post-11482","1":"product","2":"type-product","3":"status-publish","4":"has-post-thumbnail","6":"product_cat-neurologia-y-neurocirugia","7":"product_tag-neurologia-y-neurocirugia","8":"product_tag-panamericana","10":"first","11":"instock","12":"featured","13":"taxable","14":"shipping-taxable","15":"purchasable","16":"product-type-simple"},"_links":{"self":[{"href":"https:\/\/edimeinter.com\/libreria\/wp-json\/wp\/v2\/product\/11482","targetHints":{"allow":["GET"]}}],"collection":[{"href":"https:\/\/edimeinter.com\/libreria\/wp-json\/wp\/v2\/product"}],"about":[{"href":"https:\/\/edimeinter.com\/libreria\/wp-json\/wp\/v2\/types\/product"}],"replies":[{"embeddable":true,"href":"https:\/\/edimeinter.com\/libreria\/wp-json\/wp\/v2\/comments?post=11482"}],"version-history":[{"count":1,"href":"https:\/\/edimeinter.com\/libreria\/wp-json\/wp\/v2\/product\/11482\/revisions"}],"predecessor-version":[{"id":15207,"href":"https:\/\/edimeinter.com\/libreria\/wp-json\/wp\/v2\/product\/11482\/revisions\/15207"}],"wp:featuredmedia":[{"embeddable":true,"href":"https:\/\/edimeinter.com\/libreria\/wp-json\/wp\/v2\/media\/11483"}],"wp:attachment":[{"href":"https:\/\/edimeinter.com\/libreria\/wp-json\/wp\/v2\/media?parent=11482"}],"wp:term":[{"taxonomy":"product_cat","embeddable":true,"href":"https:\/\/edimeinter.com\/libreria\/wp-json\/wp\/v2\/product_cat?post=11482"},{"taxonomy":"product_tag","embeddable":true,"href":"https:\/\/edimeinter.com\/libreria\/wp-json\/wp\/v2\/product_tag?post=11482"}],"curies":[{"name":"wp","href":"https:\/\/api.w.org\/{rel}","templated":true}]}}