{"id":11499,"date":"2025-02-07T22:48:29","date_gmt":"2025-02-07T22:48:29","guid":{"rendered":"https:\/\/edimeinter.com\/libreria\/?post_type=product&#038;p=11499"},"modified":"2025-06-26T21:42:59","modified_gmt":"2025-06-26T21:42:59","slug":"fundamentos-de-genetica-5a-edicion","status":"publish","type":"product","link":"https:\/\/edimeinter.com\/libreria\/product\/fundamentos-de-genetica-5a-edicion\/","title":{"rendered":"Fundamentos de Gen\u00e9tica. 5\u00aa Edici\u00f3n"},"content":{"rendered":"\t\t<div data-elementor-type=\"wp-post\" data-elementor-id=\"11499\" class=\"elementor elementor-11499\">\n\t\t\t\t<div class=\"elementor-element elementor-element-2612b12 e-flex e-con-boxed e-con e-parent\" data-id=\"2612b12\" data-element_type=\"container\" data-e-type=\"container\">\n\t\t\t\t\t<div class=\"e-con-inner\">\n\t\t\n\t\t<div class=\"elementor-element elementor-element-498707ae elementor-widget elementor-widget-text-editor\" data-id=\"498707ae\" data-element_type=\"widget\" data-e-type=\"widget\" data-widget_type=\"text-editor.default\">\n\t\t\t\t<div class=\"elementor-widget-container\">\n\t\t\t\t\t\t\t\t\t<p>La quinta edici\u00f3n de Fundamentos de Gen\u00e9tica. Conceptos y relaciones es un texto conciso, similar en su abordaje a la popular y aclamada obra de Ben Pierce, Gen\u00e9tica: Un enfoque conceptual. Se abordan los descubrimientos recientes en gen\u00e9tica relacionados con nuestro conocimiento siempre cambiante de la herencia, el car\u00e1cter molecular de la informaci\u00f3n gen\u00e9tica, la epigen\u00e9tica y la evoluci\u00f3n gen\u00e9tica. Asimismo, esta edici\u00f3n se centra en la actualizaci\u00f3n de las nuevas t\u00e9cnicas de investigaci\u00f3n que se han puesto a disposici\u00f3n de los genetistas en los \u00faltimos a\u00f1os. Destinada principalmente a estudiantes de biolog\u00eda, ciencias de la salud en general, y en particular de gen\u00e9tica, esta obra constituir\u00e1 una herramienta de gran utilidad para la formaci\u00f3n acad\u00e9mica y la incorporaci\u00f3n de s\u00f3lidos conocimientos en la tem\u00e1tica que trata.<\/p>\t\t\t\t\t\t\t\t<\/div>\n\t\t\t\t<\/div>\n\t\t\t\t\t<\/div>\n\t\t\t\t<\/div>\n\t\t\t\t<\/div>\n\t\t","protected":false},"excerpt":{"rendered":"<p><strong>Autores:<\/strong>\u00a0Benjamin A. Pierce<br \/>\n<strong>ISBN:<\/strong>\u00a09788411061247<br \/>\n<strong>Editorial:<\/strong>\u00a0Panamericana<br \/>\n<strong>Edici\u00f3n:<\/strong>\u00a05\u00aa<br \/>\n<strong>Especialidad<\/strong>: Gen\u00e9tica<br \/>\n<strong>P\u00e1ginas<\/strong>: 576<br \/>\n\u00a9 2023<\/p>\n","protected":false},"featured_media":11500,"comment_status":"open","ping_status":"closed","template":"","meta":{"_joinchat":[]},"product_cat":[144],"product_tag":[145,70],"class_list":{"0":"post-11499","1":"product","2":"type-product","3":"status-publish","4":"has-post-thumbnail","6":"product_cat-genetica","7":"product_tag-genetica","8":"product_tag-panamericana","10":"first","11":"instock","12":"featured","13":"taxable","14":"shipping-taxable","15":"purchasable","16":"product-type-simple"},"_links":{"self":[{"href":"https:\/\/edimeinter.com\/libreria\/wp-json\/wp\/v2\/product\/11499","targetHints":{"allow":["GET"]}}],"collection":[{"href":"https:\/\/edimeinter.com\/libreria\/wp-json\/wp\/v2\/product"}],"about":[{"href":"https:\/\/edimeinter.com\/libreria\/wp-json\/wp\/v2\/types\/product"}],"replies":[{"embeddable":true,"href":"https:\/\/edimeinter.com\/libreria\/wp-json\/wp\/v2\/comments?post=11499"}],"version-history":[{"count":1,"href":"https:\/\/edimeinter.com\/libreria\/wp-json\/wp\/v2\/product\/11499\/revisions"}],"predecessor-version":[{"id":15209,"href":"https:\/\/edimeinter.com\/libreria\/wp-json\/wp\/v2\/product\/11499\/revisions\/15209"}],"wp:featuredmedia":[{"embeddable":true,"href":"https:\/\/edimeinter.com\/libreria\/wp-json\/wp\/v2\/media\/11500"}],"wp:attachment":[{"href":"https:\/\/edimeinter.com\/libreria\/wp-json\/wp\/v2\/media?parent=11499"}],"wp:term":[{"taxonomy":"product_cat","embeddable":true,"href":"https:\/\/edimeinter.com\/libreria\/wp-json\/wp\/v2\/product_cat?post=11499"},{"taxonomy":"product_tag","embeddable":true,"href":"https:\/\/edimeinter.com\/libreria\/wp-json\/wp\/v2\/product_tag?post=11499"}],"curies":[{"name":"wp","href":"https:\/\/api.w.org\/{rel}","templated":true}]}}