{"id":11505,"date":"2025-02-07T22:50:57","date_gmt":"2025-02-07T22:50:57","guid":{"rendered":"https:\/\/edimeinter.com\/libreria\/?post_type=product&#038;p=11505"},"modified":"2025-07-03T19:29:15","modified_gmt":"2025-07-03T19:29:15","slug":"la-inmunologia-en-la-salud-y-la-enfermedad-3a-edicion","status":"publish","type":"product","link":"https:\/\/edimeinter.com\/libreria\/product\/la-inmunologia-en-la-salud-y-la-enfermedad-3a-edicion\/","title":{"rendered":"La Inmunolog\u00eda en la Salud y la Enfermedad. 3\u00aa Edici\u00f3n"},"content":{"rendered":"\t\t<div data-elementor-type=\"wp-post\" data-elementor-id=\"11505\" class=\"elementor elementor-11505\">\n\t\t\t\t<div class=\"elementor-element elementor-element-2612b12 e-flex e-con-boxed e-con e-parent\" data-id=\"2612b12\" data-element_type=\"container\" data-e-type=\"container\">\n\t\t\t\t\t<div class=\"e-con-inner\">\n\t\t\n\t\t<div class=\"elementor-element elementor-element-498707ae elementor-widget elementor-widget-text-editor\" data-id=\"498707ae\" data-element_type=\"widget\" data-e-type=\"widget\" data-widget_type=\"text-editor.default\">\n\t\t\t\t<div class=\"elementor-widget-container\">\n\t\t\t\t\t\t\t\t\t<p>La obra contiene la informaci\u00f3n b\u00e1sica y cl\u00ednica indispensable para los estudiantes de Medicina y otras disciplinas del \u00e1rea biom\u00e9dica. Esta nueva edici\u00f3n incorpora la actualizaci\u00f3n de conceptos y conocimientos hasta el a\u00f1o 2022, incluyendo recomendaciones nacionales e internacionales para tratar a personas infectadas con el VIH. Incluye un cap\u00edtulo sobre la inmunidad de mucosas y resalta le importancia de la microbiota en la salud. La segunda parte del libro tiene la informaci\u00f3n de la aplicaci\u00f3n cl\u00ednica del conocimiento b\u00e1sico de la primera parte de la obra; adem\u00e1s de aplicar esa informaci\u00f3n en el diagn\u00f3stico, pron\u00f3stico y el razonamiento para escoger un tratamiento con efectores inmunol\u00f3gicos.<\/p><p>El libro de texto La Inmunolog\u00eda en la Salud y en la Enfermedad ha sido utilizado por miles de estudiantes en los niveles de Licenciatura de M\u00e9dico Cirujano y Partero, Odontolog\u00eda, Salud P\u00fablica y Nutrici\u00f3n, Qu\u00edmico Cl\u00ednico Bi\u00f3logo, Qu\u00edmico F\u00e1rmaco Bi\u00f3logo, Parasit\u00f3logo adem\u00e1s se utiliza como libro de consulta por estudiantes de Maestr\u00eda y Doctorado en Ciencias Biom\u00e9dicas que necesitan informaci\u00f3n fundamental de la Inmunolog\u00eda para sus tesis.<\/p><p>Sirve como gu\u00eda para repasar conocimientos a M\u00e9dicos que se preparan para presentar el examen nacional de aspirantes a las Residencias m\u00e9dicas (ENARM).<\/p>\t\t\t\t\t\t\t\t<\/div>\n\t\t\t\t<\/div>\n\t\t\t\t\t<\/div>\n\t\t\t\t<\/div>\n\t\t\t\t<\/div>\n\t\t","protected":false},"excerpt":{"rendered":"<p><strong>Autores:<\/strong>\u00a0Mario C\u00e9sar Salinas Carmona<br \/>\n<strong>ISBN:<\/strong>\u00a09786078546756<br \/>\n<strong>Editorial:<\/strong>\u00a0Panamericana<br \/>\n<strong>Edici\u00f3n:<\/strong>\u00a03\u00aa<br \/>\n<strong>Especialidad<\/strong>: Inmunolog\u00eda<br \/>\n<strong>P\u00e1ginas<\/strong>: 613<br \/>\n\u00a9 2023<\/p>\n","protected":false},"featured_media":11506,"comment_status":"open","ping_status":"closed","template":"","meta":{"_joinchat":[]},"product_cat":[164],"product_tag":[165,70],"class_list":{"0":"post-11505","1":"product","2":"type-product","3":"status-publish","4":"has-post-thumbnail","6":"product_cat-inmunologia","7":"product_tag-inmunologia","8":"product_tag-panamericana","10":"first","11":"instock","12":"featured","13":"taxable","14":"shipping-taxable","15":"purchasable","16":"product-type-simple"},"_links":{"self":[{"href":"https:\/\/edimeinter.com\/libreria\/wp-json\/wp\/v2\/product\/11505","targetHints":{"allow":["GET"]}}],"collection":[{"href":"https:\/\/edimeinter.com\/libreria\/wp-json\/wp\/v2\/product"}],"about":[{"href":"https:\/\/edimeinter.com\/libreria\/wp-json\/wp\/v2\/types\/product"}],"replies":[{"embeddable":true,"href":"https:\/\/edimeinter.com\/libreria\/wp-json\/wp\/v2\/comments?post=11505"}],"version-history":[{"count":1,"href":"https:\/\/edimeinter.com\/libreria\/wp-json\/wp\/v2\/product\/11505\/revisions"}],"predecessor-version":[{"id":15210,"href":"https:\/\/edimeinter.com\/libreria\/wp-json\/wp\/v2\/product\/11505\/revisions\/15210"}],"wp:featuredmedia":[{"embeddable":true,"href":"https:\/\/edimeinter.com\/libreria\/wp-json\/wp\/v2\/media\/11506"}],"wp:attachment":[{"href":"https:\/\/edimeinter.com\/libreria\/wp-json\/wp\/v2\/media?parent=11505"}],"wp:term":[{"taxonomy":"product_cat","embeddable":true,"href":"https:\/\/edimeinter.com\/libreria\/wp-json\/wp\/v2\/product_cat?post=11505"},{"taxonomy":"product_tag","embeddable":true,"href":"https:\/\/edimeinter.com\/libreria\/wp-json\/wp\/v2\/product_tag?post=11505"}],"curies":[{"name":"wp","href":"https:\/\/api.w.org\/{rel}","templated":true}]}}