{"id":11511,"date":"2025-02-07T23:15:02","date_gmt":"2025-02-07T23:15:02","guid":{"rendered":"https:\/\/edimeinter.com\/libreria\/?post_type=product&#038;p=11511"},"modified":"2025-03-03T20:50:47","modified_gmt":"2025-03-03T20:50:47","slug":"calidad-y-seguridad-en-la-atencion-del-paciente-1a-edicion","status":"publish","type":"product","link":"https:\/\/edimeinter.com\/libreria\/product\/calidad-y-seguridad-en-la-atencion-del-paciente-1a-edicion\/","title":{"rendered":"Calidad y seguridad en la atenci\u00f3n del paciente. 1\u00aa Edici\u00f3n"},"content":{"rendered":"\t\t<div data-elementor-type=\"wp-post\" data-elementor-id=\"11511\" class=\"elementor elementor-11511\">\n\t\t\t\t<div class=\"elementor-element elementor-element-2612b12 e-flex e-con-boxed e-con e-parent\" data-id=\"2612b12\" data-element_type=\"container\" data-e-type=\"container\">\n\t\t\t\t\t<div class=\"e-con-inner\">\n\t\t\n\t\t<div class=\"elementor-element elementor-element-498707ae elementor-widget elementor-widget-text-editor\" data-id=\"498707ae\" data-element_type=\"widget\" data-e-type=\"widget\" data-widget_type=\"text-editor.default\">\n\t\t\t\t<div class=\"elementor-widget-container\">\n\t\t\t\t\t\t\t\t\t<p>El libro aborda uno de los temas m\u00e1s importantes y menos conocidos del saber de la medicina que es lo referente a la Calidad, pero m\u00e1s importante la Seguridad del Paciente, en donde de acuerdo a la aparici\u00f3n de los cap\u00edtulos se inicia dando una breve rese\u00f1a hist\u00f3rica de la calidad enfocada a la salud, para posteriormente abordar conceptos generales de la calidad, los siguientes cap\u00edtulo muestran la calidad desde diversas perspectivas como son la ense\u00f1anza, aprendizaje, la simulaci\u00f3n, y la investigaci\u00f3n, enseguida se mencionan los diferentes modelos de calidad en el mundo y se termina la primer secci\u00f3n describiendo al Consejo de Salubridad General, quien la entidad en M\u00e9xico que aglutina la Calidad de la Atenci\u00f3n del Paciente como su seguridad al ser el Cuerpo colegiado Nacional cuya misi\u00f3n entre otras es la Certificaci\u00f3n de la Calidad de los Establecimientos de Atenci\u00f3n M\u00e9dica.<\/p><p>Posteriormente se abordan los elementos bajo los cuales se realiza la certificaci\u00f3n en nuestro pa\u00eds, desde la perspectiva del c\u00f3mo hacer las cosas, ya los est\u00e1ndares de certificaci\u00f3n te solicitan que hacer, mas no te dicen el como hacerlo, nuestro libro ofrece ejemplos operativos de como solucionar los problemas m\u00e1s comunes. La parte final del libro menciona conceptos complementarios y las herramientas para poder medir la calidad y la seguridad, finalmente se finaliza con un cap\u00edtulo exclusivo a la pandemia por el COVID19, desde la perspectiva de la Gesti\u00f3n de riesgos, y abordaje administrativo, log\u00edstico, human\u00edstico y asistencial.<\/p>\t\t\t\t\t\t\t\t<\/div>\n\t\t\t\t<\/div>\n\t\t\t\t\t<\/div>\n\t\t\t\t<\/div>\n\t\t\t\t<\/div>\n\t\t","protected":false},"excerpt":{"rendered":"<p><strong>Autores:<\/strong>\u00a0Rodolfo M\u00e1rquez Mart\u00edn,V\u00edctor Manuel Pe\u00f1a Mart\u00ednez<br \/>\n<strong>ISBN:<\/strong>\u00a09786078546671<br \/>\n<strong>Editorial:<\/strong>\u00a0Panamericana<br \/>\n<strong>Edici\u00f3n:<\/strong>\u00a01\u00aa<br \/>\n<strong>Especialidad<\/strong>: Salud P\u00fablica<br \/>\n<strong>P\u00e1ginas<\/strong>: 600<br \/>\n\u00a9 2022<\/p>\n","protected":false},"featured_media":11512,"comment_status":"open","ping_status":"open","template":"","meta":{"_joinchat":[]},"product_cat":[193],"product_tag":[70,194],"class_list":{"0":"post-11511","1":"product","2":"type-product","3":"status-publish","4":"has-post-thumbnail","6":"product_cat-salud-publica","7":"product_tag-panamericana","8":"product_tag-salud-publica","10":"first","11":"instock","12":"featured","13":"taxable","14":"shipping-taxable","15":"purchasable","16":"product-type-simple"},"_links":{"self":[{"href":"https:\/\/edimeinter.com\/libreria\/wp-json\/wp\/v2\/product\/11511","targetHints":{"allow":["GET"]}}],"collection":[{"href":"https:\/\/edimeinter.com\/libreria\/wp-json\/wp\/v2\/product"}],"about":[{"href":"https:\/\/edimeinter.com\/libreria\/wp-json\/wp\/v2\/types\/product"}],"replies":[{"embeddable":true,"href":"https:\/\/edimeinter.com\/libreria\/wp-json\/wp\/v2\/comments?post=11511"}],"version-history":[{"count":1,"href":"https:\/\/edimeinter.com\/libreria\/wp-json\/wp\/v2\/product\/11511\/revisions"}],"predecessor-version":[{"id":15211,"href":"https:\/\/edimeinter.com\/libreria\/wp-json\/wp\/v2\/product\/11511\/revisions\/15211"}],"wp:featuredmedia":[{"embeddable":true,"href":"https:\/\/edimeinter.com\/libreria\/wp-json\/wp\/v2\/media\/11512"}],"wp:attachment":[{"href":"https:\/\/edimeinter.com\/libreria\/wp-json\/wp\/v2\/media?parent=11511"}],"wp:term":[{"taxonomy":"product_cat","embeddable":true,"href":"https:\/\/edimeinter.com\/libreria\/wp-json\/wp\/v2\/product_cat?post=11511"},{"taxonomy":"product_tag","embeddable":true,"href":"https:\/\/edimeinter.com\/libreria\/wp-json\/wp\/v2\/product_tag?post=11511"}],"curies":[{"name":"wp","href":"https:\/\/api.w.org\/{rel}","templated":true}]}}