{"id":11517,"date":"2025-02-08T17:51:28","date_gmt":"2025-02-08T17:51:28","guid":{"rendered":"https:\/\/edimeinter.com\/libreria\/?post_type=product&#038;p=11517"},"modified":"2025-03-03T20:51:54","modified_gmt":"2025-03-03T20:51:54","slug":"anatomia-humana-en-casos-clinicos-5a-edicion","status":"publish","type":"product","link":"https:\/\/edimeinter.com\/libreria\/product\/anatomia-humana-en-casos-clinicos-5a-edicion\/","title":{"rendered":"Anatom\u00eda Humana en Casos Cl\u00ednicos. 5\u00aa Edici\u00f3n"},"content":{"rendered":"\t\t<div data-elementor-type=\"wp-post\" data-elementor-id=\"11517\" class=\"elementor elementor-11517\">\n\t\t\t\t<div class=\"elementor-element elementor-element-2612b12 e-flex e-con-boxed e-con e-parent\" data-id=\"2612b12\" data-element_type=\"container\" data-e-type=\"container\">\n\t\t\t\t\t<div class=\"e-con-inner\">\n\t\t\n\t\t<div class=\"elementor-element elementor-element-498707ae elementor-widget elementor-widget-text-editor\" data-id=\"498707ae\" data-element_type=\"widget\" data-e-type=\"widget\" data-widget_type=\"text-editor.default\">\n\t\t\t\t<div class=\"elementor-widget-container\">\n\t\t\t\t\t\t\t\t\t<p>Las dificultades con la que se enfrentan todos los estudiantes de anatom\u00eda son la gran carga de contenidos que deben aprender y la poca posibilidad de integrar este conocimiento con los aspectos cl\u00ednicos; esto ha motivado a los autores a elaborar una obra que contenga y relacione las dos \u00e1reas: la anat\u00f3mica y la cl\u00ednica. La nueva edici\u00f3n presenta un dise\u00f1o novedoso y atractivo que lleva al lector desde la simple memorizaci\u00f3n, hasta la aplicaci\u00f3n de los conocimientos en la pr\u00e1ctica cl\u00ednica.<\/p><p>Entre sus caracter\u00edsticas se destacan:<\/p><ul><li>Una cuidadosa selecci\u00f3n de casos cl\u00ednicos representativos de cada \u00e1rea anat\u00f3mica.<\/li><li>Nuevas figuras con se\u00f1alizaci\u00f3n de las estructuras anat\u00f3micas.<\/li><li>Cap\u00edtulos dedicados a la anatom\u00eda de superficie y su aplicaci\u00f3n en la exploraci\u00f3n f\u00edsica.<\/li><\/ul><p>Un sitio web complementario que incluye una innovadora herramienta con audios explicativos de la relaci\u00f3n de la anatom\u00eda con la cl\u00ednica. Asimismo, el estudiante tendr\u00e1 la posibilidad de conocer las respuestas a los ejercicios de los casos cl\u00ednicos y descargarlas.<\/p>\t\t\t\t\t\t\t\t<\/div>\n\t\t\t\t<\/div>\n\t\t\t\t\t<\/div>\n\t\t\t\t<\/div>\n\t\t\t\t<\/div>\n\t\t","protected":false},"excerpt":{"rendered":"<p><strong>Autores:<\/strong>\u00a0Santos Guzm\u00e1n L\u00f3pez,Rodrigo E. Elizondo-Oma\u00f1a<br \/>\n<strong>ISBN:<\/strong>\u00a09786078546664<br \/>\n<strong>Editorial:<\/strong>\u00a0Panamericana<br \/>\n<strong>Edici\u00f3n:<\/strong>\u00a05\u00aa<br \/>\n<strong>Especialidad<\/strong>: Anatom\u00eda<br \/>\n<strong>P\u00e1ginas<\/strong>: 495<br \/>\n\u00a9 2022<\/p>\n","protected":false},"featured_media":11518,"comment_status":"open","ping_status":"open","template":"","meta":{"_joinchat":[]},"product_cat":[100],"product_tag":[101,70],"class_list":{"0":"post-11517","1":"product","2":"type-product","3":"status-publish","4":"has-post-thumbnail","6":"product_cat-anatomia","7":"product_tag-anatomia","8":"product_tag-panamericana","10":"first","11":"outofstock","12":"featured","13":"taxable","14":"shipping-taxable","15":"purchasable","16":"product-type-simple"},"_links":{"self":[{"href":"https:\/\/edimeinter.com\/libreria\/wp-json\/wp\/v2\/product\/11517","targetHints":{"allow":["GET"]}}],"collection":[{"href":"https:\/\/edimeinter.com\/libreria\/wp-json\/wp\/v2\/product"}],"about":[{"href":"https:\/\/edimeinter.com\/libreria\/wp-json\/wp\/v2\/types\/product"}],"replies":[{"embeddable":true,"href":"https:\/\/edimeinter.com\/libreria\/wp-json\/wp\/v2\/comments?post=11517"}],"version-history":[{"count":1,"href":"https:\/\/edimeinter.com\/libreria\/wp-json\/wp\/v2\/product\/11517\/revisions"}],"predecessor-version":[{"id":15212,"href":"https:\/\/edimeinter.com\/libreria\/wp-json\/wp\/v2\/product\/11517\/revisions\/15212"}],"wp:featuredmedia":[{"embeddable":true,"href":"https:\/\/edimeinter.com\/libreria\/wp-json\/wp\/v2\/media\/11518"}],"wp:attachment":[{"href":"https:\/\/edimeinter.com\/libreria\/wp-json\/wp\/v2\/media?parent=11517"}],"wp:term":[{"taxonomy":"product_cat","embeddable":true,"href":"https:\/\/edimeinter.com\/libreria\/wp-json\/wp\/v2\/product_cat?post=11517"},{"taxonomy":"product_tag","embeddable":true,"href":"https:\/\/edimeinter.com\/libreria\/wp-json\/wp\/v2\/product_tag?post=11517"}],"curies":[{"name":"wp","href":"https:\/\/api.w.org\/{rel}","templated":true}]}}