{"id":11523,"date":"2025-02-08T18:01:54","date_gmt":"2025-02-08T18:01:54","guid":{"rendered":"https:\/\/edimeinter.com\/libreria\/?post_type=product&#038;p=11523"},"modified":"2025-03-03T20:52:43","modified_gmt":"2025-03-03T20:52:43","slug":"ordenes-de-tratamiento-en-reumatologia-7a-edicion","status":"publish","type":"product","link":"https:\/\/edimeinter.com\/libreria\/product\/ordenes-de-tratamiento-en-reumatologia-7a-edicion\/","title":{"rendered":"\u00d3rdenes de Tratamiento en Reumatolog\u00eda. 7\u00aa Edici\u00f3n"},"content":{"rendered":"\t\t<div data-elementor-type=\"wp-post\" data-elementor-id=\"11523\" class=\"elementor elementor-11523\">\n\t\t\t\t<div class=\"elementor-element elementor-element-2612b12 e-flex e-con-boxed e-con e-parent\" data-id=\"2612b12\" data-element_type=\"container\" data-e-type=\"container\">\n\t\t\t\t\t<div class=\"e-con-inner\">\n\t\t\n\t\t<div class=\"elementor-element elementor-element-498707ae elementor-widget elementor-widget-text-editor\" data-id=\"498707ae\" data-element_type=\"widget\" data-e-type=\"widget\" data-widget_type=\"text-editor.default\">\n\t\t\t\t<div class=\"elementor-widget-container\">\n\t\t\t\t\t\t\t\t\t<p>Este libro pretende ser una obra viva que se adapte al vertiginoso progreso actual de la terapia de las enfermedades autoinmunes sist\u00e9micas y musculoesquel\u00e9ticas. La obra est\u00e1 pensada para que, tanto el residente como el especialista novel, dispongan de una herramienta \u00fatil y pr\u00e1ctica que les ayude a dise\u00f1ar y redactar con eficacia y seguridad los planes terap\u00e9uticos que requieren los pacientes con enfermedades reum\u00e1ticas.<\/p><p>Esta nueva edici\u00f3n revisa y actualiza sus contenidos y mantiene los principios sobre los que fue creada: tratar de alcanzar la m\u00e1xima actualizaci\u00f3n y precisi\u00f3n en la descripci\u00f3n de las \u00f3rdenes de tratamiento.<\/p>\t\t\t\t\t\t\t\t<\/div>\n\t\t\t\t<\/div>\n\t\t\t\t\t<\/div>\n\t\t\t\t<\/div>\n\t\t\t\t<\/div>\n\t\t","protected":false},"excerpt":{"rendered":"<p><strong>Autores:<\/strong>\u00a0Luc\u00eda Silva Fern\u00e1ndez,Jos\u00e9 Luis Andr\u00e9u S\u00e1nchez<br \/>\n<strong>ISBN:<\/strong>\u00a09788411060448<br \/>\n<strong>Editorial:<\/strong>\u00a0Panamericana<br \/>\n<strong>Edici\u00f3n:<\/strong>\u00a07\u00aa<br \/>\n<strong>Especialidad<\/strong>: Reumatolog\u00eda<br \/>\n<strong>P\u00e1ginas<\/strong>: 640<br \/>\n\u00a9 2022<\/p>\n","protected":false},"featured_media":11524,"comment_status":"open","ping_status":"open","template":"","meta":{"_joinchat":[]},"product_cat":[197],"product_tag":[70,198],"class_list":{"0":"post-11523","1":"product","2":"type-product","3":"status-publish","4":"has-post-thumbnail","6":"product_cat-reumatologia","7":"product_tag-panamericana","8":"product_tag-reumatologia","10":"first","11":"instock","12":"featured","13":"taxable","14":"shipping-taxable","15":"purchasable","16":"product-type-simple"},"_links":{"self":[{"href":"https:\/\/edimeinter.com\/libreria\/wp-json\/wp\/v2\/product\/11523","targetHints":{"allow":["GET"]}}],"collection":[{"href":"https:\/\/edimeinter.com\/libreria\/wp-json\/wp\/v2\/product"}],"about":[{"href":"https:\/\/edimeinter.com\/libreria\/wp-json\/wp\/v2\/types\/product"}],"replies":[{"embeddable":true,"href":"https:\/\/edimeinter.com\/libreria\/wp-json\/wp\/v2\/comments?post=11523"}],"version-history":[{"count":2,"href":"https:\/\/edimeinter.com\/libreria\/wp-json\/wp\/v2\/product\/11523\/revisions"}],"predecessor-version":[{"id":15214,"href":"https:\/\/edimeinter.com\/libreria\/wp-json\/wp\/v2\/product\/11523\/revisions\/15214"}],"wp:featuredmedia":[{"embeddable":true,"href":"https:\/\/edimeinter.com\/libreria\/wp-json\/wp\/v2\/media\/11524"}],"wp:attachment":[{"href":"https:\/\/edimeinter.com\/libreria\/wp-json\/wp\/v2\/media?parent=11523"}],"wp:term":[{"taxonomy":"product_cat","embeddable":true,"href":"https:\/\/edimeinter.com\/libreria\/wp-json\/wp\/v2\/product_cat?post=11523"},{"taxonomy":"product_tag","embeddable":true,"href":"https:\/\/edimeinter.com\/libreria\/wp-json\/wp\/v2\/product_tag?post=11523"}],"curies":[{"name":"wp","href":"https:\/\/api.w.org\/{rel}","templated":true}]}}