{"id":11529,"date":"2025-02-08T18:06:14","date_gmt":"2025-02-08T18:06:14","guid":{"rendered":"https:\/\/edimeinter.com\/libreria\/?post_type=product&#038;p=11529"},"modified":"2025-03-03T20:53:58","modified_gmt":"2025-03-03T20:53:58","slug":"tratamiento-de-las-actividades-de-la-vida-diaria-1a-edicion","status":"publish","type":"product","link":"https:\/\/edimeinter.com\/libreria\/product\/tratamiento-de-las-actividades-de-la-vida-diaria-1a-edicion\/","title":{"rendered":"Tratamiento de las Actividades de la Vida Diaria. 1\u00aa Edici\u00f3n"},"content":{"rendered":"\t\t<div data-elementor-type=\"wp-post\" data-elementor-id=\"11529\" class=\"elementor elementor-11529\">\n\t\t\t\t<div class=\"elementor-element elementor-element-2612b12 e-flex e-con-boxed e-con e-parent\" data-id=\"2612b12\" data-element_type=\"container\" data-e-type=\"container\">\n\t\t\t\t\t<div class=\"e-con-inner\">\n\t\t\n\t\t<div class=\"elementor-element elementor-element-498707ae elementor-widget elementor-widget-text-editor\" data-id=\"498707ae\" data-element_type=\"widget\" data-e-type=\"widget\" data-widget_type=\"text-editor.default\">\n\t\t\t\t<div class=\"elementor-widget-container\">\n\t\t\t\t\t\t\t\t\t<p>Las actividades de la vida diaria son uno de los pilares esenciales del tratamiento aplicado desde la Terapia Ocupacional. Los conocimientos expuestos en este libro muestran los conceptos fundamentales en los que se asienta esta disciplina: la adquisici\u00f3n o la recuperaci\u00f3n de la autonom\u00eda personal y de la independencia en las ocupaciones propias de cada persona.<\/p>\t\t\t\t\t\t\t\t<\/div>\n\t\t\t\t<\/div>\n\t\t\t\t\t<\/div>\n\t\t\t\t<\/div>\n\t\t\t\t<\/div>\n\t\t","protected":false},"excerpt":{"rendered":"<p><strong>Autores:<\/strong>\u00a0Marta P\u00e9rez de Heredia,Rosa M\u00aa Mart\u00ednez Pi\u00e9drola,Elisabet Huertas Hoyas<br \/>\n<strong>ISBN:<\/strong>\u00a09788491107941<br \/>\n<strong>Editorial:<\/strong>\u00a0Panamericana<br \/>\n<strong>Edici\u00f3n:<\/strong>\u00a01\u00aa<br \/>\n<strong>Especialidad<\/strong>: Terapia Ocupacional<br \/>\n<strong>P\u00e1ginas<\/strong>: 260<br \/>\n\u00a9 2022<\/p>\n","protected":false},"featured_media":11530,"comment_status":"open","ping_status":"open","template":"","meta":{"_joinchat":[]},"product_cat":[199],"product_tag":[70,200],"class_list":{"0":"post-11529","1":"product","2":"type-product","3":"status-publish","4":"has-post-thumbnail","6":"product_cat-terapia-ocupacional","7":"product_tag-panamericana","8":"product_tag-terapia-ocupacional","10":"first","11":"instock","12":"featured","13":"taxable","14":"shipping-taxable","15":"purchasable","16":"product-type-simple"},"_links":{"self":[{"href":"https:\/\/edimeinter.com\/libreria\/wp-json\/wp\/v2\/product\/11529","targetHints":{"allow":["GET"]}}],"collection":[{"href":"https:\/\/edimeinter.com\/libreria\/wp-json\/wp\/v2\/product"}],"about":[{"href":"https:\/\/edimeinter.com\/libreria\/wp-json\/wp\/v2\/types\/product"}],"replies":[{"embeddable":true,"href":"https:\/\/edimeinter.com\/libreria\/wp-json\/wp\/v2\/comments?post=11529"}],"version-history":[{"count":1,"href":"https:\/\/edimeinter.com\/libreria\/wp-json\/wp\/v2\/product\/11529\/revisions"}],"predecessor-version":[{"id":15215,"href":"https:\/\/edimeinter.com\/libreria\/wp-json\/wp\/v2\/product\/11529\/revisions\/15215"}],"wp:featuredmedia":[{"embeddable":true,"href":"https:\/\/edimeinter.com\/libreria\/wp-json\/wp\/v2\/media\/11530"}],"wp:attachment":[{"href":"https:\/\/edimeinter.com\/libreria\/wp-json\/wp\/v2\/media?parent=11529"}],"wp:term":[{"taxonomy":"product_cat","embeddable":true,"href":"https:\/\/edimeinter.com\/libreria\/wp-json\/wp\/v2\/product_cat?post=11529"},{"taxonomy":"product_tag","embeddable":true,"href":"https:\/\/edimeinter.com\/libreria\/wp-json\/wp\/v2\/product_tag?post=11529"}],"curies":[{"name":"wp","href":"https:\/\/api.w.org\/{rel}","templated":true}]}}