{"id":11559,"date":"2025-02-08T18:31:39","date_gmt":"2025-02-08T18:31:39","guid":{"rendered":"https:\/\/edimeinter.com\/libreria\/?post_type=product&#038;p=11559"},"modified":"2025-03-03T21:24:16","modified_gmt":"2025-03-03T21:24:16","slug":"permeabilidad-intestinal-1a-edicion","status":"publish","type":"product","link":"https:\/\/edimeinter.com\/libreria\/product\/permeabilidad-intestinal-1a-edicion\/","title":{"rendered":"Permeabilidad Intestinal. 1\u00aa Edici\u00f3n"},"content":{"rendered":"\t\t<div data-elementor-type=\"wp-post\" data-elementor-id=\"11559\" class=\"elementor elementor-11559\">\n\t\t\t\t<div class=\"elementor-element elementor-element-2612b12 e-flex e-con-boxed e-con e-parent\" data-id=\"2612b12\" data-element_type=\"container\" data-e-type=\"container\">\n\t\t\t\t\t<div class=\"e-con-inner\">\n\t\t\n\t\t<div class=\"elementor-element elementor-element-498707ae elementor-widget elementor-widget-text-editor\" data-id=\"498707ae\" data-element_type=\"widget\" data-e-type=\"widget\" data-widget_type=\"text-editor.default\">\n\t\t\t\t<div class=\"elementor-widget-container\">\n\t\t\t\t\t\t\t\t\t<p>La permeabilidad intestinal es la capacidad de la pared del intestino para actuar como barrera selectiva, de manera que, por un lado, facilita la absorci\u00f3n de nutrientes y, por otro, bloquea el paso de sustancias t\u00f3xicas, bacterias y virus que pueden da\u00f1ar al organismo. Este transporte de mol\u00e9culas e iones entre dos c\u00e9lulas intestinales est\u00e1 regulado por prote\u00ednas, y en algunas ocasiones, se altera y permite el paso de sustancias y toxinas a la sangre, lo que provoca un fen\u00f3meno denominado hiperpermeabilidad intestinal.<\/p>\t\t\t\t\t\t\t\t<\/div>\n\t\t\t\t<\/div>\n\t\t\t\t\t<\/div>\n\t\t\t\t<\/div>\n\t\t\t\t<\/div>\n\t\t","protected":false},"excerpt":{"rendered":"<p><strong>Autores:<\/strong>\u00a0Silvia G\u00f3mez Senent<br \/>\n<strong>ISBN:<\/strong>\u00a09788491108481<br \/>\n<strong>Editorial:<\/strong>\u00a0Panamericana<br \/>\n<strong>Edici\u00f3n:<\/strong>\u00a01\u00aa<br \/>\n<strong>Especialidad<\/strong>: Gastroenterolog\u00eda<br \/>\n<strong>P\u00e1ginas<\/strong>: 304<br \/>\n\u00a9 2022<\/p>\n","protected":false},"featured_media":11560,"comment_status":"open","ping_status":"open","template":"","meta":{"_joinchat":[]},"product_cat":[168],"product_tag":[169,70],"class_list":{"0":"post-11559","1":"product","2":"type-product","3":"status-publish","4":"has-post-thumbnail","6":"product_cat-gastroenterologia","7":"product_tag-gastroenterologia","8":"product_tag-panamericana","10":"first","11":"instock","12":"featured","13":"taxable","14":"shipping-taxable","15":"purchasable","16":"product-type-simple"},"_links":{"self":[{"href":"https:\/\/edimeinter.com\/libreria\/wp-json\/wp\/v2\/product\/11559","targetHints":{"allow":["GET"]}}],"collection":[{"href":"https:\/\/edimeinter.com\/libreria\/wp-json\/wp\/v2\/product"}],"about":[{"href":"https:\/\/edimeinter.com\/libreria\/wp-json\/wp\/v2\/types\/product"}],"replies":[{"embeddable":true,"href":"https:\/\/edimeinter.com\/libreria\/wp-json\/wp\/v2\/comments?post=11559"}],"version-history":[{"count":1,"href":"https:\/\/edimeinter.com\/libreria\/wp-json\/wp\/v2\/product\/11559\/revisions"}],"predecessor-version":[{"id":15221,"href":"https:\/\/edimeinter.com\/libreria\/wp-json\/wp\/v2\/product\/11559\/revisions\/15221"}],"wp:featuredmedia":[{"embeddable":true,"href":"https:\/\/edimeinter.com\/libreria\/wp-json\/wp\/v2\/media\/11560"}],"wp:attachment":[{"href":"https:\/\/edimeinter.com\/libreria\/wp-json\/wp\/v2\/media?parent=11559"}],"wp:term":[{"taxonomy":"product_cat","embeddable":true,"href":"https:\/\/edimeinter.com\/libreria\/wp-json\/wp\/v2\/product_cat?post=11559"},{"taxonomy":"product_tag","embeddable":true,"href":"https:\/\/edimeinter.com\/libreria\/wp-json\/wp\/v2\/product_tag?post=11559"}],"curies":[{"name":"wp","href":"https:\/\/api.w.org\/{rel}","templated":true}]}}