{"id":11571,"date":"2025-02-08T18:36:55","date_gmt":"2025-02-08T18:36:55","guid":{"rendered":"https:\/\/edimeinter.com\/libreria\/?post_type=product&#038;p=11571"},"modified":"2025-03-03T21:25:58","modified_gmt":"2025-03-03T21:25:58","slug":"obesidad-una-enfermedad-cronica-1a-edicion","status":"publish","type":"product","link":"https:\/\/edimeinter.com\/libreria\/product\/obesidad-una-enfermedad-cronica-1a-edicion\/","title":{"rendered":"Obesidad. Una enfermedad cr\u00f3nica. 1\u00aa Edici\u00f3n"},"content":{"rendered":"\t\t<div data-elementor-type=\"wp-post\" data-elementor-id=\"11571\" class=\"elementor elementor-11571\">\n\t\t\t\t<div class=\"elementor-element elementor-element-2612b12 e-flex e-con-boxed e-con e-parent\" data-id=\"2612b12\" data-element_type=\"container\" data-e-type=\"container\">\n\t\t\t\t\t<div class=\"e-con-inner\">\n\t\t\n\t\t<div class=\"elementor-element elementor-element-498707ae elementor-widget elementor-widget-text-editor\" data-id=\"498707ae\" data-element_type=\"widget\" data-e-type=\"widget\" data-widget_type=\"text-editor.default\">\n\t\t\t\t<div class=\"elementor-widget-container\">\n\t\t\t\t\t\t\t\t\t<p>A pesar de que la obesidad fue considerada por la OMS como enfermedad en el a\u00f1o 1936, y de que en marzo de 2021 la Comisi\u00f3n Europea la clasific\u00f3 como enfermedad cr\u00f3nica recidivante, no existe todav\u00eda una concienciaci\u00f3n suficiente en el \u00e1mbito sanitario ni en la sociedad. Esto hace que los profesionales sanitarios, las instituciones o los pacientes no lleguen a implicarse de forma tan activa como en otras patolog\u00edas cr\u00f3nicas.<\/p><p>La obesidad no es una opci\u00f3n de vida, ni tampoco debe considerarse solo un factor de riesgo que puede producir o agravar otras enfermedades. Afecta a m\u00e1s de una cuarta parte de la poblaci\u00f3n de los pa\u00edses desarrollados y sigue creciendo de forma imparable en todo el mundo. Reconocerla como enfermedad cr\u00f3nica recidivante es un importante punto de partida para destinar esfuerzos y recursos, y debe abordarse como una enfermedad controlable que requiere una atenci\u00f3n de por vida.<\/p>\t\t\t\t\t\t\t\t<\/div>\n\t\t\t\t<\/div>\n\t\t\t\t\t<\/div>\n\t\t\t\t<\/div>\n\t\t\t\t<\/div>\n\t\t","protected":false},"excerpt":{"rendered":"<p><strong>Autores:<\/strong>\u00a0SEEDO \u2013 Sociedad Espa\u00f1ola para el estudio de la Obesidad,Diego Bellido Guerrero,Mart\u00edn L\u00f3pez de la Torre Casares,Susana Monereo Meg\u00edas<br \/>\n<strong>ISBN:<\/strong>\u00a09788491107019<br \/>\n<strong>Editorial:<\/strong>\u00a0Panamericana<br \/>\n<strong>Edici\u00f3n:<\/strong>\u00a01\u00aa<br \/>\n<strong>Especialidad<\/strong>: Endocrinolog\u00eda<br \/>\n<strong>P\u00e1ginas<\/strong>: 358<br \/>\n\u00a9 2022<\/p>\n","protected":false},"featured_media":11572,"comment_status":"open","ping_status":"open","template":"","meta":{"_joinchat":[]},"product_cat":[93],"product_tag":[94,70],"class_list":{"0":"post-11571","1":"product","2":"type-product","3":"status-publish","4":"has-post-thumbnail","6":"product_cat-endocrinologia","7":"product_tag-endocrinologia","8":"product_tag-panamericana","10":"first","11":"instock","12":"featured","13":"taxable","14":"shipping-taxable","15":"purchasable","16":"product-type-simple"},"_links":{"self":[{"href":"https:\/\/edimeinter.com\/libreria\/wp-json\/wp\/v2\/product\/11571","targetHints":{"allow":["GET"]}}],"collection":[{"href":"https:\/\/edimeinter.com\/libreria\/wp-json\/wp\/v2\/product"}],"about":[{"href":"https:\/\/edimeinter.com\/libreria\/wp-json\/wp\/v2\/types\/product"}],"replies":[{"embeddable":true,"href":"https:\/\/edimeinter.com\/libreria\/wp-json\/wp\/v2\/comments?post=11571"}],"version-history":[{"count":1,"href":"https:\/\/edimeinter.com\/libreria\/wp-json\/wp\/v2\/product\/11571\/revisions"}],"predecessor-version":[{"id":15223,"href":"https:\/\/edimeinter.com\/libreria\/wp-json\/wp\/v2\/product\/11571\/revisions\/15223"}],"wp:featuredmedia":[{"embeddable":true,"href":"https:\/\/edimeinter.com\/libreria\/wp-json\/wp\/v2\/media\/11572"}],"wp:attachment":[{"href":"https:\/\/edimeinter.com\/libreria\/wp-json\/wp\/v2\/media?parent=11571"}],"wp:term":[{"taxonomy":"product_cat","embeddable":true,"href":"https:\/\/edimeinter.com\/libreria\/wp-json\/wp\/v2\/product_cat?post=11571"},{"taxonomy":"product_tag","embeddable":true,"href":"https:\/\/edimeinter.com\/libreria\/wp-json\/wp\/v2\/product_tag?post=11571"}],"curies":[{"name":"wp","href":"https:\/\/api.w.org\/{rel}","templated":true}]}}