{"id":11577,"date":"2025-02-08T18:40:04","date_gmt":"2025-02-08T18:40:04","guid":{"rendered":"https:\/\/edimeinter.com\/libreria\/?post_type=product&#038;p=11577"},"modified":"2025-03-03T21:29:00","modified_gmt":"2025-03-03T21:29:00","slug":"valoracion-morfofuncional-de-la-desnutricion-relacionada-con-la-enfermedad-1a-edicion","status":"publish","type":"product","link":"https:\/\/edimeinter.com\/libreria\/product\/valoracion-morfofuncional-de-la-desnutricion-relacionada-con-la-enfermedad-1a-edicion\/","title":{"rendered":"Valoraci\u00f3n Morfofuncional de la Desnutrici\u00f3n Relacionada con la Enfermedad. 1\u00aa Edici\u00f3n"},"content":{"rendered":"\t\t<div data-elementor-type=\"wp-post\" data-elementor-id=\"11577\" class=\"elementor elementor-11577\">\n\t\t\t\t<div class=\"elementor-element elementor-element-2612b12 e-flex e-con-boxed e-con e-parent\" data-id=\"2612b12\" data-element_type=\"container\" data-e-type=\"container\">\n\t\t\t\t\t<div class=\"e-con-inner\">\n\t\t\n\t\t<div class=\"elementor-element elementor-element-498707ae elementor-widget elementor-widget-text-editor\" data-id=\"498707ae\" data-element_type=\"widget\" data-e-type=\"widget\" data-widget_type=\"text-editor.default\">\n\t\t\t\t<div class=\"elementor-widget-container\">\n\t\t\t\t\t\t\t\t\t<p>La elevada prevalencia de la Desnutrici\u00f3n Relacionada con la Enfermedad (DRE), el impacto negativo en la calidad de vida de los pacientes que la sufren y el aumento de costes asociados en el sistema sociosanitario, son razones suficientes para trabajar en estrategias que permitan identificar, codificar, valorar, tratar y monitorizar de forma precoz a los pacientes en riesgo de desnutrici\u00f3n, o con desnutrici\u00f3n ya establecida.<\/p><p>Por ello, se hace imprescindible realizar un diagn\u00f3stico fenot\u00edpico que ayude a establecer el riesgo real de desnutrici\u00f3n del paciente. La valoraci\u00f3n morfofuncional es el conjunto de t\u00e9cnicas dirigidas a valorar la composici\u00f3n y la funci\u00f3n corporal que profundizan en el an\u00e1lisis cuantitativo y cualitativo, de forma que aportan valor pron\u00f3stico y diagn\u00f3stico en las situaciones cl\u00ednicas provocadas por la DRE. Adem\u00e1s, permite ir m\u00e1s all\u00e1 de los par\u00e1metros que se han utilizado hasta la fecha en la valoraci\u00f3n nutricional y ayuda en la toma de decisiones cl\u00ednicas al permitir una mayor exactitud en la evaluaci\u00f3n del paciente, llevar a cabo una terapia personalizada y una monitorizaci\u00f3n m\u00e1s precisa en los cambios.<\/p>\t\t\t\t\t\t\t\t<\/div>\n\t\t\t\t<\/div>\n\t\t\t\t\t<\/div>\n\t\t\t\t<\/div>\n\t\t\t\t<\/div>\n\t\t","protected":false},"excerpt":{"rendered":"<p><strong>Autores:<\/strong>\u00a0Jos\u00e9 Manuel Garc\u00eda Almeida,Diego Bellido Guerrero,Francisco Botella Romero<br \/>\n<strong>ISBN:<\/strong>\u00a09788411060950<br \/>\n<strong>Editorial:<\/strong>\u00a0Panamericana<br \/>\n<strong>Edici\u00f3n:<\/strong>\u00a01\u00aa<br \/>\n<strong>Especialidad<\/strong>: Endocrinolog\u00eda<br \/>\n<strong>P\u00e1ginas<\/strong>: 220<br \/>\n\u00a9 2022<\/p>\n","protected":false},"featured_media":11578,"comment_status":"open","ping_status":"open","template":"","meta":{"_joinchat":[]},"product_cat":[93],"product_tag":[94,70],"class_list":{"0":"post-11577","1":"product","2":"type-product","3":"status-publish","4":"has-post-thumbnail","6":"product_cat-endocrinologia","7":"product_tag-endocrinologia","8":"product_tag-panamericana","10":"first","11":"instock","12":"featured","13":"taxable","14":"shipping-taxable","15":"purchasable","16":"product-type-simple"},"_links":{"self":[{"href":"https:\/\/edimeinter.com\/libreria\/wp-json\/wp\/v2\/product\/11577","targetHints":{"allow":["GET"]}}],"collection":[{"href":"https:\/\/edimeinter.com\/libreria\/wp-json\/wp\/v2\/product"}],"about":[{"href":"https:\/\/edimeinter.com\/libreria\/wp-json\/wp\/v2\/types\/product"}],"replies":[{"embeddable":true,"href":"https:\/\/edimeinter.com\/libreria\/wp-json\/wp\/v2\/comments?post=11577"}],"version-history":[{"count":2,"href":"https:\/\/edimeinter.com\/libreria\/wp-json\/wp\/v2\/product\/11577\/revisions"}],"predecessor-version":[{"id":15225,"href":"https:\/\/edimeinter.com\/libreria\/wp-json\/wp\/v2\/product\/11577\/revisions\/15225"}],"wp:featuredmedia":[{"embeddable":true,"href":"https:\/\/edimeinter.com\/libreria\/wp-json\/wp\/v2\/media\/11578"}],"wp:attachment":[{"href":"https:\/\/edimeinter.com\/libreria\/wp-json\/wp\/v2\/media?parent=11577"}],"wp:term":[{"taxonomy":"product_cat","embeddable":true,"href":"https:\/\/edimeinter.com\/libreria\/wp-json\/wp\/v2\/product_cat?post=11577"},{"taxonomy":"product_tag","embeddable":true,"href":"https:\/\/edimeinter.com\/libreria\/wp-json\/wp\/v2\/product_tag?post=11577"}],"curies":[{"name":"wp","href":"https:\/\/api.w.org\/{rel}","templated":true}]}}