{"id":11583,"date":"2025-02-08T18:55:32","date_gmt":"2025-02-08T18:55:32","guid":{"rendered":"https:\/\/edimeinter.com\/libreria\/?post_type=product&#038;p=11583"},"modified":"2025-03-03T21:30:05","modified_gmt":"2025-03-03T21:30:05","slug":"neurocognicion-del-lenguaje-1a-edicion","status":"publish","type":"product","link":"https:\/\/edimeinter.com\/libreria\/product\/neurocognicion-del-lenguaje-1a-edicion\/","title":{"rendered":"Neurocognici\u00f3n del Lenguaje. 1\u00aa Edici\u00f3n"},"content":{"rendered":"\t\t<div data-elementor-type=\"wp-post\" data-elementor-id=\"11583\" class=\"elementor elementor-11583\">\n\t\t\t\t<div class=\"elementor-element elementor-element-2612b12 e-flex e-con-boxed e-con e-parent\" data-id=\"2612b12\" data-element_type=\"container\" data-e-type=\"container\">\n\t\t\t\t\t<div class=\"e-con-inner\">\n\t\t\n\t\t<div class=\"elementor-element elementor-element-498707ae elementor-widget elementor-widget-text-editor\" data-id=\"498707ae\" data-element_type=\"widget\" data-e-type=\"widget\" data-widget_type=\"text-editor.default\">\n\t\t\t\t<div class=\"elementor-widget-container\">\n\t\t\t\t\t\t\t\t\t<p>El estudio del lenguaje y su relaci\u00f3n con el cerebro ha sido un tema primordial que se ha ido incrementando desde finales del siglo XIX hasta la actualidad. Durante este tiempo, se han desarrollado diferentes perspectivas que han servido tanto a la psicolog\u00eda como a la neurolog\u00eda, a la medicina y a la biolog\u00eda, para teorizar y constatar c\u00f3mo se desarrolla el lenguaje y c\u00f3mo su actividad se refleja en el cerebro. Esta geograf\u00eda intelectual e investigadora se ha dilatado a\u00fan m\u00e1s en el siglo XXI de forma m\u00e1s general y universal, permeabiliz\u00e1ndose interdisciplinarmente con nuevos medios para reformular su campo.<\/p>\t\t\t\t\t\t\t\t<\/div>\n\t\t\t\t<\/div>\n\t\t\t\t\t<\/div>\n\t\t\t\t<\/div>\n\t\t\t\t<\/div>\n\t\t","protected":false},"excerpt":{"rendered":"<p><strong>Autores:<\/strong>\u00a0Alberto Dom\u00ednguez Mart\u00ednez,Jos\u00e9 Antonio Le\u00f3n Casc\u00f3n,M\u00aa \u00c1ngeles Alonso Rodr\u00edguez<br \/>\n<strong>ISBN:<\/strong>\u00a09788491109334<br \/>\n<strong>Editorial:<\/strong>\u00a0Panamericana<br \/>\n<strong>Edici\u00f3n:<\/strong>\u00a01\u00aa<br \/>\n<strong>Especialidad<\/strong>: Fonoaudiolog\u00eda<br \/>\n<strong>P\u00e1ginas<\/strong>: 232<br \/>\n\u00a9 2022<\/p>\n","protected":false},"featured_media":11584,"comment_status":"open","ping_status":"open","template":"","meta":{"_joinchat":[]},"product_cat":[126],"product_tag":[127,70],"class_list":{"0":"post-11583","1":"product","2":"type-product","3":"status-publish","4":"has-post-thumbnail","6":"product_cat-fonoaudiologia","7":"product_tag-fonoaudiologia","8":"product_tag-panamericana","10":"first","11":"instock","12":"featured","13":"taxable","14":"shipping-taxable","15":"purchasable","16":"product-type-simple"},"_links":{"self":[{"href":"https:\/\/edimeinter.com\/libreria\/wp-json\/wp\/v2\/product\/11583","targetHints":{"allow":["GET"]}}],"collection":[{"href":"https:\/\/edimeinter.com\/libreria\/wp-json\/wp\/v2\/product"}],"about":[{"href":"https:\/\/edimeinter.com\/libreria\/wp-json\/wp\/v2\/types\/product"}],"replies":[{"embeddable":true,"href":"https:\/\/edimeinter.com\/libreria\/wp-json\/wp\/v2\/comments?post=11583"}],"version-history":[{"count":2,"href":"https:\/\/edimeinter.com\/libreria\/wp-json\/wp\/v2\/product\/11583\/revisions"}],"predecessor-version":[{"id":15227,"href":"https:\/\/edimeinter.com\/libreria\/wp-json\/wp\/v2\/product\/11583\/revisions\/15227"}],"wp:featuredmedia":[{"embeddable":true,"href":"https:\/\/edimeinter.com\/libreria\/wp-json\/wp\/v2\/media\/11584"}],"wp:attachment":[{"href":"https:\/\/edimeinter.com\/libreria\/wp-json\/wp\/v2\/media?parent=11583"}],"wp:term":[{"taxonomy":"product_cat","embeddable":true,"href":"https:\/\/edimeinter.com\/libreria\/wp-json\/wp\/v2\/product_cat?post=11583"},{"taxonomy":"product_tag","embeddable":true,"href":"https:\/\/edimeinter.com\/libreria\/wp-json\/wp\/v2\/product_tag?post=11583"}],"curies":[{"name":"wp","href":"https:\/\/api.w.org\/{rel}","templated":true}]}}