{"id":11596,"date":"2025-02-08T19:51:12","date_gmt":"2025-02-08T19:51:12","guid":{"rendered":"https:\/\/edimeinter.com\/libreria\/?post_type=product&#038;p=11596"},"modified":"2025-03-03T21:36:27","modified_gmt":"2025-03-03T21:36:27","slug":"toxicologia-clinica-1a-edicion","status":"publish","type":"product","link":"https:\/\/edimeinter.com\/libreria\/product\/toxicologia-clinica-1a-edicion\/","title":{"rendered":"Toxicolog\u00eda Cl\u00ednica. 1\u00aa Edici\u00f3n"},"content":{"rendered":"\t\t<div data-elementor-type=\"wp-post\" data-elementor-id=\"11596\" class=\"elementor elementor-11596\">\n\t\t\t\t\n<div class=\"elementor-element elementor-element-2612b12 e-flex e-con-boxed e-con e-parent\" data-id=\"2612b12\" data-element_type=\"container\" data-e-type=\"container\">\n\t\t\t\t\t<div class=\"e-con-inner\">\n\t\t\n\t\t<div class=\"elementor-element elementor-element-498707ae elementor-widget elementor-widget-text-editor\" data-id=\"498707ae\" data-element_type=\"widget\" data-e-type=\"widget\" data-widget_type=\"text-editor.default\">\n\t\t\t\t<div class=\"elementor-widget-container\">\n\t\t\t\t\t\t\t\t\t<p>En los Servicios de Urgencias es com\u00fan que los cuadros toxicol\u00f3gicos no est\u00e9n entre los primeros diagn\u00f3sticos diferenciales considerados frente al ingreso de un paciente. Por otro lado, los m\u00e9dicos de emergencias y los toxic\u00f3logos deben enfrentar, a menudo, la incertidumbre que implica no conocer el entorno y la posible exposici\u00f3n en situaciones en las que hay que tomar decisiones para salvar vidas. Los autores de Toxicolog\u00eda Cl\u00ednica. Fundamentos para la prevenci\u00f3n, diagn\u00f3stico y tratamiento de las intoxicaciones han llevado a cabo un enorme trabajo conjunto para crear un texto esencial para los estudiantes de medicina, de farmacia y de enfermer\u00eda, y clave para quienes se especializan en toxicolog\u00eda o trabajan en medicina de emergencias, atenci\u00f3n prehospitalaria y centros de toxicolog\u00eda. Todos ellos encontrar\u00e1n en esta obra los contenidos fundamentales para sus actividades y los datos necesarios para los diagn\u00f3sticos dif\u00edciles y el manejo inicial del paciente intoxicado.<\/p>\t\t\t\t\t\t\t\t<\/div>\n\t\t\t\t<\/div>\n\t\t\t\t\t<\/div>\n\t\t\t\t<\/div>\n\t\t\t\t<\/div>\n\t\t","protected":false},"excerpt":{"rendered":"<p><strong>Autores:<\/strong>\u00a0Carlos F. Damin,Susana I. Garc\u00eda,Mar\u00eda R. Gonz\u00e1lez Negri<br \/>\n<strong>ISBN:<\/strong>\u00a09789500696937<br \/>\n<strong>Editorial:<\/strong>\u00a0Panamericana<br \/>\n<strong>Edici\u00f3n:<\/strong>\u00a01\u00aa<br \/>\n<strong>Especialidad<\/strong>: Toxicolog\u00eda<br \/>\n<strong>P\u00e1ginas<\/strong>: 712<br \/>\n\u00a9 2022<\/p>\n","protected":false},"featured_media":11597,"comment_status":"open","ping_status":"open","template":"","meta":{"_joinchat":[]},"product_cat":[102],"product_tag":[70,103],"class_list":{"0":"post-11596","1":"product","2":"type-product","3":"status-publish","4":"has-post-thumbnail","6":"product_cat-toxicologia","7":"product_tag-panamericana","8":"product_tag-toxicologia","10":"first","11":"instock","12":"featured","13":"taxable","14":"shipping-taxable","15":"purchasable","16":"product-type-simple"},"_links":{"self":[{"href":"https:\/\/edimeinter.com\/libreria\/wp-json\/wp\/v2\/product\/11596","targetHints":{"allow":["GET"]}}],"collection":[{"href":"https:\/\/edimeinter.com\/libreria\/wp-json\/wp\/v2\/product"}],"about":[{"href":"https:\/\/edimeinter.com\/libreria\/wp-json\/wp\/v2\/types\/product"}],"replies":[{"embeddable":true,"href":"https:\/\/edimeinter.com\/libreria\/wp-json\/wp\/v2\/comments?post=11596"}],"version-history":[{"count":1,"href":"https:\/\/edimeinter.com\/libreria\/wp-json\/wp\/v2\/product\/11596\/revisions"}],"predecessor-version":[{"id":15229,"href":"https:\/\/edimeinter.com\/libreria\/wp-json\/wp\/v2\/product\/11596\/revisions\/15229"}],"wp:featuredmedia":[{"embeddable":true,"href":"https:\/\/edimeinter.com\/libreria\/wp-json\/wp\/v2\/media\/11597"}],"wp:attachment":[{"href":"https:\/\/edimeinter.com\/libreria\/wp-json\/wp\/v2\/media?parent=11596"}],"wp:term":[{"taxonomy":"product_cat","embeddable":true,"href":"https:\/\/edimeinter.com\/libreria\/wp-json\/wp\/v2\/product_cat?post=11596"},{"taxonomy":"product_tag","embeddable":true,"href":"https:\/\/edimeinter.com\/libreria\/wp-json\/wp\/v2\/product_tag?post=11596"}],"curies":[{"name":"wp","href":"https:\/\/api.w.org\/{rel}","templated":true}]}}