{"id":11602,"date":"2025-02-08T19:55:36","date_gmt":"2025-02-08T19:55:36","guid":{"rendered":"https:\/\/edimeinter.com\/libreria\/?post_type=product&#038;p=11602"},"modified":"2025-12-29T22:40:37","modified_gmt":"2025-12-29T22:40:37","slug":"manual-de-urgencias-psiquiatricas-1a-edicion","status":"publish","type":"product","link":"https:\/\/edimeinter.com\/libreria\/product\/manual-de-urgencias-psiquiatricas-1a-edicion\/","title":{"rendered":"Manual de Urgencias Psiqui\u00e1tricas. 1\u00aa Edici\u00f3n"},"content":{"rendered":"\t\t<div data-elementor-type=\"wp-post\" data-elementor-id=\"11602\" class=\"elementor elementor-11602\">\n\t\t\t\t<div class=\"elementor-element elementor-element-2612b12 e-flex e-con-boxed e-con e-parent\" data-id=\"2612b12\" data-element_type=\"container\" data-e-type=\"container\">\n\t\t\t\t\t<div class=\"e-con-inner\">\n\t\t\n\t\t<div class=\"elementor-element elementor-element-498707ae elementor-widget elementor-widget-text-editor\" data-id=\"498707ae\" data-element_type=\"widget\" data-e-type=\"widget\" data-widget_type=\"text-editor.default\">\n\t\t\t\t<div class=\"elementor-widget-container\">\n\t\t\t\t\t\t\t\t\t<p>El abordaje de las urgencias psiqui\u00e1tricas es un tema muy complejo por varios motivos, como son las posibles alteraciones de la conducta, el riesgo de una conducta suicida, el consumo de psicof\u00e1rmacos, las dificultades diagn\u00f3sticas o las repercusiones legales de los ingresos hospitalarios involuntarios. En los \u00faltimos a\u00f1os se ha observado un auge de este tipo de urgencias, siendo llamativo y preocupante en los adolescentes, acompa\u00f1ado del aumento del consumo de sustancias t\u00f3xicas, de autolesiones y alteraciones del comportamiento.<\/p><p>Este manual es una obra integral, completa y actualizada que pretende aportar los conocimientos necesarios para poder realizar con \u00e9xito el abordaje de las urgencias psiqui\u00e1tricas con diagn\u00f3sticos y tratamientos espec\u00edficos, tener en cuenta los criterios de ingreso hospitalario, descartando la patolog\u00eda org\u00e1nica, el consumo de t\u00f3xicos o la sobredosis de psicof\u00e1rmacos en un marco \u00e9tico-legal.<\/p>\t\t\t\t\t\t\t\t<\/div>\n\t\t\t\t<\/div>\n\t\t\t\t\t<\/div>\n\t\t\t\t<\/div>\n\t\t\t\t<\/div>\n\t\t","protected":false},"excerpt":{"rendered":"<p><strong>Autores:<\/strong>\u00a0Santiago L\u00f3pez Gal\u00e1n,St\u00e9fano Goretti,Isabel L\u00f3pez Saracho,Alma Dolores Mart\u00ednez de Salazar Arboleas,Miguel Soto Ontoso<br \/>\n<strong>ISBN:<\/strong>\u00a09788491109280<br \/>\n<strong>Editorial:<\/strong>\u00a0Panamericana<br \/>\n<strong>Edici\u00f3n:<\/strong>\u00a01\u00aa<br \/>\n<strong>Especialidad<\/strong>: Psiquiatr\u00eda<br \/>\n<strong>P\u00e1ginas<\/strong>: 832<br \/>\n\u00a9 2023<\/p>\n","protected":false},"featured_media":11603,"comment_status":"open","ping_status":"closed","template":"","meta":{"_joinchat":[]},"product_cat":[68],"product_tag":[70,69],"class_list":{"0":"post-11602","1":"product","2":"type-product","3":"status-publish","4":"has-post-thumbnail","6":"product_cat-psiquiatria","7":"product_tag-panamericana","8":"product_tag-psiquiatria","10":"first","11":"instock","12":"featured","13":"taxable","14":"shipping-taxable","15":"purchasable","16":"product-type-simple"},"_links":{"self":[{"href":"https:\/\/edimeinter.com\/libreria\/wp-json\/wp\/v2\/product\/11602","targetHints":{"allow":["GET"]}}],"collection":[{"href":"https:\/\/edimeinter.com\/libreria\/wp-json\/wp\/v2\/product"}],"about":[{"href":"https:\/\/edimeinter.com\/libreria\/wp-json\/wp\/v2\/types\/product"}],"replies":[{"embeddable":true,"href":"https:\/\/edimeinter.com\/libreria\/wp-json\/wp\/v2\/comments?post=11602"}],"version-history":[{"count":1,"href":"https:\/\/edimeinter.com\/libreria\/wp-json\/wp\/v2\/product\/11602\/revisions"}],"predecessor-version":[{"id":15230,"href":"https:\/\/edimeinter.com\/libreria\/wp-json\/wp\/v2\/product\/11602\/revisions\/15230"}],"wp:featuredmedia":[{"embeddable":true,"href":"https:\/\/edimeinter.com\/libreria\/wp-json\/wp\/v2\/media\/11603"}],"wp:attachment":[{"href":"https:\/\/edimeinter.com\/libreria\/wp-json\/wp\/v2\/media?parent=11602"}],"wp:term":[{"taxonomy":"product_cat","embeddable":true,"href":"https:\/\/edimeinter.com\/libreria\/wp-json\/wp\/v2\/product_cat?post=11602"},{"taxonomy":"product_tag","embeddable":true,"href":"https:\/\/edimeinter.com\/libreria\/wp-json\/wp\/v2\/product_tag?post=11602"}],"curies":[{"name":"wp","href":"https:\/\/api.w.org\/{rel}","templated":true}]}}