{"id":11609,"date":"2025-02-08T19:58:04","date_gmt":"2025-02-08T19:58:04","guid":{"rendered":"https:\/\/edimeinter.com\/libreria\/?post_type=product&#038;p=11609"},"modified":"2025-03-03T21:41:16","modified_gmt":"2025-03-03T21:41:16","slug":"neurologia-para-psiquiatras-1a-edicion","status":"publish","type":"product","link":"https:\/\/edimeinter.com\/libreria\/product\/neurologia-para-psiquiatras-1a-edicion\/","title":{"rendered":"Neurolog\u00eda para Psiquiatras. 1\u00aa Edici\u00f3n"},"content":{"rendered":"\t\t<div data-elementor-type=\"wp-post\" data-elementor-id=\"11609\" class=\"elementor elementor-11609\">\n\t\t\t\t<div class=\"elementor-element elementor-element-2612b12 e-flex e-con-boxed e-con e-parent\" data-id=\"2612b12\" data-element_type=\"container\" data-e-type=\"container\">\n\t\t\t\t\t<div class=\"e-con-inner\">\n\t\t\n\t\t<div class=\"elementor-element elementor-element-498707ae elementor-widget elementor-widget-text-editor\" data-id=\"498707ae\" data-element_type=\"widget\" data-e-type=\"widget\" data-widget_type=\"text-editor.default\">\n\t\t\t\t<div class=\"elementor-widget-container\">\n\t\t\t\t\t\t\t\t\t<p>Los campos abordados por la Psiquiatr\u00eda y la Neurolog\u00eda siempre han tenido aspectos compartidos, pero la historia tradicional de ambas ramas de la medicina se ha caracterizado por una marcada delimitaci\u00f3n de dominios y muy poca interrelaci\u00f3n profesional. Sin embargo, los avances en el conocimiento de las neurociencias y las funciones de distintas \u00e1reas encef\u00e1licas, la neuroqu\u00edmica, la gen\u00e9tica y su relaci\u00f3n con enfermedades neurol\u00f3gicas o cl\u00ednicas que se acompa\u00f1an de manifestaciones psiqui\u00e1tricas, sumados a la creciente disponibilidad de tratamientos en ambas especialidades y a una mayor prevalencia de afecciones neuropsiqui\u00e1tricas como consecuencia del aumento en la expectativa de vida, reforzaron la necesidad de una mirada compartida para proporcionar al paciente una atenci\u00f3n integral y de calidad. En esta direcci\u00f3n, Neurolog\u00eda para Psiquiatras, coordinada por Federico Micheli y Manuel Fern\u00e1ndez Pardal, constituye un novedoso y valios\u00edsimo aporte.<\/p>\t\t\t\t\t\t\t\t<\/div>\n\t\t\t\t<\/div>\n\t\t\t\t\t<\/div>\n\t\t\t\t<\/div>\n\t\t\t\t<\/div>\n\t\t","protected":false},"excerpt":{"rendered":"<p><strong>Autores:<\/strong>\u00a0Federico E. Micheli,Carlos Z\u00fa\u00f1iga Ram\u00edrez,Manuel M. Fern\u00e1ndez Pardal<br \/>\n<strong>ISBN:<\/strong>\u00a09789500696906<br \/>\n<strong>Editorial:<\/strong>\u00a0Panamericana<br \/>\n<strong>Edici\u00f3n:<\/strong>\u00a01\u00aa<br \/>\n<strong>Especialidad<\/strong>: Psiquiatr\u00eda<br \/>\n<strong>P\u00e1ginas<\/strong>: 352<br \/>\n\u00a9 2022<\/p>\n","protected":false},"featured_media":11610,"comment_status":"open","ping_status":"open","template":"","meta":{"_joinchat":[]},"product_cat":[68],"product_tag":[70,69],"class_list":{"0":"post-11609","1":"product","2":"type-product","3":"status-publish","4":"has-post-thumbnail","6":"product_cat-psiquiatria","7":"product_tag-panamericana","8":"product_tag-psiquiatria","10":"first","11":"instock","12":"featured","13":"taxable","14":"shipping-taxable","15":"purchasable","16":"product-type-simple"},"_links":{"self":[{"href":"https:\/\/edimeinter.com\/libreria\/wp-json\/wp\/v2\/product\/11609","targetHints":{"allow":["GET"]}}],"collection":[{"href":"https:\/\/edimeinter.com\/libreria\/wp-json\/wp\/v2\/product"}],"about":[{"href":"https:\/\/edimeinter.com\/libreria\/wp-json\/wp\/v2\/types\/product"}],"replies":[{"embeddable":true,"href":"https:\/\/edimeinter.com\/libreria\/wp-json\/wp\/v2\/comments?post=11609"}],"version-history":[{"count":1,"href":"https:\/\/edimeinter.com\/libreria\/wp-json\/wp\/v2\/product\/11609\/revisions"}],"predecessor-version":[{"id":15231,"href":"https:\/\/edimeinter.com\/libreria\/wp-json\/wp\/v2\/product\/11609\/revisions\/15231"}],"wp:featuredmedia":[{"embeddable":true,"href":"https:\/\/edimeinter.com\/libreria\/wp-json\/wp\/v2\/media\/11610"}],"wp:attachment":[{"href":"https:\/\/edimeinter.com\/libreria\/wp-json\/wp\/v2\/media?parent=11609"}],"wp:term":[{"taxonomy":"product_cat","embeddable":true,"href":"https:\/\/edimeinter.com\/libreria\/wp-json\/wp\/v2\/product_cat?post=11609"},{"taxonomy":"product_tag","embeddable":true,"href":"https:\/\/edimeinter.com\/libreria\/wp-json\/wp\/v2\/product_tag?post=11609"}],"curies":[{"name":"wp","href":"https:\/\/api.w.org\/{rel}","templated":true}]}}