{"id":11615,"date":"2025-02-08T20:30:22","date_gmt":"2025-02-08T20:30:22","guid":{"rendered":"https:\/\/edimeinter.com\/libreria\/?post_type=product&#038;p=11615"},"modified":"2025-03-03T21:43:04","modified_gmt":"2025-03-03T21:43:04","slug":"curtis-biologia-8a-edicion","status":"publish","type":"product","link":"https:\/\/edimeinter.com\/libreria\/product\/curtis-biologia-8a-edicion\/","title":{"rendered":"Curtis. Biolog\u00eda. 8\u00aa Edici\u00f3n"},"content":{"rendered":"\t\t<div data-elementor-type=\"wp-post\" data-elementor-id=\"11615\" class=\"elementor elementor-11615\">\n\t\t\t\t<div class=\"elementor-element elementor-element-2612b12 e-flex e-con-boxed e-con e-parent\" data-id=\"2612b12\" data-element_type=\"container\" data-e-type=\"container\">\n\t\t\t\t\t<div class=\"e-con-inner\">\n\t\t\n\t\t<div class=\"elementor-element elementor-element-498707ae elementor-widget elementor-widget-text-editor\" data-id=\"498707ae\" data-element_type=\"widget\" data-e-type=\"widget\" data-widget_type=\"text-editor.default\">\n\t\t\t\t<div class=\"elementor-widget-container\">\n\t\t\t\t\t\t\t\t\t<p>Uno de los prop\u00f3sitos de este libro es ilustrar y afianzar la concepci\u00f3n de que la ciencia es una parte de la cultura y, como tal, se encuentra sujeta a las tensiones involucradas en los procesos que median su construcci\u00f3n y su apropiaci\u00f3n social. Para ello, las secciones de este libro se nutren de ejemplos de trascendencia actual, mayoritariamente de car\u00e1cter regional o local de diferentes pa\u00edses de Iberoam\u00e9rica, que permiten apreciar y considerar las relaciones entre ciencia e industria, la implementaci\u00f3n de pol\u00edticas p\u00fablicas de ciencia y tecnolog\u00eda, las cuestiones ambientales que subyacen al desarrollo cient\u00edfico, la dimensi\u00f3n \u00e9tica del conocimiento cient\u00edfico, etc\u00e9tera.<\/p><p>Las p\u00e1ginas de este libro proponen presentar a la Biolog\u00eda como parte de un proceso social, como una disciplina transformadora del contexto, pero, a su vez, fuertemente determinada por \u00e9l, atravesada por valores, intereses, controversias e incertidumbres.<\/p><p>Una aproximaci\u00f3n significativa a la Biolog\u00eda actual requiere el abordaje de sus conceptos de manera interrelacionada, teniendo en cuenta que, aunque se los segmente a los efectos de su estudio, los sistemas biol\u00f3gicos conforman un todo integrado, lo cual obliga a tratar cada contenido particular en forma integral, buscando incorporar la mayor cantidad de elementos que contribuyan a construir y contextualizar cada tema. Del mismo modo, cada vez resulta m\u00e1s claro que, dado que las explicaciones de la ciencia no son dogmas ni verdades absolutas, sino construcciones provisionales que deben considerarse de manera cr\u00edtica, es necesario abandonar las lecturas lineales de modelos y conceptos biol\u00f3gicos e incorporar sus distintas dimensiones: su historia, sus procedimientos y su relaci\u00f3n con la sociedad, a los efectos de favorecer un aprendizaje din\u00e1mico que d\u00e9 lugar al pensamiento cr\u00edtico.<\/p><p>El eje principal de Biolog\u00eda 8va. Edici\u00f3n sigue siendo, como lo fue desde sus comienzos, la evoluci\u00f3n que, como hemos visto, es el hilo conductor que estructura toda la Biolog\u00eda contempor\u00e1nea. En torno de ese eje se organiza la Introducci\u00f3n y las ocho secciones que componen este libro.<\/p><p>Tambi\u00e9n hemos intentado interpelar, deconstruir y reemplazar la perspectiva de g\u00e9nero, aunque en muchos casos no hemos encontrado las palabras apropiadas para hacerlo (quiz\u00e1s todav\u00eda no existan y debamos inventarlas). Probablemente las viejas concepciones cambiar\u00e1n gradualmente y a\u00fan falte mucho por recorrer. Sin embargo, en los \u00faltimos a\u00f1os, especialmente en nuestra regi\u00f3n, la lucha feminista nos ha permitido abrir los ojos, correr un velo y dar un salto en la comprensi\u00f3n y en la conquista de derechos.<\/p><p>Desde la perspectiva ambiental, en este libro, como en ediciones anteriores, revisamos cuidadosamente el rol que se suele dar a la tecnociencia, como actividad que lleva inherentemente al progreso, en la que todo desarrollo y producci\u00f3n consiste inherentemente en un \u201cavance\u201d y un \u201clogro\u201d.<\/p><p>En nuestra tarea de actualizar un texto como este nos hemos enfrentado con grandes desaf\u00edos. El primero de ellos ha sido dar cuenta de algunos de los grandes problemas que en el presente llevan a redefinir, con mayor o menor profundidad, los marcos conceptuales de diferentes ramas de la Biolog\u00eda. La importancia relativa de estos cambios se puso de manifiesto a la hora de establecer un \u00edndice general. El siguiente desaf\u00edo fue el de incorporar una parte del torrente de nuevos descubrimientos, hip\u00f3tesis y debates \u2013que con frecuencia llevan a reformular o resignificar conceptos previamente definidos\u2013 sin comprometer la presencia de aquellos contenidos que constituyen las bases necesarias para comprender los fundamentos de la Biolog\u00eda, es decir, una vez m\u00e1s, debimos abocarnos a la delicada tarea de intentar equilibrar \u201clo viejo y lo nuevo\u201d. M\u00e1s grande a\u00fan es otro desaf\u00edo: el de analizar cr\u00edticamente el valor de las novedades cient\u00edficas, algunas de las cuales forman parte de l\u00edneas de investigaci\u00f3n que luego quedan truncas o plantean problemas que la comunidad cient\u00edfica desestima al poco tiempo de formularse. Por ello, en cada edici\u00f3n debemos ser cautelosos a la hora de incorporar las novedades de \u00faltimo momento.<\/p><p>A la luz de los nuevos temas y enfoques seleccionados, de las controversias y de los debates, hemos revisado y reelaborado cada secci\u00f3n y cada cap\u00edtulo, hemos incorporado cap\u00edtulos nuevos y nuevos temas en los ya existentes. Al mismo tiempo, al organizar y desarrollar los temas, debimos optar por algunas de las muchas concepciones que coexisten acerca del modo de abordar y comunicar con un enfoque did\u00e1ctico el conocimiento biol\u00f3gico, en detrimento de otras. Esta elecci\u00f3n no ha sido arbitraria, pero no excluye que otras concepciones, diferentes de las que hemos privilegiado, sean tambi\u00e9n v\u00e1lidas. A la hora de seleccionar los temas para incorporar en esta nueva edici\u00f3n, una vez m\u00e1s hemos tenido en cuenta su relevancia, su capacidad para ilustrar principios biol\u00f3gicos b\u00e1sicos y su importancia como parte necesaria de la cultura general de las\/os ciudadanas\/os, privilegiando la idea de que actualmente la reapropiaci\u00f3n social del conocimiento cient\u00edfico es una necesidad de primer orden para la toma informada de importantes decisiones personales y colectivas que no pueden quedar solo en manos de especialistas. Tambi\u00e9n hemos considerado su inherente atractivo para aquellas personas que se acercan por primera vez a la Biolog\u00eda, pero, sobre todo, como es tradici\u00f3n en esta obra, hemos tratado de sentar cimientos firmes sobre los cuales el lector pueda seguir construyendo su conocimiento biol\u00f3gico.<\/p><p>Invitamos a los lectores y las lectoras a apropiarse de este texto y darle vida, emple\u00e1ndolo como puerta de entrada para explorar la complejidad del mundo biol\u00f3gico y reflexionar acerca de nuestro lugar en \u00e9l. Esperamos que algunas de las ideas y conceptos presentes en sus p\u00e1ginas puedan ser \u00fatiles para sustentar la acci\u00f3n en pos de la defensa de los bienes comunes de la naturaleza y de la vida, privilegiando valores como la dignidad, la equidad, la justicia social y ambiental, y los derechos de las futuras generaciones.<\/p>\t\t\t\t\t\t\t\t<\/div>\n\t\t\t\t<\/div>\n\t\t\t\t\t<\/div>\n\t\t\t\t<\/div>\n\t\t\t\t<\/div>\n\t\t","protected":false},"excerpt":{"rendered":"<p><strong>Autores:<\/strong>\u00a0Helena Curtis (\u2020),N. Sue Barnes,Adriana Schnek,Alicia Massarini<br \/>\n<strong>ISBN:<\/strong>\u00a09789500696678<br \/>\n<strong>Editorial:<\/strong>\u00a0Panamericana<br \/>\n<strong>Edici\u00f3n:<\/strong>\u00a08\u00aa<br \/>\n<strong>Especialidad<\/strong>: Biolog\u00eda<br \/>\n<strong>P\u00e1ginas<\/strong>: 1372<br \/>\n\u00a9 2022<\/p>\n","protected":false},"featured_media":11616,"comment_status":"open","ping_status":"open","template":"","meta":{"_joinchat":[]},"product_cat":[205],"product_tag":[206,70],"class_list":{"0":"post-11615","1":"product","2":"type-product","3":"status-publish","4":"has-post-thumbnail","6":"product_cat-biologia","7":"product_tag-biologia","8":"product_tag-panamericana","10":"first","11":"instock","12":"featured","13":"taxable","14":"shipping-taxable","15":"purchasable","16":"product-type-simple"},"_links":{"self":[{"href":"https:\/\/edimeinter.com\/libreria\/wp-json\/wp\/v2\/product\/11615","targetHints":{"allow":["GET"]}}],"collection":[{"href":"https:\/\/edimeinter.com\/libreria\/wp-json\/wp\/v2\/product"}],"about":[{"href":"https:\/\/edimeinter.com\/libreria\/wp-json\/wp\/v2\/types\/product"}],"replies":[{"embeddable":true,"href":"https:\/\/edimeinter.com\/libreria\/wp-json\/wp\/v2\/comments?post=11615"}],"version-history":[{"count":1,"href":"https:\/\/edimeinter.com\/libreria\/wp-json\/wp\/v2\/product\/11615\/revisions"}],"predecessor-version":[{"id":15232,"href":"https:\/\/edimeinter.com\/libreria\/wp-json\/wp\/v2\/product\/11615\/revisions\/15232"}],"wp:featuredmedia":[{"embeddable":true,"href":"https:\/\/edimeinter.com\/libreria\/wp-json\/wp\/v2\/media\/11616"}],"wp:attachment":[{"href":"https:\/\/edimeinter.com\/libreria\/wp-json\/wp\/v2\/media?parent=11615"}],"wp:term":[{"taxonomy":"product_cat","embeddable":true,"href":"https:\/\/edimeinter.com\/libreria\/wp-json\/wp\/v2\/product_cat?post=11615"},{"taxonomy":"product_tag","embeddable":true,"href":"https:\/\/edimeinter.com\/libreria\/wp-json\/wp\/v2\/product_tag?post=11615"}],"curies":[{"name":"wp","href":"https:\/\/api.w.org\/{rel}","templated":true}]}}