{"id":11621,"date":"2025-02-08T20:34:05","date_gmt":"2025-02-08T20:34:05","guid":{"rendered":"https:\/\/edimeinter.com\/libreria\/?post_type=product&#038;p=11621"},"modified":"2025-03-03T21:45:11","modified_gmt":"2025-03-03T21:45:11","slug":"morfologia-humana-1a-edicion","status":"publish","type":"product","link":"https:\/\/edimeinter.com\/libreria\/product\/morfologia-humana-1a-edicion\/","title":{"rendered":"Morfolog\u00eda Humana. 1\u00aa Edici\u00f3n"},"content":{"rendered":"\t\t<div data-elementor-type=\"wp-post\" data-elementor-id=\"11621\" class=\"elementor elementor-11621\">\n\t\t\t\t<div class=\"elementor-element elementor-element-2612b12 e-flex e-con-boxed e-con e-parent\" data-id=\"2612b12\" data-element_type=\"container\" data-e-type=\"container\">\n\t\t\t\t\t<div class=\"e-con-inner\">\n\t\t\n\t\t<div class=\"elementor-element elementor-element-498707ae elementor-widget elementor-widget-text-editor\" data-id=\"498707ae\" data-element_type=\"widget\" data-e-type=\"widget\" data-widget_type=\"text-editor.default\">\n\t\t\t\t<div class=\"elementor-widget-container\">\n\t\t\t\t\t\t\t\t\t<p>Morfolog\u00eda Humana es una propuesta \u00fanica en la bibliograf\u00eda m\u00e9dica que integra informaci\u00f3n actualizada de la embriolog\u00eda, la biolog\u00eda celular y la anatom\u00eda para facilitar el conocimiento de los procesos espaciotemporales que definen al ser humano. Brinda a los estudiosos de las diferentes \u00e1reas de la salud, tanto de pregrado como de posgrado, una mirada sencilla, clara y cient\u00edfica de la morfolog\u00eda humana que posibilite la comprensi\u00f3n de las tres \u00e1reas que habitualmente se estudian de manera independiente.<\/p><p>Morfolog\u00eda humana es un libro de texto b\u00e1sico, con un enfoque sist\u00e9mico y una secuencia l\u00f3gica de su contenido. En \u00e9l se plantean los aspectos fundamentales de las estructuras que componen el organismo humano desde los puntos de vista macrosc\u00f3pico, microsc\u00f3pico y del desarrollo, de forma que permitan estudiar las caracter\u00edsticas generales de cada sistema org\u00e1nico y precisar las caracter\u00edsticas particulares m\u00e1s importantes de los \u00f3rganos que los componen; por lo tanto, se evita el exceso de detalles.<\/p>\t\t\t\t\t\t\t\t<\/div>\n\t\t\t\t<\/div>\n\t\t\t\t\t<\/div>\n\t\t\t\t<\/div>\n\t\t\t\t<\/div>\n\t\t","protected":false},"excerpt":{"rendered":"<p><strong>Autores:<\/strong>\u00a0Alberto Manuel \u00c1ngeles Castellanos,Mar\u00eda Isabel Garc\u00eda Pel\u00e1ez,Mar\u00eda Guadalupe S\u00e1nchez Bringas<br \/>\n<strong>ISBN:<\/strong>\u00a09786078546565<br \/>\n<strong>Editorial:<\/strong>\u00a0Panamericana<br \/>\n<strong>Edici\u00f3n:<\/strong>\u00a01\u00aa<br \/>\n<strong>Especialidad<\/strong>: Anatom\u00eda<br \/>\n<strong>P\u00e1ginas<\/strong>: 624<br \/>\n\u00a9 2022<\/p>\n","protected":false},"featured_media":11622,"comment_status":"open","ping_status":"open","template":"","meta":{"_joinchat":[]},"product_cat":[100],"product_tag":[101,70],"class_list":{"0":"post-11621","1":"product","2":"type-product","3":"status-publish","4":"has-post-thumbnail","6":"product_cat-anatomia","7":"product_tag-anatomia","8":"product_tag-panamericana","10":"first","11":"instock","12":"featured","13":"taxable","14":"shipping-taxable","15":"purchasable","16":"product-type-simple"},"_links":{"self":[{"href":"https:\/\/edimeinter.com\/libreria\/wp-json\/wp\/v2\/product\/11621","targetHints":{"allow":["GET"]}}],"collection":[{"href":"https:\/\/edimeinter.com\/libreria\/wp-json\/wp\/v2\/product"}],"about":[{"href":"https:\/\/edimeinter.com\/libreria\/wp-json\/wp\/v2\/types\/product"}],"replies":[{"embeddable":true,"href":"https:\/\/edimeinter.com\/libreria\/wp-json\/wp\/v2\/comments?post=11621"}],"version-history":[{"count":1,"href":"https:\/\/edimeinter.com\/libreria\/wp-json\/wp\/v2\/product\/11621\/revisions"}],"predecessor-version":[{"id":15233,"href":"https:\/\/edimeinter.com\/libreria\/wp-json\/wp\/v2\/product\/11621\/revisions\/15233"}],"wp:featuredmedia":[{"embeddable":true,"href":"https:\/\/edimeinter.com\/libreria\/wp-json\/wp\/v2\/media\/11622"}],"wp:attachment":[{"href":"https:\/\/edimeinter.com\/libreria\/wp-json\/wp\/v2\/media?parent=11621"}],"wp:term":[{"taxonomy":"product_cat","embeddable":true,"href":"https:\/\/edimeinter.com\/libreria\/wp-json\/wp\/v2\/product_cat?post=11621"},{"taxonomy":"product_tag","embeddable":true,"href":"https:\/\/edimeinter.com\/libreria\/wp-json\/wp\/v2\/product_tag?post=11621"}],"curies":[{"name":"wp","href":"https:\/\/api.w.org\/{rel}","templated":true}]}}