{"id":11627,"date":"2025-02-08T20:36:50","date_gmt":"2025-02-08T20:36:50","guid":{"rendered":"https:\/\/edimeinter.com\/libreria\/?post_type=product&#038;p=11627"},"modified":"2025-03-03T21:46:15","modified_gmt":"2025-03-03T21:46:15","slug":"cuidados-intensivos-atencion-integral-del-paciente-critico-2a-edicion","status":"publish","type":"product","link":"https:\/\/edimeinter.com\/libreria\/product\/cuidados-intensivos-atencion-integral-del-paciente-critico-2a-edicion\/","title":{"rendered":"Cuidados Intensivos Atenci\u00f3n Integral del Paciente Cr\u00edtico. 2\u00aa Edici\u00f3n"},"content":{"rendered":"\t\t<div data-elementor-type=\"wp-post\" data-elementor-id=\"11627\" class=\"elementor elementor-11627\">\n\t\t\t\t<div class=\"elementor-element elementor-element-2612b12 e-flex e-con-boxed e-con e-parent\" data-id=\"2612b12\" data-element_type=\"container\" data-e-type=\"container\">\n\t\t\t\t\t<div class=\"e-con-inner\">\n\t\t\n\t\t<div class=\"elementor-element elementor-element-498707ae elementor-widget elementor-widget-text-editor\" data-id=\"498707ae\" data-element_type=\"widget\" data-e-type=\"widget\" data-widget_type=\"text-editor.default\">\n\t\t\t\t<div class=\"elementor-widget-container\">\n\t\t\t\t\t\t\t\t\t<p>Los cuidados intensivos son una especialidad m\u00e9dica muy extensa por lo que esta obra surge con la intenci\u00f3n de seleccionar los contenidos m\u00e1s relevantes para servir a los profesionales que atienden a estos pacientes en la toma de decisiones diarias. Si hay algo que caracteriza al paciente cr\u00edtico es su necesidad de ser atendido por prioridades y, por ello, este manual trata de unificar los protocolos hospitalarios, seg\u00fan estas prioridades.<\/p>\t\t\t\t\t\t\t\t<\/div>\n\t\t\t\t<\/div>\n\t\t\t\t\t<\/div>\n\t\t\t\t<\/div>\n\t\t\t\t<\/div>\n\t\t","protected":false},"excerpt":{"rendered":"<p><strong>Autores:<\/strong>\u00a0Roc\u00edo Aragon\u00e9s Manzanares,Mar\u00eda Dolores Rinc\u00f3n Ferrari,Mar\u00eda Nieto Gonz\u00e1lez,Rebeca Olalla S\u00e1nchez,Leila Chimali Cobano,Sonia Ib\u00e1\u00f1ez Cuadros<br \/>\n<strong>ISBN:<\/strong>\u00a09788491108276<br \/>\n<strong>Editorial:<\/strong>\u00a0Panamericana<br \/>\n<strong>Edici\u00f3n:<\/strong>\u00a02\u00aa<br \/>\n<strong>Especialidad<\/strong>: Cuidados Intensivos<br \/>\n<strong>P\u00e1ginas<\/strong>: 1156<br \/>\n\u00a9 2022<\/p>\n","protected":false},"featured_media":11628,"comment_status":"open","ping_status":"open","template":"","meta":{"_joinchat":[]},"product_cat":[179],"product_tag":[180,70],"class_list":{"0":"post-11627","1":"product","2":"type-product","3":"status-publish","4":"has-post-thumbnail","6":"product_cat-cuidados-intensivos","7":"product_tag-cuidados-intensivos","8":"product_tag-panamericana","10":"first","11":"instock","12":"featured","13":"taxable","14":"shipping-taxable","15":"purchasable","16":"product-type-simple"},"_links":{"self":[{"href":"https:\/\/edimeinter.com\/libreria\/wp-json\/wp\/v2\/product\/11627","targetHints":{"allow":["GET"]}}],"collection":[{"href":"https:\/\/edimeinter.com\/libreria\/wp-json\/wp\/v2\/product"}],"about":[{"href":"https:\/\/edimeinter.com\/libreria\/wp-json\/wp\/v2\/types\/product"}],"replies":[{"embeddable":true,"href":"https:\/\/edimeinter.com\/libreria\/wp-json\/wp\/v2\/comments?post=11627"}],"version-history":[{"count":1,"href":"https:\/\/edimeinter.com\/libreria\/wp-json\/wp\/v2\/product\/11627\/revisions"}],"predecessor-version":[{"id":15234,"href":"https:\/\/edimeinter.com\/libreria\/wp-json\/wp\/v2\/product\/11627\/revisions\/15234"}],"wp:featuredmedia":[{"embeddable":true,"href":"https:\/\/edimeinter.com\/libreria\/wp-json\/wp\/v2\/media\/11628"}],"wp:attachment":[{"href":"https:\/\/edimeinter.com\/libreria\/wp-json\/wp\/v2\/media?parent=11627"}],"wp:term":[{"taxonomy":"product_cat","embeddable":true,"href":"https:\/\/edimeinter.com\/libreria\/wp-json\/wp\/v2\/product_cat?post=11627"},{"taxonomy":"product_tag","embeddable":true,"href":"https:\/\/edimeinter.com\/libreria\/wp-json\/wp\/v2\/product_tag?post=11627"}],"curies":[{"name":"wp","href":"https:\/\/api.w.org\/{rel}","templated":true}]}}