{"id":11633,"date":"2025-02-08T20:42:15","date_gmt":"2025-02-08T20:42:15","guid":{"rendered":"https:\/\/edimeinter.com\/libreria\/?post_type=product&#038;p=11633"},"modified":"2025-12-09T21:39:40","modified_gmt":"2025-12-09T21:39:40","slug":"enfermeria-de-salud-mental-y-psiquiatrica-3a-edicion","status":"publish","type":"product","link":"https:\/\/edimeinter.com\/libreria\/product\/enfermeria-de-salud-mental-y-psiquiatrica-3a-edicion\/","title":{"rendered":"Enfermer\u00eda de Salud Mental y Psiqui\u00e1trica. 3\u00aa Edici\u00f3n"},"content":{"rendered":"\t\t<div data-elementor-type=\"wp-post\" data-elementor-id=\"11633\" class=\"elementor elementor-11633\">\n\t\t\t\t<div class=\"elementor-element elementor-element-2612b12 e-flex e-con-boxed e-con e-parent\" data-id=\"2612b12\" data-element_type=\"container\" data-e-type=\"container\">\n\t\t\t\t\t<div class=\"e-con-inner\">\n\t\t\n\t\t<div class=\"elementor-element elementor-element-498707ae elementor-widget elementor-widget-text-editor\" data-id=\"498707ae\" data-element_type=\"widget\" data-e-type=\"widget\" data-widget_type=\"text-editor.default\">\n\t\t\t\t<div class=\"elementor-widget-container\">\n\t\t\t\t\t\t\t\t\t<div><div><div role=\"tabpanel\" aria-labelledby=\"ui-id-2\" aria-hidden=\"false\"><div><div><div data-style=\"accordion-style\" data-initialindex=\"0\"><div><div><div><div><div><div><div><p>La nueva edici\u00f3n de esta obra sirve de ayuda esencial tanto para la formaci\u00f3n como para la pr\u00e1ctica cl\u00ednica y constituye un gran aporte a la literatura cient\u00edfica de enfermer\u00eda psiqui\u00e1trica y salud mental. Basada en una conceptualizaci\u00f3n contempor\u00e1nea de la enfermer\u00eda, proporciona una visi\u00f3n integradora de la persona con problemas mentales.<\/p><\/div><\/div><\/div><\/div><\/div><\/div><\/div><\/div><\/div><\/div><\/div><\/div><\/div>\t\t\t\t\t\t\t\t<\/div>\n\t\t\t\t<\/div>\n\t\t\t\t\t<\/div>\n\t\t\t\t<\/div>\n\t\t\t\t<\/div>\n\t\t","protected":false},"excerpt":{"rendered":"<p><strong>Autores:<\/strong>\u00a0Joana Forn\u00e9s Vives,M\u00aa Montserrat S\u00e1nchez Ortu\u00f1o<br \/>\n<strong>ISBN:<\/strong>\u00a09788491109198<br \/>\n<strong>Editorial:<\/strong>\u00a0Panamericana<br \/>\n<strong>Edici\u00f3n:<\/strong>\u00a03\u00aa<br \/>\n<strong>Especialidad<\/strong>: Psiquiatr\u00eda<br \/>\n<strong>P\u00e1ginas<\/strong>: 300<br \/>\n\u00a9 2022<\/p>\n","protected":false},"featured_media":11634,"comment_status":"open","ping_status":"closed","template":"","meta":{"_joinchat":[]},"product_cat":[68],"product_tag":[70,69],"class_list":{"0":"post-11633","1":"product","2":"type-product","3":"status-publish","4":"has-post-thumbnail","6":"product_cat-psiquiatria","7":"product_tag-panamericana","8":"product_tag-psiquiatria","10":"first","11":"instock","12":"featured","13":"taxable","14":"shipping-taxable","15":"purchasable","16":"product-type-simple"},"_links":{"self":[{"href":"https:\/\/edimeinter.com\/libreria\/wp-json\/wp\/v2\/product\/11633","targetHints":{"allow":["GET"]}}],"collection":[{"href":"https:\/\/edimeinter.com\/libreria\/wp-json\/wp\/v2\/product"}],"about":[{"href":"https:\/\/edimeinter.com\/libreria\/wp-json\/wp\/v2\/types\/product"}],"replies":[{"embeddable":true,"href":"https:\/\/edimeinter.com\/libreria\/wp-json\/wp\/v2\/comments?post=11633"}],"version-history":[{"count":1,"href":"https:\/\/edimeinter.com\/libreria\/wp-json\/wp\/v2\/product\/11633\/revisions"}],"predecessor-version":[{"id":15235,"href":"https:\/\/edimeinter.com\/libreria\/wp-json\/wp\/v2\/product\/11633\/revisions\/15235"}],"wp:featuredmedia":[{"embeddable":true,"href":"https:\/\/edimeinter.com\/libreria\/wp-json\/wp\/v2\/media\/11634"}],"wp:attachment":[{"href":"https:\/\/edimeinter.com\/libreria\/wp-json\/wp\/v2\/media?parent=11633"}],"wp:term":[{"taxonomy":"product_cat","embeddable":true,"href":"https:\/\/edimeinter.com\/libreria\/wp-json\/wp\/v2\/product_cat?post=11633"},{"taxonomy":"product_tag","embeddable":true,"href":"https:\/\/edimeinter.com\/libreria\/wp-json\/wp\/v2\/product_tag?post=11633"}],"curies":[{"name":"wp","href":"https:\/\/api.w.org\/{rel}","templated":true}]}}