{"id":11645,"date":"2025-02-08T20:48:43","date_gmt":"2025-02-08T20:48:43","guid":{"rendered":"https:\/\/edimeinter.com\/libreria\/?post_type=product&#038;p=11645"},"modified":"2025-03-03T21:51:30","modified_gmt":"2025-03-03T21:51:30","slug":"tecnicas-intervencionistas-del-dolor-1a-edicion","status":"publish","type":"product","link":"https:\/\/edimeinter.com\/libreria\/product\/tecnicas-intervencionistas-del-dolor-1a-edicion\/","title":{"rendered":"T\u00e9cnicas Intervencionistas del Dolor. 1\u00aa Edici\u00f3n"},"content":{"rendered":"\t\t<div data-elementor-type=\"wp-post\" data-elementor-id=\"11645\" class=\"elementor elementor-11645\">\n\t\t\t\t<div class=\"elementor-element elementor-element-2612b12 e-flex e-con-boxed e-con e-parent\" data-id=\"2612b12\" data-element_type=\"container\" data-e-type=\"container\">\n\t\t\t\t\t<div class=\"e-con-inner\">\n\t\t\n\t\t<div class=\"elementor-element elementor-element-498707ae elementor-widget elementor-widget-text-editor\" data-id=\"498707ae\" data-element_type=\"widget\" data-e-type=\"widget\" data-widget_type=\"text-editor.default\">\n\t\t\t\t<div class=\"elementor-widget-container\">\n\t\t\t\t\t\t\t\t\t<div role=\"tabpanel\" aria-labelledby=\"ui-id-2\" aria-hidden=\"false\"><div data-style=\"accordion-style\" data-initialindex=\"0\"><p>Las t\u00e9cnicas intervencionistas del dolor se han convertido en una de las principales opciones terap\u00e9uticas para los pacientes con dolor, al permitir un alivio duradero de este y, en muchas ocasiones, la retirada o la disminuci\u00f3n de la medicaci\u00f3n oral cr\u00f3nica.<\/p><p>Esta obra es fruto del trabajo de numerosos profesionales que dedican su actividad diaria a tratar a pacientes con dolor, siendo las t\u00e9cnicas intervencionistas su herramienta principal para conseguir mejorar la calidad de vida de estos pacientes. Se estructura en dos grandes bloques tem\u00e1ticos, el primero dedicado a las bases del dolor y el segundo enfocado en las t\u00e9cnicas avanzadas en el tratamiento del dolor.<\/p><\/div><\/div>\t\t\t\t\t\t\t\t<\/div>\n\t\t\t\t<\/div>\n\t\t\t\t\t<\/div>\n\t\t\t\t<\/div>\n\t\t\t\t<\/div>\n\t\t","protected":false},"excerpt":{"rendered":"<p><strong>Autores:<\/strong>\u00a0Carlos Tornero, Marta Carri\u00f3 Font<br \/>\n<strong>ISBN:<\/strong>\u00a09788491108290<br \/>\n<strong>Editorial:<\/strong>\u00a0Panamericana<br \/>\n<strong>Edici\u00f3n:<\/strong>\u00a01\u00aa<br \/>\n<strong>Especialidad<\/strong>: Rehabilitaci\u00f3n y Medicina F\u00edsica<br \/>\n<strong>P\u00e1ginas<\/strong>: 339<br \/>\n\u00a9 2022<\/p>\n","protected":false},"featured_media":11646,"comment_status":"open","ping_status":"open","template":"","meta":{"_joinchat":[]},"product_cat":[211],"product_tag":[70,212],"class_list":{"0":"post-11645","1":"product","2":"type-product","3":"status-publish","4":"has-post-thumbnail","6":"product_cat-rehabilitacion-y-medicina-fisica","7":"product_tag-panamericana","8":"product_tag-rehabilitacion-y-medicina-fisica","10":"first","11":"instock","12":"featured","13":"taxable","14":"shipping-taxable","15":"purchasable","16":"product-type-simple"},"_links":{"self":[{"href":"https:\/\/edimeinter.com\/libreria\/wp-json\/wp\/v2\/product\/11645","targetHints":{"allow":["GET"]}}],"collection":[{"href":"https:\/\/edimeinter.com\/libreria\/wp-json\/wp\/v2\/product"}],"about":[{"href":"https:\/\/edimeinter.com\/libreria\/wp-json\/wp\/v2\/types\/product"}],"replies":[{"embeddable":true,"href":"https:\/\/edimeinter.com\/libreria\/wp-json\/wp\/v2\/comments?post=11645"}],"version-history":[{"count":1,"href":"https:\/\/edimeinter.com\/libreria\/wp-json\/wp\/v2\/product\/11645\/revisions"}],"predecessor-version":[{"id":15236,"href":"https:\/\/edimeinter.com\/libreria\/wp-json\/wp\/v2\/product\/11645\/revisions\/15236"}],"wp:featuredmedia":[{"embeddable":true,"href":"https:\/\/edimeinter.com\/libreria\/wp-json\/wp\/v2\/media\/11646"}],"wp:attachment":[{"href":"https:\/\/edimeinter.com\/libreria\/wp-json\/wp\/v2\/media?parent=11645"}],"wp:term":[{"taxonomy":"product_cat","embeddable":true,"href":"https:\/\/edimeinter.com\/libreria\/wp-json\/wp\/v2\/product_cat?post=11645"},{"taxonomy":"product_tag","embeddable":true,"href":"https:\/\/edimeinter.com\/libreria\/wp-json\/wp\/v2\/product_tag?post=11645"}],"curies":[{"name":"wp","href":"https:\/\/api.w.org\/{rel}","templated":true}]}}