{"id":11670,"date":"2025-02-08T21:10:58","date_gmt":"2025-02-08T21:10:58","guid":{"rendered":"https:\/\/edimeinter.com\/libreria\/?post_type=product&#038;p=11670"},"modified":"2025-03-03T22:00:57","modified_gmt":"2025-03-03T22:00:57","slug":"farmacologia-veterinaria-fundamentos-y-aplicaciones-terapeuticas-2a-edicion","status":"publish","type":"product","link":"https:\/\/edimeinter.com\/libreria\/product\/farmacologia-veterinaria-fundamentos-y-aplicaciones-terapeuticas-2a-edicion\/","title":{"rendered":"Farmacolog\u00eda veterinaria. Fundamentos y aplicaciones terap\u00e9uticas. 2\u00aa Edici\u00f3n"},"content":{"rendered":"\t\t<div data-elementor-type=\"wp-post\" data-elementor-id=\"11670\" class=\"elementor elementor-11670\">\n\t\t\t\t<div class=\"elementor-element elementor-element-2612b12 e-flex e-con-boxed e-con e-parent\" data-id=\"2612b12\" data-element_type=\"container\" data-e-type=\"container\">\n\t\t\t\t\t<div class=\"e-con-inner\">\n\t\t\n\t\t<div class=\"elementor-element elementor-element-498707ae elementor-widget elementor-widget-text-editor\" data-id=\"498707ae\" data-element_type=\"widget\" data-e-type=\"widget\" data-widget_type=\"text-editor.default\">\n\t\t\t\t<div class=\"elementor-widget-container\">\n\t\t\t\t\t\t\t\t\t<div role=\"tabpanel\" aria-labelledby=\"ui-id-2\" aria-hidden=\"false\"><div data-style=\"accordion-style\" data-initialindex=\"0\"><p>Esta obra sigue la filosof\u00eda de la primera edici\u00f3n, que surgi\u00f3 de la necesidad impuesta por los planes docentes de abordar la asignatura de farmacolog\u00eda de forma separada de la terap\u00e9utica. Por esta raz\u00f3n, aborda la farmacolog\u00eda agrupando los f\u00e1rmacos seg\u00fan sus dianas terap\u00e9uticas y prescinde del modelo fisiol\u00f3gico para reducir las complejidades interespecie, lo que aporta una descripci\u00f3n de los f\u00e1rmacos \u00fatil para cualquier estudiante de grado de Ciencias de la Salud.<\/p><\/div><\/div>\t\t\t\t\t\t\t\t<\/div>\n\t\t\t\t<\/div>\n\t\t\t\t\t<\/div>\n\t\t\t\t<\/div>\n\t\t\t\t<\/div>\n\t\t","protected":false},"excerpt":{"rendered":"<p><strong>Autores:<\/strong> Luis Miguel Botana L\u00f3pez<br \/>\n<strong>ISBN:<\/strong>\u00a09788491109396<br \/>\n<strong>Editorial:<\/strong>\u00a0Panamericana<br \/>\n<strong>Edici\u00f3n:<\/strong>\u00a01\u00aa<br \/>\n<strong>Especialidad<\/strong>: Veterinaria<br \/>\n<strong>P\u00e1ginas<\/strong>: 508<br \/>\n\u00a9 2022<\/p>\n","protected":false},"featured_media":11671,"comment_status":"open","ping_status":"open","template":"","meta":{"_joinchat":[]},"product_cat":[162],"product_tag":[70,163],"class_list":{"0":"post-11670","1":"product","2":"type-product","3":"status-publish","4":"has-post-thumbnail","6":"product_cat-veterinaria","7":"product_tag-panamericana","8":"product_tag-veterinaria","10":"first","11":"instock","12":"featured","13":"taxable","14":"shipping-taxable","15":"purchasable","16":"product-type-simple"},"_links":{"self":[{"href":"https:\/\/edimeinter.com\/libreria\/wp-json\/wp\/v2\/product\/11670","targetHints":{"allow":["GET"]}}],"collection":[{"href":"https:\/\/edimeinter.com\/libreria\/wp-json\/wp\/v2\/product"}],"about":[{"href":"https:\/\/edimeinter.com\/libreria\/wp-json\/wp\/v2\/types\/product"}],"replies":[{"embeddable":true,"href":"https:\/\/edimeinter.com\/libreria\/wp-json\/wp\/v2\/comments?post=11670"}],"version-history":[{"count":1,"href":"https:\/\/edimeinter.com\/libreria\/wp-json\/wp\/v2\/product\/11670\/revisions"}],"predecessor-version":[{"id":15240,"href":"https:\/\/edimeinter.com\/libreria\/wp-json\/wp\/v2\/product\/11670\/revisions\/15240"}],"wp:featuredmedia":[{"embeddable":true,"href":"https:\/\/edimeinter.com\/libreria\/wp-json\/wp\/v2\/media\/11671"}],"wp:attachment":[{"href":"https:\/\/edimeinter.com\/libreria\/wp-json\/wp\/v2\/media?parent=11670"}],"wp:term":[{"taxonomy":"product_cat","embeddable":true,"href":"https:\/\/edimeinter.com\/libreria\/wp-json\/wp\/v2\/product_cat?post=11670"},{"taxonomy":"product_tag","embeddable":true,"href":"https:\/\/edimeinter.com\/libreria\/wp-json\/wp\/v2\/product_tag?post=11670"}],"curies":[{"name":"wp","href":"https:\/\/api.w.org\/{rel}","templated":true}]}}