{"id":11676,"date":"2025-02-08T21:14:28","date_gmt":"2025-02-08T21:14:28","guid":{"rendered":"https:\/\/edimeinter.com\/libreria\/?post_type=product&#038;p=11676"},"modified":"2025-03-03T22:02:16","modified_gmt":"2025-03-03T22:02:16","slug":"manual-de-enfermedades-autoinflamatorias-1a-edicion","status":"publish","type":"product","link":"https:\/\/edimeinter.com\/libreria\/product\/manual-de-enfermedades-autoinflamatorias-1a-edicion\/","title":{"rendered":"Manual de Enfermedades Autoinflamatorias. 1\u00aa Edici\u00f3n"},"content":{"rendered":"\t\t<div data-elementor-type=\"wp-post\" data-elementor-id=\"11676\" class=\"elementor elementor-11676\">\n\t\t\t\t<div class=\"elementor-element elementor-element-2612b12 e-flex e-con-boxed e-con e-parent\" data-id=\"2612b12\" data-element_type=\"container\" data-e-type=\"container\">\n\t\t\t\t\t<div class=\"e-con-inner\">\n\t\t\n\t\t<div class=\"elementor-element elementor-element-498707ae elementor-widget elementor-widget-text-editor\" data-id=\"498707ae\" data-element_type=\"widget\" data-e-type=\"widget\" data-widget_type=\"text-editor.default\">\n\t\t\t\t<div class=\"elementor-widget-container\">\n\t\t\t\t\t\t\t\t\t<div role=\"tabpanel\" aria-labelledby=\"ui-id-2\" aria-hidden=\"false\"><div data-style=\"accordion-style\" data-initialindex=\"0\"><p>Las enfermedades autoinflamatorias son enfermedades minoritarias que frecuentemente comportan un diagn\u00f3stico dif\u00edcil y tard\u00edo, con un tratamiento complejo y prolongado. Tras el descubrimiento en 1997 del primer gen causal de una enfermedad autoinflamatoria, la fiebre mediterr\u00e1nea familiar, algunos progresos posteriores, como la identificaci\u00f3n del inflamasoma y otras v\u00edas inflamatorias como mecanismos clave alterados, el desarrollo de las t\u00e9cnicas de secuenciaci\u00f3n masiva y el inter\u00e9s de la comunidad cient\u00edfica en identificar potenciales pacientes afectados, han contribuido a la identificaci\u00f3n de cada vez m\u00e1s enfermedades autoinflamatorias de causa gen\u00e9tica. En paralelo, las opciones terap\u00e9uticas tambi\u00e9n han avanzado, y la utilizaci\u00f3n de los f\u00e1rmacos biol\u00f3gicos anti-citocinas ya ha conseguido mejorar la calidad de vida y la supervivencia de los pacientes que las padecen.<\/p><\/div><\/div>\t\t\t\t\t\t\t\t<\/div>\n\t\t\t\t<\/div>\n\t\t\t\t\t<\/div>\n\t\t\t\t<\/div>\n\t\t\t\t<\/div>\n\t\t","protected":false},"excerpt":{"rendered":"<p><strong>Autores:<\/strong>\u00a0Jos\u00e9 Hern\u00e1ndez Rodr\u00edguez<br \/>\n<strong>ISBN:<\/strong>\u00a09788491109143<br \/>\n<strong>Editorial:<\/strong>\u00a0Panamericana<br \/>\n<strong>Edici\u00f3n:<\/strong>\u00a01\u00aa<br \/>\n<strong>Especialidad<\/strong>: Medicina Interna<br \/>\n<strong>P\u00e1ginas<\/strong>: 360<br \/>\n\u00a9 2022<\/p>\n","protected":false},"featured_media":11677,"comment_status":"open","ping_status":"open","template":"","meta":{"_joinchat":[]},"product_cat":[150],"product_tag":[151,70],"class_list":{"0":"post-11676","1":"product","2":"type-product","3":"status-publish","4":"has-post-thumbnail","6":"product_cat-medicina-interna","7":"product_tag-medicina-interna","8":"product_tag-panamericana","10":"first","11":"instock","12":"featured","13":"taxable","14":"shipping-taxable","15":"purchasable","16":"product-type-simple"},"_links":{"self":[{"href":"https:\/\/edimeinter.com\/libreria\/wp-json\/wp\/v2\/product\/11676","targetHints":{"allow":["GET"]}}],"collection":[{"href":"https:\/\/edimeinter.com\/libreria\/wp-json\/wp\/v2\/product"}],"about":[{"href":"https:\/\/edimeinter.com\/libreria\/wp-json\/wp\/v2\/types\/product"}],"replies":[{"embeddable":true,"href":"https:\/\/edimeinter.com\/libreria\/wp-json\/wp\/v2\/comments?post=11676"}],"version-history":[{"count":1,"href":"https:\/\/edimeinter.com\/libreria\/wp-json\/wp\/v2\/product\/11676\/revisions"}],"predecessor-version":[{"id":15241,"href":"https:\/\/edimeinter.com\/libreria\/wp-json\/wp\/v2\/product\/11676\/revisions\/15241"}],"wp:featuredmedia":[{"embeddable":true,"href":"https:\/\/edimeinter.com\/libreria\/wp-json\/wp\/v2\/media\/11677"}],"wp:attachment":[{"href":"https:\/\/edimeinter.com\/libreria\/wp-json\/wp\/v2\/media?parent=11676"}],"wp:term":[{"taxonomy":"product_cat","embeddable":true,"href":"https:\/\/edimeinter.com\/libreria\/wp-json\/wp\/v2\/product_cat?post=11676"},{"taxonomy":"product_tag","embeddable":true,"href":"https:\/\/edimeinter.com\/libreria\/wp-json\/wp\/v2\/product_tag?post=11676"}],"curies":[{"name":"wp","href":"https:\/\/api.w.org\/{rel}","templated":true}]}}