{"id":11682,"date":"2025-02-08T21:23:51","date_gmt":"2025-02-08T21:23:51","guid":{"rendered":"https:\/\/edimeinter.com\/libreria\/?post_type=product&#038;p=11682"},"modified":"2025-03-03T22:03:21","modified_gmt":"2025-03-03T22:03:21","slug":"el-nino-con-problemas-gastrointestinales-y-hepaticos-1a-edicion","status":"publish","type":"product","link":"https:\/\/edimeinter.com\/libreria\/product\/el-nino-con-problemas-gastrointestinales-y-hepaticos-1a-edicion\/","title":{"rendered":"El ni\u00f1o con problemas gastrointestinales y hep\u00e1ticos. 1\u00aa Edici\u00f3n"},"content":{"rendered":"\t\t<div data-elementor-type=\"wp-post\" data-elementor-id=\"11682\" class=\"elementor elementor-11682\">\n\t\t\t\t<div class=\"elementor-element elementor-element-2612b12 e-flex e-con-boxed e-con e-parent\" data-id=\"2612b12\" data-element_type=\"container\" data-e-type=\"container\">\n\t\t\t\t\t<div class=\"e-con-inner\">\n\t\t\n\t\t<div class=\"elementor-element elementor-element-498707ae elementor-widget elementor-widget-text-editor\" data-id=\"498707ae\" data-element_type=\"widget\" data-e-type=\"widget\" data-widget_type=\"text-editor.default\">\n\t\t\t\t<div class=\"elementor-widget-container\">\n\t\t\t\t\t\t\t\t\t<div role=\"tabpanel\" aria-labelledby=\"ui-id-2\" aria-hidden=\"false\"><div data-style=\"accordion-style\" data-initialindex=\"0\"><p>Las enfermedades del tracto digestivo y hep\u00e1ticas son un motivo habitual de consulta al pediatra. En este nuevo volumen de las Series de Pediatr\u00eda Garrahan: El ni\u00f1o con problemas gastrointestinales y hep\u00e1ticos se describen las patolog\u00edas gastroenterol\u00f3gicas y hepatol\u00f3gicas m\u00e1s frecuentes en la pr\u00e1ctica, cuya presentaci\u00f3n es eminentemente cl\u00ednica y en las que el pediatra desempe\u00f1a un rol fundamental en la sospecha diagn\u00f3stica, la derivaci\u00f3n oportuna al especialista o a un centro de mayor complejidad, as\u00ed como el seguimiento conjunto con el especialista.<\/p><p>El enfoque pr\u00e1ctico y la discusi\u00f3n de casos cl\u00ednicos ubicando al pediatra en un papel central como coordinador de la atenci\u00f3n interdisciplinaria y la inclusi\u00f3n en cada cap\u00edtulo de aspectos clave y lecturas recomendadas.<\/p><p>La posibilidad de acceder al texto en formato electr\u00f3nico y a un certificado de acreditaci\u00f3n de horas acad\u00e9micas luego de aprobar un examen que corrobora el aprovechamiento de los contenidos.<\/p><\/div><\/div>\t\t\t\t\t\t\t\t<\/div>\n\t\t\t\t<\/div>\n\t\t\t\t\t<\/div>\n\t\t\t\t<\/div>\n\t\t\t\t<\/div>\n\t\t","protected":false},"excerpt":{"rendered":"<p><strong>Autores:<\/strong>\u00a0Hospital de Pediatr\u00eda S.A.M.I.C. Prof. Dr. Juan P. Garrahan,Laura Busquet,Susana I. L\u00f3pez,Liliana Sasson<br \/>\n<strong>ISBN:<\/strong>\u00a09789500696838<br \/>\n<strong>Editorial:<\/strong>\u00a0Panamericana<br \/>\n<strong>Edici\u00f3n:<\/strong>\u00a01\u00aa<br \/>\n<strong>Especialidad<\/strong>: Pediatr\u00eda<br \/>\n<strong>P\u00e1ginas<\/strong>: 172<br \/>\n\u00a9 2022<\/p>\n","protected":false},"featured_media":11683,"comment_status":"open","ping_status":"open","template":"","meta":{"_joinchat":[]},"product_cat":[130],"product_tag":[70,131],"class_list":{"0":"post-11682","1":"product","2":"type-product","3":"status-publish","4":"has-post-thumbnail","6":"product_cat-pediatria-y-neonatologia","7":"product_tag-panamericana","8":"product_tag-pediatria-y-neonatologia","10":"first","11":"instock","12":"featured","13":"taxable","14":"shipping-taxable","15":"purchasable","16":"product-type-simple"},"_links":{"self":[{"href":"https:\/\/edimeinter.com\/libreria\/wp-json\/wp\/v2\/product\/11682","targetHints":{"allow":["GET"]}}],"collection":[{"href":"https:\/\/edimeinter.com\/libreria\/wp-json\/wp\/v2\/product"}],"about":[{"href":"https:\/\/edimeinter.com\/libreria\/wp-json\/wp\/v2\/types\/product"}],"replies":[{"embeddable":true,"href":"https:\/\/edimeinter.com\/libreria\/wp-json\/wp\/v2\/comments?post=11682"}],"version-history":[{"count":2,"href":"https:\/\/edimeinter.com\/libreria\/wp-json\/wp\/v2\/product\/11682\/revisions"}],"predecessor-version":[{"id":15243,"href":"https:\/\/edimeinter.com\/libreria\/wp-json\/wp\/v2\/product\/11682\/revisions\/15243"}],"wp:featuredmedia":[{"embeddable":true,"href":"https:\/\/edimeinter.com\/libreria\/wp-json\/wp\/v2\/media\/11683"}],"wp:attachment":[{"href":"https:\/\/edimeinter.com\/libreria\/wp-json\/wp\/v2\/media?parent=11682"}],"wp:term":[{"taxonomy":"product_cat","embeddable":true,"href":"https:\/\/edimeinter.com\/libreria\/wp-json\/wp\/v2\/product_cat?post=11682"},{"taxonomy":"product_tag","embeddable":true,"href":"https:\/\/edimeinter.com\/libreria\/wp-json\/wp\/v2\/product_tag?post=11682"}],"curies":[{"name":"wp","href":"https:\/\/api.w.org\/{rel}","templated":true}]}}