{"id":11689,"date":"2025-02-08T21:36:58","date_gmt":"2025-02-08T21:36:58","guid":{"rendered":"https:\/\/edimeinter.com\/libreria\/?post_type=product&#038;p=11689"},"modified":"2025-03-03T22:05:51","modified_gmt":"2025-03-03T22:05:51","slug":"ninos-con-parasitos-1a-edicion","status":"publish","type":"product","link":"https:\/\/edimeinter.com\/libreria\/product\/ninos-con-parasitos-1a-edicion\/","title":{"rendered":"Ni\u00f1os con Par\u00e1sitos. 1\u00aa Edici\u00f3n"},"content":{"rendered":"\t\t<div data-elementor-type=\"wp-post\" data-elementor-id=\"11689\" class=\"elementor elementor-11689\">\n\t\t\t\t<div class=\"elementor-element elementor-element-2612b12 e-flex e-con-boxed e-con e-parent\" data-id=\"2612b12\" data-element_type=\"container\" data-e-type=\"container\">\n\t\t\t\t\t<div class=\"e-con-inner\">\n\t\t\n\t\t<div class=\"elementor-element elementor-element-498707ae elementor-widget elementor-widget-text-editor\" data-id=\"498707ae\" data-element_type=\"widget\" data-e-type=\"widget\" data-widget_type=\"text-editor.default\">\n\t\t\t\t<div class=\"elementor-widget-container\">\n\t\t\t\t\t\t\t\t\t<div role=\"tabpanel\" aria-labelledby=\"ui-id-2\" aria-hidden=\"false\"><div data-style=\"accordion-style\" data-initialindex=\"0\"><p>Las parasitosis constituyen un problema relevante de la salud p\u00fablica a nivel mundial y un factor frecuente de desnutrici\u00f3n y comorbilidad en la infancia. En \u00e9pocas de evoluci\u00f3n de la pediatr\u00eda y de la ciencia en general, en las que podr\u00eda esperarse que las parasitosis hubiesen disminuido a su m\u00ednima expresi\u00f3n, persisten parad\u00f3jicamente problemas viejos, solucionables y prevalentes. Se suman a este contraste los desaf\u00edos de las nuevas patolog\u00edas, que concentran la atenci\u00f3n y el inter\u00e9s de la comunidad cient\u00edfica, mientras que la problem\u00e1tica las parasitosis sigue relegada.<\/p><p>En Ni\u00f1os con par\u00e1sitos. Aspectos pr\u00e1cticos para su atenci\u00f3n su autor, Juan Carlos Beltramino, de dilatada experiencia asistencial y acad\u00e9mica, junto con sus expertos colaboradores, desarrollan un enfoque m\u00e9dico pr\u00e1ctico y ameno las enfermedades asociadas a las parasitosis en la infancia.<\/p><\/div><\/div>\t\t\t\t\t\t\t\t<\/div>\n\t\t\t\t<\/div>\n\t\t\t\t\t<\/div>\n\t\t\t\t<\/div>\n\t\t\t\t<\/div>\n\t\t","protected":false},"excerpt":{"rendered":"<div>\n<p><strong>Autores:<\/strong>\u00a0Juan Carlos Beltramino<br \/>\n<strong>ISBN:<\/strong>\u00a09789500696876<br \/>\n<strong>Editorial:<\/strong>\u00a0Panamericana<br \/>\n<strong>Edici\u00f3n:<\/strong>\u00a01\u00aa<br \/>\n<strong>Especialidad<\/strong>: Pediatr\u00eda<br \/>\n<strong>P\u00e1ginas<\/strong>: 256<br \/>\n\u00a9 2022<\/p>\n<\/div>\n","protected":false},"featured_media":11690,"comment_status":"open","ping_status":"open","template":"","meta":{"_joinchat":[]},"product_cat":[130],"product_tag":[70,131],"class_list":{"0":"post-11689","1":"product","2":"type-product","3":"status-publish","4":"has-post-thumbnail","6":"product_cat-pediatria-y-neonatologia","7":"product_tag-panamericana","8":"product_tag-pediatria-y-neonatologia","10":"first","11":"instock","12":"featured","13":"taxable","14":"shipping-taxable","15":"purchasable","16":"product-type-simple"},"_links":{"self":[{"href":"https:\/\/edimeinter.com\/libreria\/wp-json\/wp\/v2\/product\/11689","targetHints":{"allow":["GET"]}}],"collection":[{"href":"https:\/\/edimeinter.com\/libreria\/wp-json\/wp\/v2\/product"}],"about":[{"href":"https:\/\/edimeinter.com\/libreria\/wp-json\/wp\/v2\/types\/product"}],"replies":[{"embeddable":true,"href":"https:\/\/edimeinter.com\/libreria\/wp-json\/wp\/v2\/comments?post=11689"}],"version-history":[{"count":1,"href":"https:\/\/edimeinter.com\/libreria\/wp-json\/wp\/v2\/product\/11689\/revisions"}],"predecessor-version":[{"id":15244,"href":"https:\/\/edimeinter.com\/libreria\/wp-json\/wp\/v2\/product\/11689\/revisions\/15244"}],"wp:featuredmedia":[{"embeddable":true,"href":"https:\/\/edimeinter.com\/libreria\/wp-json\/wp\/v2\/media\/11690"}],"wp:attachment":[{"href":"https:\/\/edimeinter.com\/libreria\/wp-json\/wp\/v2\/media?parent=11689"}],"wp:term":[{"taxonomy":"product_cat","embeddable":true,"href":"https:\/\/edimeinter.com\/libreria\/wp-json\/wp\/v2\/product_cat?post=11689"},{"taxonomy":"product_tag","embeddable":true,"href":"https:\/\/edimeinter.com\/libreria\/wp-json\/wp\/v2\/product_tag?post=11689"}],"curies":[{"name":"wp","href":"https:\/\/api.w.org\/{rel}","templated":true}]}}