{"id":11695,"date":"2025-02-08T21:45:03","date_gmt":"2025-02-08T21:45:03","guid":{"rendered":"https:\/\/edimeinter.com\/libreria\/?post_type=product&#038;p=11695"},"modified":"2025-03-03T22:08:01","modified_gmt":"2025-03-03T22:08:01","slug":"ventilacion-mecanica-en-pediatria-2a-edicion","status":"publish","type":"product","link":"https:\/\/edimeinter.com\/libreria\/product\/ventilacion-mecanica-en-pediatria-2a-edicion\/","title":{"rendered":"Ventilaci\u00f3n Mec\u00e1nica en Pediatr\u00eda. 2\u00aa Edici\u00f3n"},"content":{"rendered":"\t\t<div data-elementor-type=\"wp-post\" data-elementor-id=\"11695\" class=\"elementor elementor-11695\">\n\t\t\t\t<div class=\"elementor-element elementor-element-2612b12 e-flex e-con-boxed e-con e-parent\" data-id=\"2612b12\" data-element_type=\"container\" data-e-type=\"container\">\n\t\t\t\t\t<div class=\"e-con-inner\">\n\t\t\n\t\t<div class=\"elementor-element elementor-element-498707ae elementor-widget elementor-widget-text-editor\" data-id=\"498707ae\" data-element_type=\"widget\" data-e-type=\"widget\" data-widget_type=\"text-editor.default\">\n\t\t\t\t<div class=\"elementor-widget-container\">\n\t\t\t\t\t\t\t\t\t<div role=\"tabpanel\" aria-labelledby=\"ui-id-2\" aria-hidden=\"false\"><div data-style=\"accordion-style\" data-initialindex=\"0\"><p>La ventilaci\u00f3n mec\u00e1nica (VM) es el soporte vital m\u00e1s utilizado y muchos pacientes que ingresan en las Unidades de Cuidados Intensivos Pedi\u00e1tricos (UCIP) requieren esta intervenci\u00f3n, adem\u00e1s de su uso en las \u00e1reas de emergencias y durante los procedimientos de anestesia. Desde la implementaci\u00f3n de la ventilaci\u00f3n con presi\u00f3n positiva en la d\u00e9cada de 1950 hasta la actualidad se produjeron muchas innovaciones, como la incorporaci\u00f3n de interfaces no invasivas y la disponibilidad de nuevos modos ventilatorios pero, por sobre todo, se modific\u00f3 el objetivo de normalizar los par\u00e1metros fisiol\u00f3gicos de intercambio gaseoso hacia el enfoque actual de lograr una mejor\u00eda aceptable paralela a evitar la lesi\u00f3n pulmonar por la VM. Todos estos cambios, que se intensificaron en los \u00faltimos diez a\u00f1os, impulsaron a los miembros del Comit\u00e9 Pedi\u00e1trico de Neumonolog\u00eda Cr\u00edtica de la Sociedad Argentina de Terapia Intensiva (SATI) a actualizar la primera edici\u00f3n de este manual.<\/p><\/div><\/div>\t\t\t\t\t\t\t\t<\/div>\n\t\t\t\t<\/div>\n\t\t\t\t\t<\/div>\n\t\t\t\t<\/div>\n\t\t\t\t<\/div>\n\t\t","protected":false},"excerpt":{"rendered":"<p><strong>Autores:<\/strong>\u00a0SATI (Sociedad Argentina de Terapia Intensiva),Comit\u00e9 Pedi\u00e1trico de Neumonolog\u00eda Cr\u00edtica<br \/>\n<strong>ISBN:<\/strong>\u00a09789500696821<br \/>\n<strong>Editorial:<\/strong>\u00a0Panamericana<br \/>\n<strong>Edici\u00f3n:<\/strong>\u00a02\u00aa<br \/>\n<strong>Especialidad<\/strong>: Pediatr\u00eda<br \/>\n<strong>P\u00e1ginas<\/strong>: 568<br \/>\n\u00a9 2021<\/p>\n","protected":false},"featured_media":11696,"comment_status":"open","ping_status":"open","template":"","meta":{"_joinchat":[]},"product_cat":[130],"product_tag":[70,131],"class_list":{"0":"post-11695","1":"product","2":"type-product","3":"status-publish","4":"has-post-thumbnail","6":"product_cat-pediatria-y-neonatologia","7":"product_tag-panamericana","8":"product_tag-pediatria-y-neonatologia","10":"first","11":"instock","12":"featured","13":"taxable","14":"shipping-taxable","15":"purchasable","16":"product-type-simple"},"_links":{"self":[{"href":"https:\/\/edimeinter.com\/libreria\/wp-json\/wp\/v2\/product\/11695","targetHints":{"allow":["GET"]}}],"collection":[{"href":"https:\/\/edimeinter.com\/libreria\/wp-json\/wp\/v2\/product"}],"about":[{"href":"https:\/\/edimeinter.com\/libreria\/wp-json\/wp\/v2\/types\/product"}],"replies":[{"embeddable":true,"href":"https:\/\/edimeinter.com\/libreria\/wp-json\/wp\/v2\/comments?post=11695"}],"version-history":[{"count":1,"href":"https:\/\/edimeinter.com\/libreria\/wp-json\/wp\/v2\/product\/11695\/revisions"}],"predecessor-version":[{"id":15245,"href":"https:\/\/edimeinter.com\/libreria\/wp-json\/wp\/v2\/product\/11695\/revisions\/15245"}],"wp:featuredmedia":[{"embeddable":true,"href":"https:\/\/edimeinter.com\/libreria\/wp-json\/wp\/v2\/media\/11696"}],"wp:attachment":[{"href":"https:\/\/edimeinter.com\/libreria\/wp-json\/wp\/v2\/media?parent=11695"}],"wp:term":[{"taxonomy":"product_cat","embeddable":true,"href":"https:\/\/edimeinter.com\/libreria\/wp-json\/wp\/v2\/product_cat?post=11695"},{"taxonomy":"product_tag","embeddable":true,"href":"https:\/\/edimeinter.com\/libreria\/wp-json\/wp\/v2\/product_tag?post=11695"}],"curies":[{"name":"wp","href":"https:\/\/api.w.org\/{rel}","templated":true}]}}