{"id":11707,"date":"2025-02-08T22:01:34","date_gmt":"2025-02-08T22:01:34","guid":{"rendered":"https:\/\/edimeinter.com\/libreria\/?post_type=product&#038;p=11707"},"modified":"2025-03-03T22:12:56","modified_gmt":"2025-03-03T22:12:56","slug":"ecografia-en-ginecologia-1a-edicion","status":"publish","type":"product","link":"https:\/\/edimeinter.com\/libreria\/product\/ecografia-en-ginecologia-1a-edicion\/","title":{"rendered":"Ecograf\u00eda en Ginecolog\u00eda. 1\u00aa Edici\u00f3n"},"content":{"rendered":"\t\t<div data-elementor-type=\"wp-post\" data-elementor-id=\"11707\" class=\"elementor elementor-11707\">\n\t\t\t\t<div class=\"elementor-element elementor-element-2612b12 e-flex e-con-boxed e-con e-parent\" data-id=\"2612b12\" data-element_type=\"container\" data-e-type=\"container\">\n\t\t\t\t\t<div class=\"e-con-inner\">\n\t\t\n\t\t<div class=\"elementor-element elementor-element-498707ae elementor-widget elementor-widget-text-editor\" data-id=\"498707ae\" data-element_type=\"widget\" data-e-type=\"widget\" data-widget_type=\"text-editor.default\">\n\t\t\t\t<div class=\"elementor-widget-container\">\n\t\t\t\t\t\t\t\t\t<div role=\"tabpanel\" aria-labelledby=\"ui-id-2\" aria-hidden=\"false\"><div data-style=\"accordion-style\" data-initialindex=\"0\"><p>Durante el periodo de formaci\u00f3n en la especializaci\u00f3n en ginecolog\u00eda, la ecograf\u00eda ginecol\u00f3gica, siendo un arma diagn\u00f3stica muy importante y ampliamente utilizada, no siempre recibe la atenci\u00f3n adecuada. Sin embargo, la ecograf\u00eda ginecol\u00f3gica resulta fundamental en la pr\u00e1ctica cl\u00ednica habitual ya que se integra dentro de la revisi\u00f3n ginecol\u00f3gica b\u00e1sica. El conocimiento de los patrones de normalidad de este tipo de ecograf\u00eda, as\u00ed como saber c\u00f3mo dirigir su diagn\u00f3stico es imprescindible para garantizar una correcta toma de decisiones.<\/p><\/div><\/div>\t\t\t\t\t\t\t\t<\/div>\n\t\t\t\t<\/div>\n\t\t\t\t\t<\/div>\n\t\t\t\t<\/div>\n\t\t\t\t<\/div>\n\t\t","protected":false},"excerpt":{"rendered":"<p><strong>Autores:<\/strong>\u00a0Irene Pelayo Delgado,Leopoldo Abarca Mart\u00ednez,Jes\u00fas L\u00e1zaro-Carrasco de la Fuente<br \/>\n<strong>ISBN:<\/strong>\u00a09788491108658<br \/>\n<strong>Editorial:<\/strong>\u00a0Panamericana<br \/>\n<strong>Edici\u00f3n:<\/strong>\u00a01\u00aa<br \/>\n<strong>Especialidad<\/strong>: Diagn\u00f3stico por Im\u00e1genes<br \/>\n<strong>P\u00e1ginas<\/strong>: 392<br \/>\n\u00a9 2022<\/p>\n","protected":false},"featured_media":11708,"comment_status":"open","ping_status":"open","template":"","meta":{"_joinchat":[]},"product_cat":[80],"product_tag":[81,70],"class_list":{"0":"post-11707","1":"product","2":"type-product","3":"status-publish","4":"has-post-thumbnail","6":"product_cat-diagnostico-por-imagenes","7":"product_tag-diagnostico-por-imagenes","8":"product_tag-panamericana","10":"first","11":"instock","12":"featured","13":"taxable","14":"shipping-taxable","15":"purchasable","16":"product-type-simple"},"_links":{"self":[{"href":"https:\/\/edimeinter.com\/libreria\/wp-json\/wp\/v2\/product\/11707","targetHints":{"allow":["GET"]}}],"collection":[{"href":"https:\/\/edimeinter.com\/libreria\/wp-json\/wp\/v2\/product"}],"about":[{"href":"https:\/\/edimeinter.com\/libreria\/wp-json\/wp\/v2\/types\/product"}],"replies":[{"embeddable":true,"href":"https:\/\/edimeinter.com\/libreria\/wp-json\/wp\/v2\/comments?post=11707"}],"version-history":[{"count":2,"href":"https:\/\/edimeinter.com\/libreria\/wp-json\/wp\/v2\/product\/11707\/revisions"}],"predecessor-version":[{"id":15248,"href":"https:\/\/edimeinter.com\/libreria\/wp-json\/wp\/v2\/product\/11707\/revisions\/15248"}],"wp:featuredmedia":[{"embeddable":true,"href":"https:\/\/edimeinter.com\/libreria\/wp-json\/wp\/v2\/media\/11708"}],"wp:attachment":[{"href":"https:\/\/edimeinter.com\/libreria\/wp-json\/wp\/v2\/media?parent=11707"}],"wp:term":[{"taxonomy":"product_cat","embeddable":true,"href":"https:\/\/edimeinter.com\/libreria\/wp-json\/wp\/v2\/product_cat?post=11707"},{"taxonomy":"product_tag","embeddable":true,"href":"https:\/\/edimeinter.com\/libreria\/wp-json\/wp\/v2\/product_tag?post=11707"}],"curies":[{"name":"wp","href":"https:\/\/api.w.org\/{rel}","templated":true}]}}