{"id":11720,"date":"2025-02-08T22:16:48","date_gmt":"2025-02-08T22:16:48","guid":{"rendered":"https:\/\/edimeinter.com\/libreria\/?post_type=product&#038;p=11720"},"modified":"2025-03-03T22:20:21","modified_gmt":"2025-03-03T22:20:21","slug":"ecografia-en-reproduccion-endometriosis-dolor-pelvico-y-suelo-pelvico-1a-edicion","status":"publish","type":"product","link":"https:\/\/edimeinter.com\/libreria\/product\/ecografia-en-reproduccion-endometriosis-dolor-pelvico-y-suelo-pelvico-1a-edicion\/","title":{"rendered":"Ecograf\u00eda en Reproducci\u00f3n, Endometriosis, Dolor P\u00e9lvico y Suelo P\u00e9lvico. 1\u00aa Edici\u00f3n"},"content":{"rendered":"\t\t<div data-elementor-type=\"wp-post\" data-elementor-id=\"11720\" class=\"elementor elementor-11720\">\n\t\t\t\t<div class=\"elementor-element elementor-element-2612b12 e-flex e-con-boxed e-con e-parent\" data-id=\"2612b12\" data-element_type=\"container\" data-e-type=\"container\">\n\t\t\t\t\t<div class=\"e-con-inner\">\n\t\t\n\t\t<div class=\"elementor-element elementor-element-498707ae elementor-widget elementor-widget-text-editor\" data-id=\"498707ae\" data-element_type=\"widget\" data-e-type=\"widget\" data-widget_type=\"text-editor.default\">\n\t\t\t\t<div class=\"elementor-widget-container\">\n\t\t\t\t\t\t\t\t\t<div role=\"tabpanel\" aria-labelledby=\"ui-id-2\" aria-hidden=\"false\"><div data-style=\"accordion-style\" data-initialindex=\"0\"><p>La ecograf\u00eda es, sin duda alguna, una t\u00e9cnica diagn\u00f3stica fundamental en la valoraci\u00f3n de la patolog\u00eda ginecol\u00f3gica. Espec\u00edficamente, en \u00e1reas como la reproducci\u00f3n, la endometriosis y la disfunci\u00f3n del suelo p\u00e9lvico, hoy d\u00eda es una herramienta de uso indispensable. Igualmente se considera como la prueba de imagen de primera elecci\u00f3n en mujeres que presentan dolor p\u00e9lvico, especialmente si se sospecha de origen ginecol\u00f3gico.<\/p><p>En los \u00faltimos a\u00f1os se han producido significativos avances en el uso de la ecograf\u00eda en medicina reproductiva con la incorporaci\u00f3n de la ecograf\u00eda 3D, en la endometriosis p\u00e9lvica, donde la ecograf\u00eda se ha convertido en la prueba de imagen de primera l\u00ednea para su evaluaci\u00f3n, y en la patolog\u00eda de suelo p\u00e9lvico tanto con la ecograf\u00eda 3D como 4D. Adem\u00e1s, indudablemente, la ecograf\u00eda es una herramienta fundamental en el diagn\u00f3stico y manejo del dolor p\u00e9lvico, tanto agudo como cr\u00f3nico, en la mujer no gestante.<\/p><\/div><\/div>\t\t\t\t\t\t\t\t<\/div>\n\t\t\t\t<\/div>\n\t\t\t\t\t<\/div>\n\t\t\t\t<\/div>\n\t\t\t\t<\/div>\n\t\t","protected":false},"excerpt":{"rendered":"<p><strong>Autores:<\/strong>\u00a0Juan Luis Alc\u00e1zar Zambrano<br \/>\n<strong>ISBN:<\/strong>\u00a09788491109099<br \/>\n<strong>Editorial:<\/strong>\u00a0Panamericana<br \/>\n<strong>Edici\u00f3n:<\/strong>\u00a01\u00aa<br \/>\n<strong>Especialidad<\/strong>: Diagn\u00f3stico por Im\u00e1genes<br \/>\n<strong>P\u00e1ginas<\/strong>: 240<br \/>\n\u00a9 2022<\/p>\n","protected":false},"featured_media":11721,"comment_status":"open","ping_status":"open","template":"","meta":{"_joinchat":[]},"product_cat":[80],"product_tag":[81,70],"class_list":{"0":"post-11720","1":"product","2":"type-product","3":"status-publish","4":"has-post-thumbnail","6":"product_cat-diagnostico-por-imagenes","7":"product_tag-diagnostico-por-imagenes","8":"product_tag-panamericana","10":"first","11":"instock","12":"featured","13":"taxable","14":"shipping-taxable","15":"purchasable","16":"product-type-simple"},"_links":{"self":[{"href":"https:\/\/edimeinter.com\/libreria\/wp-json\/wp\/v2\/product\/11720","targetHints":{"allow":["GET"]}}],"collection":[{"href":"https:\/\/edimeinter.com\/libreria\/wp-json\/wp\/v2\/product"}],"about":[{"href":"https:\/\/edimeinter.com\/libreria\/wp-json\/wp\/v2\/types\/product"}],"replies":[{"embeddable":true,"href":"https:\/\/edimeinter.com\/libreria\/wp-json\/wp\/v2\/comments?post=11720"}],"version-history":[{"count":1,"href":"https:\/\/edimeinter.com\/libreria\/wp-json\/wp\/v2\/product\/11720\/revisions"}],"predecessor-version":[{"id":15250,"href":"https:\/\/edimeinter.com\/libreria\/wp-json\/wp\/v2\/product\/11720\/revisions\/15250"}],"wp:featuredmedia":[{"embeddable":true,"href":"https:\/\/edimeinter.com\/libreria\/wp-json\/wp\/v2\/media\/11721"}],"wp:attachment":[{"href":"https:\/\/edimeinter.com\/libreria\/wp-json\/wp\/v2\/media?parent=11720"}],"wp:term":[{"taxonomy":"product_cat","embeddable":true,"href":"https:\/\/edimeinter.com\/libreria\/wp-json\/wp\/v2\/product_cat?post=11720"},{"taxonomy":"product_tag","embeddable":true,"href":"https:\/\/edimeinter.com\/libreria\/wp-json\/wp\/v2\/product_tag?post=11720"}],"curies":[{"name":"wp","href":"https:\/\/api.w.org\/{rel}","templated":true}]}}