{"id":11732,"date":"2025-02-08T22:22:31","date_gmt":"2025-02-08T22:22:31","guid":{"rendered":"https:\/\/edimeinter.com\/libreria\/?post_type=product&#038;p=11732"},"modified":"2025-03-03T22:27:48","modified_gmt":"2025-03-03T22:27:48","slug":"ecografia-en-la-paciente-con-cancer-ginecologico-1a-edicion","status":"publish","type":"product","link":"https:\/\/edimeinter.com\/libreria\/product\/ecografia-en-la-paciente-con-cancer-ginecologico-1a-edicion\/","title":{"rendered":"Ecograf\u00eda en la Paciente con C\u00e1ncer Ginecol\u00f3gico. 1\u00aa Edici\u00f3n"},"content":{"rendered":"\t\t<div data-elementor-type=\"wp-post\" data-elementor-id=\"11732\" class=\"elementor elementor-11732\">\n\t\t\t\t<div class=\"elementor-element elementor-element-2612b12 e-flex e-con-boxed e-con e-parent\" data-id=\"2612b12\" data-element_type=\"container\" data-e-type=\"container\">\n\t\t\t\t\t<div class=\"e-con-inner\">\n\t\t\n\t\t<div class=\"elementor-element elementor-element-498707ae elementor-widget elementor-widget-text-editor\" data-id=\"498707ae\" data-element_type=\"widget\" data-e-type=\"widget\" data-widget_type=\"text-editor.default\">\n\t\t\t\t<div class=\"elementor-widget-container\">\n\t\t\t\t\t\t\t\t\t<div role=\"tabpanel\" aria-labelledby=\"ui-id-2\" aria-hidden=\"false\"><div data-style=\"accordion-style\" data-initialindex=\"0\"><p>En la actualidad, la ecograf\u00eda es una herramienta de diagn\u00f3stico por imagen ampliamente empleada en Ginecolog\u00eda ya que ofrece una serie de posibilidades que la hacen muy atractiva en la pr\u00e1ctica cl\u00ednica, como son su amplia disponibilidad, su bajo coste y su alto rendimiento diagn\u00f3stico. Adem\u00e1s, en particular, en la Oncolog\u00eda Ginecol\u00f3gica, donde tradicionalmente se ha hecho uso de otras t\u00e9cnicas de imagen en la valoraci\u00f3n de pacientes, se ha producido un avance significativo en su uso en los \u00faltimos a\u00f1os.<\/p><\/div><\/div>\t\t\t\t\t\t\t\t<\/div>\n\t\t\t\t<\/div>\n\t\t\t\t\t<\/div>\n\t\t\t\t<\/div>\n\t\t\t\t<\/div>\n\t\t","protected":false},"excerpt":{"rendered":"<p><strong>Autores:<\/strong>\u00a0Juan Luis Alc\u00e1zar Zambrano<br \/>\n<strong>ISBN:<\/strong>\u00a09788491108702<br \/>\n<strong>Editorial:<\/strong>\u00a0Panamericana<br \/>\n<strong>Edici\u00f3n:<\/strong>\u00a01\u00aa<br \/>\n<strong>Especialidad<\/strong>: Diagn\u00f3stico por Im\u00e1genes<br \/>\n<strong>P\u00e1ginas<\/strong>: 194<br \/>\n\u00a9 2022<\/p>\n","protected":false},"featured_media":11733,"comment_status":"open","ping_status":"open","template":"","meta":{"_joinchat":[]},"product_cat":[80],"product_tag":[81,70],"class_list":{"0":"post-11732","1":"product","2":"type-product","3":"status-publish","4":"has-post-thumbnail","6":"product_cat-diagnostico-por-imagenes","7":"product_tag-diagnostico-por-imagenes","8":"product_tag-panamericana","10":"first","11":"instock","12":"featured","13":"taxable","14":"shipping-taxable","15":"purchasable","16":"product-type-simple"},"_links":{"self":[{"href":"https:\/\/edimeinter.com\/libreria\/wp-json\/wp\/v2\/product\/11732","targetHints":{"allow":["GET"]}}],"collection":[{"href":"https:\/\/edimeinter.com\/libreria\/wp-json\/wp\/v2\/product"}],"about":[{"href":"https:\/\/edimeinter.com\/libreria\/wp-json\/wp\/v2\/types\/product"}],"replies":[{"embeddable":true,"href":"https:\/\/edimeinter.com\/libreria\/wp-json\/wp\/v2\/comments?post=11732"}],"version-history":[{"count":1,"href":"https:\/\/edimeinter.com\/libreria\/wp-json\/wp\/v2\/product\/11732\/revisions"}],"predecessor-version":[{"id":15252,"href":"https:\/\/edimeinter.com\/libreria\/wp-json\/wp\/v2\/product\/11732\/revisions\/15252"}],"wp:featuredmedia":[{"embeddable":true,"href":"https:\/\/edimeinter.com\/libreria\/wp-json\/wp\/v2\/media\/11733"}],"wp:attachment":[{"href":"https:\/\/edimeinter.com\/libreria\/wp-json\/wp\/v2\/media?parent=11732"}],"wp:term":[{"taxonomy":"product_cat","embeddable":true,"href":"https:\/\/edimeinter.com\/libreria\/wp-json\/wp\/v2\/product_cat?post=11732"},{"taxonomy":"product_tag","embeddable":true,"href":"https:\/\/edimeinter.com\/libreria\/wp-json\/wp\/v2\/product_tag?post=11732"}],"curies":[{"name":"wp","href":"https:\/\/api.w.org\/{rel}","templated":true}]}}